{"id":760628,"date":"2025-08-28T09:11:20","date_gmt":"2025-08-28T06:11:20","guid":{"rendered":"https:\/\/roveyayinevi.com.tr\/index.php\/urun\/buz-ve-atesin-dunyasi-westerosun-ve-taht-oyunlarinin-bilinmeyen-hikayesi-ciltli\/"},"modified":"2025-10-22T10:07:38","modified_gmt":"2025-10-22T07:07:38","slug":"buz-ve-atesin-dunyasi-westerosun-ve-taht-oyunlarinin-bilinmeyen-hikayesi-ciltli","status":"publish","type":"product","link":"https:\/\/roveyayinevi.com.tr\/index.php\/urun\/buz-ve-atesin-dunyasi-westerosun-ve-taht-oyunlarinin-bilinmeyen-hikayesi-ciltli\/","title":{"rendered":"Buz ve Ate\u015fin D\u00fcnyas\u0131: Westeros\u2019un ve Taht Oyunlar\u0131\u2019n\u0131n Bilinmeyen Hikayesi (Ciltli)"},"content":{"rendered":"<p>E\u011fer ge\u00e7mi\u015f bir \u00f6ns\u00f6zse, George R. R. Martin&#8217;in yaratt\u0131\u011f\u0131 zaman\u0131m\u0131z\u0131n en yarat\u0131c\u0131 ve e\u011flenceli fantastik destan\u0131 muazzam bir takdimi hak ediyor. Sonunda&#8230; \u0130\u015fte Buz ve Ate\u015fin D\u00fcnyas\u0131!      170&#8217;ten fazla \u00f6zg\u00fcn renkli ill\u00fcstrasyonun yer ald\u0131\u011f\u0131 bu ihti\u015faml\u0131 eser, Buz ve Ate\u015f&#8217;in \u015eark\u0131s\u0131 serisinde ya\u015fanan olaylara yol a\u00e7an destans\u0131 sava\u015flar\u0131n, amans\u0131z m\u00fccadelelerin ve c\u00fcretk\u00e2r isyanlar\u0131n anlat\u0131ld\u0131\u011f\u0131, Yedi Krall\u0131k&#8217;\u0131n kapsaml\u0131 bir tarihidir. Y\u0131llar s\u00fcren \u00e7al\u0131\u015fman\u0131n sonunda Martin, \u00fcnl\u00fc fan sitesi westeros.org&#8217;un kurucular\u0131 ve belki de bu d\u00fcnyay\u0131 en az yarat\u0131c\u0131s\u0131 kadar iyi bilen tek insanlar Elio M. Garc\u00eda, Jr. ve Linda Antonsson ile bir araya geldi.       Bu eserde, \u00fcstatlar\u0131n ve septonlar\u0131n t\u00fcm birikimleri, ilmi, spek\u00fclasyonlar ve dilden dile aktar\u0131lan halk hik\u00e2yeleri bir araya getirilmi\u015ftir. \u015eafak \u00c7a\u011f\u0131&#8217;ndan Kahramanlar \u00c7a\u011f\u0131&#8217;na; \u0130lk \u0130nsanlar&#8217;\u0131n geli\u015finden Fatih Aegon&#8217;un d\u00fcnyaya geli\u015fine; Aegon&#8217;un Demir Taht&#8217;\u0131 kurmas\u0131ndan Robert&#8217;\u0131n \u0130syan\u0131&#8217;na ve Deli Kral II. Aerys Targaryen&#8217;in tahttan d\u00fc\u015f\u00fc\u015f\u00fcne kadar uzanan; Starklar, Lannisterlar, Baratheonlar ve Targaryenlerin bug\u00fcn s\u00fcrd\u00fcrd\u00fckleri m\u00fccadelelerin arkas\u0131ndaki tarih&#8230; George R. R. Martin&#8217;in g\u00f6z kama\u015ft\u0131r\u0131c\u0131 bir \u015fekilde kurgulad\u0131\u011f\u0131 evreninin tamamlay\u0131c\u0131 par\u00e7as\u0131 olan Buz ve Ate\u015f&#8217;in D\u00fcnyas\u0131, kalemin k\u0131l\u0131\u00e7tan \u00e7ok daha g\u00fc\u00e7l\u00fc oldu\u011funun g\u00f6zle g\u00f6r\u00fcl\u00fcr, elle tutulur bir kan\u0131t\u0131d\u0131r.<\/p>\n","protected":false},"excerpt":{"rendered":"<p>E\u011fer ge\u00e7mi\u015f bir \u00f6ns\u00f6zse, George R. R. Martin&#8217;in yaratt\u0131\u011f\u0131 zaman\u0131m\u0131z\u0131n en yarat\u0131c\u0131 ve e\u011flenceli fantastik destan\u0131 muazzam bir takdimi hak ediyor. Sonunda&#8230; \u0130\u015fte Buz ve Ate\u015fin<span class=\"excerpt-hellip\"> [\u2026]<\/span><\/p>\n","protected":false},"featured_media":0,"template":"","meta":{"_monsterinsights_skip_tracking":false,"_monsterinsights_sitenote_active":false,"_monsterinsights_sitenote_note":"","_monsterinsights_sitenote_category":0},"product_brand":[],"product_cat":[12291,14777],"product_tag":[],"class_list":{"0":"post-760628","1":"product","2":"type-product","3":"status-publish","5":"product_cat-edebiyat","6":"product_cat-fantastik","7":"pa_cilt-ciltli","8":"pa_tur-kitap","9":"pa_yayinevi-epsilon-yayinlari","10":"pa_yazar-george-r-r-martin-elio-m-garcia-jr-linda-antonsson","12":"first","13":"instock","14":"sale","15":"shipping-taxable","16":"purchasable","17":"product-type-simple"},"_links":{"self":[{"href":"https:\/\/roveyayinevi.com.tr\/index.php\/wp-json\/wp\/v2\/product\/760628","targetHints":{"allow":["GET"]}}],"collection":[{"href":"https:\/\/roveyayinevi.com.tr\/index.php\/wp-json\/wp\/v2\/product"}],"about":[{"href":"https:\/\/roveyayinevi.com.tr\/index.php\/wp-json\/wp\/v2\/types\/product"}],"wp:attachment":[{"href":"https:\/\/roveyayinevi.com.tr\/index.php\/wp-json\/wp\/v2\/media?parent=760628"}],"wp:term":[{"taxonomy":"product_brand","embeddable":true,"href":"https:\/\/roveyayinevi.com.tr\/index.php\/wp-json\/wp\/v2\/product_brand?post=760628"},{"taxonomy":"product_cat","embeddable":true,"href":"https:\/\/roveyayinevi.com.tr\/index.php\/wp-json\/wp\/v2\/product_cat?post=760628"},{"taxonomy":"product_tag","embeddable":true,"href":"https:\/\/roveyayinevi.com.tr\/index.php\/wp-json\/wp\/v2\/product_tag?post=760628"}],"curies":[{"name":"wp","href":"https:\/\/api.w.org\/{rel}","templated":true}]}}