{"id":760627,"date":"2025-08-28T09:11:18","date_gmt":"2025-08-28T06:11:18","guid":{"rendered":"https:\/\/roveyayinevi.com.tr\/index.php\/urun\/birinci\/"},"modified":"2026-01-30T03:52:38","modified_gmt":"2026-01-30T00:52:38","slug":"birinci","status":"publish","type":"product","link":"https:\/\/roveyayinevi.com.tr\/index.php\/urun\/birinci\/","title":{"rendered":"Bir\u0130nci"},"content":{"rendered":"<p>Bu \u00e7\u0131kt\u0131\u011f\u0131n yolculukta bir inciye d\u00f6n\u00fc\u015fmenin yan\u0131nda yepyeni d\u00fcnyalar ke\u015ffetmenin heyecan\u0131 bamba\u015fka olacakt\u0131r. Ke\u015ffedeceklerin belki bir ku\u015fun kanad\u0131nda, belki orman\u0131n derinliklerinde ya da galaksinin en sonsuz noktas\u0131nda seni bekliyor olacak. <\/p>\n","protected":false},"excerpt":{"rendered":"<p>Bu \u00e7\u0131kt\u0131\u011f\u0131n yolculukta bir inciye d\u00f6n\u00fc\u015fmenin yan\u0131nda yepyeni d\u00fcnyalar ke\u015ffetmenin heyecan\u0131 bamba\u015fka olacakt\u0131r. Ke\u015ffedeceklerin belki bir ku\u015fun kanad\u0131nda, belki orman\u0131n derinliklerinde ya da galaksinin en sonsuz<span class=\"excerpt-hellip\"> [\u2026]<\/span><\/p>\n","protected":false},"featured_media":0,"template":"","meta":{"_monsterinsights_skip_tracking":false,"_monsterinsights_sitenote_active":false,"_monsterinsights_sitenote_note":"","_monsterinsights_sitenote_category":0},"product_brand":[],"product_cat":[12274,12284],"product_tag":[],"class_list":{"0":"post-760627","1":"product","2":"type-product","3":"status-publish","5":"product_cat-cocuk-ve-genclik-kitaplari","6":"product_cat-hikayeler","7":"pa_cilt-ciltsiz","8":"pa_tur-kitap","9":"pa_yayinevi-vova-yayinlari","10":"pa_yazar-seyda-yurul-seda-kuzu","12":"first","13":"instock","14":"sale","15":"shipping-taxable","16":"purchasable","17":"product-type-simple"},"_links":{"self":[{"href":"https:\/\/roveyayinevi.com.tr\/index.php\/wp-json\/wp\/v2\/product\/760627","targetHints":{"allow":["GET"]}}],"collection":[{"href":"https:\/\/roveyayinevi.com.tr\/index.php\/wp-json\/wp\/v2\/product"}],"about":[{"href":"https:\/\/roveyayinevi.com.tr\/index.php\/wp-json\/wp\/v2\/types\/product"}],"wp:attachment":[{"href":"https:\/\/roveyayinevi.com.tr\/index.php\/wp-json\/wp\/v2\/media?parent=760627"}],"wp:term":[{"taxonomy":"product_brand","embeddable":true,"href":"https:\/\/roveyayinevi.com.tr\/index.php\/wp-json\/wp\/v2\/product_brand?post=760627"},{"taxonomy":"product_cat","embeddable":true,"href":"https:\/\/roveyayinevi.com.tr\/index.php\/wp-json\/wp\/v2\/product_cat?post=760627"},{"taxonomy":"product_tag","embeddable":true,"href":"https:\/\/roveyayinevi.com.tr\/index.php\/wp-json\/wp\/v2\/product_tag?post=760627"}],"curies":[{"name":"wp","href":"https:\/\/api.w.org\/{rel}","templated":true}]}}