{"id":760626,"date":"2025-08-28T09:11:16","date_gmt":"2025-08-28T06:11:16","guid":{"rendered":"https:\/\/roveyayinevi.com.tr\/index.php\/urun\/clandestine-adasi\/"},"modified":"2026-01-30T03:52:38","modified_gmt":"2026-01-30T00:52:38","slug":"clandestine-adasi","status":"publish","type":"product","link":"https:\/\/roveyayinevi.com.tr\/index.php\/urun\/clandestine-adasi\/","title":{"rendered":"Clandestine Adas\u0131"},"content":{"rendered":"<p>Geceyi burada ge\u00e7irme konusunda tedirgin olsak da \u015fimdilik ba\u015fka \u00e7aremiz yoktu.  Umudumuz yava\u015f yava\u015f t\u00fckenmeye ba\u015fl\u0131yordu. Kurtulmak i\u00e7in her yolu denemi\u015ftik! Sahi, onlar neredeydi? Bizi burada da bulurlar m\u0131yd\u0131? Buna daha ne kadar dayanabilirdik? Her \u015feyin sonunun geldi\u011fini d\u00fc\u015f\u00fcnd\u00fc\u011f\u00fcm\u00fczde o ba\u015fka bir \u015feyin ba\u015flang\u0131c\u0131 demekti. Pes etmeyecektik! <\/p>\n","protected":false},"excerpt":{"rendered":"<p>Geceyi burada ge\u00e7irme konusunda tedirgin olsak da \u015fimdilik ba\u015fka \u00e7aremiz yoktu. Umudumuz yava\u015f yava\u015f t\u00fckenmeye ba\u015fl\u0131yordu. Kurtulmak i\u00e7in her yolu denemi\u015ftik! Sahi, onlar neredeydi? Bizi burada<span class=\"excerpt-hellip\"> [\u2026]<\/span><\/p>\n","protected":false},"featured_media":0,"template":"","meta":{"_monsterinsights_skip_tracking":false,"_monsterinsights_sitenote_active":false,"_monsterinsights_sitenote_note":"","_monsterinsights_sitenote_category":0},"product_brand":[],"product_cat":[12291,12711],"product_tag":[],"class_list":{"0":"post-760626","1":"product","2":"type-product","3":"status-publish","5":"product_cat-edebiyat","6":"product_cat-roman-oyku","7":"pa_cilt-ciltsiz","8":"pa_tur-kitap","9":"pa_yayinevi-vova-yayinlari","10":"pa_yazar-melih-cetin","12":"first","13":"instock","14":"sale","15":"shipping-taxable","16":"purchasable","17":"product-type-simple"},"_links":{"self":[{"href":"https:\/\/roveyayinevi.com.tr\/index.php\/wp-json\/wp\/v2\/product\/760626","targetHints":{"allow":["GET"]}}],"collection":[{"href":"https:\/\/roveyayinevi.com.tr\/index.php\/wp-json\/wp\/v2\/product"}],"about":[{"href":"https:\/\/roveyayinevi.com.tr\/index.php\/wp-json\/wp\/v2\/types\/product"}],"wp:attachment":[{"href":"https:\/\/roveyayinevi.com.tr\/index.php\/wp-json\/wp\/v2\/media?parent=760626"}],"wp:term":[{"taxonomy":"product_brand","embeddable":true,"href":"https:\/\/roveyayinevi.com.tr\/index.php\/wp-json\/wp\/v2\/product_brand?post=760626"},{"taxonomy":"product_cat","embeddable":true,"href":"https:\/\/roveyayinevi.com.tr\/index.php\/wp-json\/wp\/v2\/product_cat?post=760626"},{"taxonomy":"product_tag","embeddable":true,"href":"https:\/\/roveyayinevi.com.tr\/index.php\/wp-json\/wp\/v2\/product_tag?post=760626"}],"curies":[{"name":"wp","href":"https:\/\/api.w.org\/{rel}","templated":true}]}}