{"id":760625,"date":"2025-08-28T09:11:14","date_gmt":"2025-08-28T06:11:14","guid":{"rendered":"https:\/\/roveyayinevi.com.tr\/index.php\/urun\/ihtida-ve-fetih-iv-mehmet-doneminde-osmanli-avrupasinda\/"},"modified":"2026-04-16T03:13:30","modified_gmt":"2026-04-16T00:13:30","slug":"ihtida-ve-fetih-iv-mehmet-doneminde-osmanli-avrupasinda","status":"publish","type":"product","link":"https:\/\/roveyayinevi.com.tr\/index.php\/urun\/ihtida-ve-fetih-iv-mehmet-doneminde-osmanli-avrupasinda\/","title":{"rendered":"\u0130htida ve Fetih -IV. Mehmet D\u00f6neminde Osmanl\u0131 Avrupa\u2019s\u0131nda"},"content":{"rendered":"<p>\u0130htida ve Fetih, Osmanl\u0131 \u0130slamla\u015fmas\u0131n\u0131 din de\u011fi\u015ftirenlerin g\u00fcd\u00fcleri a\u00e7\u0131s\u0131ndan a\u00e7\u0131klamak yerine, din de\u011fi\u015ftirmenin faillerine, yani Osmanl\u0131 sultan\u0131n\u0131n bizzat kendisine odaklan\u0131yor. IV. Mehmed (1648-87), etkisiz y\u00f6netimiyle Viyana ku\u015fatmas\u0131n\u0131n felaketle sonu\u00e7lanmas\u0131na neden olan so\u011fuk bir h\u00fck\u00fcmdar olarak hat\u0131rlan\u0131r. Baer, daha \u00f6nce incelenmemi\u015f Osmanl\u0131 ar\u015fiv ve edeb\u00ee metinlerinin b\u00fct\u00fcnc\u00fcl bir okumas\u0131n\u0131 yaparak, \u0131v. Mehmed&#8217;in bir h\u00fck\u00fcmdar olarak ba\u015far\u0131s\u0131zl\u0131klar\u0131n\u0131, sultan\u0131n \u0130slam\u0131 yayma konusundaki gayretinin alt\u0131n\u0131 \u00e7izerek yeniden inceliyor. &#8220;Baer&#8217;in Osmanl\u0131 vakayinamelerini yenilik\u00e7i bir \u015fekilde okumas\u0131 ve din de\u011fi\u015ftirmenin kendi dini i\u00e7indeki n\u00fcanslar\u0131na odaklanmas\u0131, bu metni paha bi\u00e7ilmez bir hale getiriyor.&#8221; \u2013Ethel Wolper, New Hampshire \u00dcniversitesi &#8220;Marc Baer din de\u011fi\u015ftirmenin, \u00f6zellikle de Osmanl\u0131 d\u00f6neminde \u0130slama ge\u00e7i\u015fin yenilik\u00e7i bir yorumunu sunuyor. Bu \u00f6zg\u00fcn \u00e7al\u0131\u015fma sadece Osmanl\u0131 uzmanlar\u0131n\u0131n de\u011fil, \u0130slam ve din de\u011fi\u015ftirmeyle ilgilenenlerin de b\u00fcy\u00fck ilgisini \u00e7ekecektir.&#8221; \u2013R.M.Eaton, Arizona \u00dcniversitesi <\/p>\n","protected":false},"excerpt":{"rendered":"<p>\u0130htida ve Fetih, Osmanl\u0131 \u0130slamla\u015fmas\u0131n\u0131 din de\u011fi\u015ftirenlerin g\u00fcd\u00fcleri a\u00e7\u0131s\u0131ndan a\u00e7\u0131klamak yerine, din de\u011fi\u015ftirmenin faillerine, yani Osmanl\u0131 sultan\u0131n\u0131n bizzat kendisine odaklan\u0131yor. IV. Mehmed (1648-87), etkisiz y\u00f6netimiyle Viyana<span class=\"excerpt-hellip\"> [\u2026]<\/span><\/p>\n","protected":false},"featured_media":0,"template":"","meta":{"_monsterinsights_skip_tracking":false,"_monsterinsights_sitenote_active":false,"_monsterinsights_sitenote_note":"","_monsterinsights_sitenote_category":0},"product_brand":[],"product_cat":[12304],"product_tag":[],"class_list":{"0":"post-760625","1":"product","2":"type-product","3":"status-publish","5":"product_cat-tarih","6":"pa_cilt-ciltsiz","7":"pa_tur-kitap","8":"pa_yayinevi-alfa-yayinlari","9":"pa_yazar-marc-david-baer","11":"first","12":"instock","13":"sale","14":"shipping-taxable","15":"purchasable","16":"product-type-simple"},"_links":{"self":[{"href":"https:\/\/roveyayinevi.com.tr\/index.php\/wp-json\/wp\/v2\/product\/760625","targetHints":{"allow":["GET"]}}],"collection":[{"href":"https:\/\/roveyayinevi.com.tr\/index.php\/wp-json\/wp\/v2\/product"}],"about":[{"href":"https:\/\/roveyayinevi.com.tr\/index.php\/wp-json\/wp\/v2\/types\/product"}],"wp:attachment":[{"href":"https:\/\/roveyayinevi.com.tr\/index.php\/wp-json\/wp\/v2\/media?parent=760625"}],"wp:term":[{"taxonomy":"product_brand","embeddable":true,"href":"https:\/\/roveyayinevi.com.tr\/index.php\/wp-json\/wp\/v2\/product_brand?post=760625"},{"taxonomy":"product_cat","embeddable":true,"href":"https:\/\/roveyayinevi.com.tr\/index.php\/wp-json\/wp\/v2\/product_cat?post=760625"},{"taxonomy":"product_tag","embeddable":true,"href":"https:\/\/roveyayinevi.com.tr\/index.php\/wp-json\/wp\/v2\/product_tag?post=760625"}],"curies":[{"name":"wp","href":"https:\/\/api.w.org\/{rel}","templated":true}]}}