{"id":760623,"date":"2025-08-28T09:11:10","date_gmt":"2025-08-28T06:11:10","guid":{"rendered":"https:\/\/roveyayinevi.com.tr\/index.php\/urun\/her-seyi-gordum\/"},"modified":"2026-04-16T03:13:30","modified_gmt":"2026-04-16T00:13:30","slug":"her-seyi-gordum","status":"publish","type":"product","link":"https:\/\/roveyayinevi.com.tr\/index.php\/urun\/her-seyi-gordum\/","title":{"rendered":"Her \u015eeyi G\u00f6rd\u00fcm"},"content":{"rendered":"<p>Sessiz bir tan\u0131k, su\u00e7 orta\u011f\u0131 m\u0131d\u0131r?\u00c7a\u011fda\u015f edebiyat\u0131m\u0131z\u0131n \u00f6d\u00fcll\u00fc yazarlar\u0131ndan Irmak Zileli, beklenmedik bir kayb\u0131n ard\u0131ndan alt\u00fcst olan lisede gizemli bir tan\u0131kl\u0131\u011f\u0131 hik\u00e2ye ediyor. S\u00fcr\u00fckleyici \u00fcslubu, heyecan dolu ayr\u0131nt\u0131lar\u0131yla ger\u00e7e\u011fin pe\u015fine d\u00fc\u015f\u00fcyor. \u0130lkgen\u00e7li\u011fin \u00e7arp\u0131c\u0131 ke\u015fifleri ve y\u00fczle\u015fmeleriyle derinle\u015fen roman, vicdan ve masumiyet \u00fczerine d\u00fc\u015f\u00fcnd\u00fcr\u00fcrken, insanl\u0131k kadar eski bir sorunun cevab\u0131n\u0131 ar\u0131yor: Sessizce tan\u0131kl\u0131k etmek, su\u00e7a ortak olmak m\u0131d\u0131r?<\/p>\n","protected":false},"excerpt":{"rendered":"<p>Sessiz bir tan\u0131k, su\u00e7 orta\u011f\u0131 m\u0131d\u0131r?\u00c7a\u011fda\u015f edebiyat\u0131m\u0131z\u0131n \u00f6d\u00fcll\u00fc yazarlar\u0131ndan Irmak Zileli, beklenmedik bir kayb\u0131n ard\u0131ndan alt\u00fcst olan lisede gizemli bir tan\u0131kl\u0131\u011f\u0131 hik\u00e2ye ediyor. S\u00fcr\u00fckleyici \u00fcslubu, heyecan<span class=\"excerpt-hellip\"> [\u2026]<\/span><\/p>\n","protected":false},"featured_media":0,"template":"","meta":{"_monsterinsights_skip_tracking":false,"_monsterinsights_sitenote_active":false,"_monsterinsights_sitenote_note":"","_monsterinsights_sitenote_category":0},"product_brand":[],"product_cat":[12291,12711],"product_tag":[],"class_list":{"0":"post-760623","1":"product","2":"type-product","3":"status-publish","5":"product_cat-edebiyat","6":"product_cat-roman-oyku","7":"pa_cilt-ciltsiz","8":"pa_tur-kitap","9":"pa_yayinevi-gunisigi-kitapligi","10":"pa_yazar-irmak-zileli","12":"first","13":"instock","14":"sale","15":"shipping-taxable","16":"purchasable","17":"product-type-simple"},"_links":{"self":[{"href":"https:\/\/roveyayinevi.com.tr\/index.php\/wp-json\/wp\/v2\/product\/760623","targetHints":{"allow":["GET"]}}],"collection":[{"href":"https:\/\/roveyayinevi.com.tr\/index.php\/wp-json\/wp\/v2\/product"}],"about":[{"href":"https:\/\/roveyayinevi.com.tr\/index.php\/wp-json\/wp\/v2\/types\/product"}],"wp:attachment":[{"href":"https:\/\/roveyayinevi.com.tr\/index.php\/wp-json\/wp\/v2\/media?parent=760623"}],"wp:term":[{"taxonomy":"product_brand","embeddable":true,"href":"https:\/\/roveyayinevi.com.tr\/index.php\/wp-json\/wp\/v2\/product_brand?post=760623"},{"taxonomy":"product_cat","embeddable":true,"href":"https:\/\/roveyayinevi.com.tr\/index.php\/wp-json\/wp\/v2\/product_cat?post=760623"},{"taxonomy":"product_tag","embeddable":true,"href":"https:\/\/roveyayinevi.com.tr\/index.php\/wp-json\/wp\/v2\/product_tag?post=760623"}],"curies":[{"name":"wp","href":"https:\/\/api.w.org\/{rel}","templated":true}]}}