{"id":760622,"date":"2025-08-28T09:11:09","date_gmt":"2025-08-28T06:11:09","guid":{"rendered":"https:\/\/roveyayinevi.com.tr\/index.php\/urun\/kufrun-kisa-tarihi\/"},"modified":"2026-04-16T03:13:30","modified_gmt":"2026-04-16T00:13:30","slug":"kufrun-kisa-tarihi","status":"publish","type":"product","link":"https:\/\/roveyayinevi.com.tr\/index.php\/urun\/kufrun-kisa-tarihi\/","title":{"rendered":"K\u00fcfr\u00fcn K\u0131sa Tarihi"},"content":{"rendered":"<p>Tarih boyunca kutsal de\u011ferlere hakaret veya daha iyi bilinen ad\u0131yla k\u00fcf\u00fcr, en b\u00fcy\u00fck g\u00fcnahlardan ve su\u00e7lardan biri say\u0131lageldi. Eski Yunanistan\u2019da filozof Sokrates tanr\u0131lar\u0131 a\u015fa\u011f\u0131lad\u0131\u011f\u0131, gen\u00e7leri do\u011fru yoldan sapt\u0131rd\u0131\u011f\u0131 gerek\u00e7esiyle idama mahk\u00fbm edildi. Orta\u00e7a\u011fda yerle\u015fik H\u0131ristiyanl\u0131k gelene\u011fi say\u0131s\u0131z tarikat\u0131 sapk\u0131n ilan etti, Engizisyon k\u00fcf\u00fcr su\u00e7lamas\u0131yla insanlar\u0131 cezaland\u0131rd\u0131. Reform Avrupas\u0131\u2019nda mezhep sava\u015flar\u0131 kar\u015f\u0131l\u0131kl\u0131 k\u00fcf\u00fcr su\u00e7lamalar\u0131yla alevlendi. G\u00fcn\u00fcm\u00fczde ise bu konuda ya\u015fanan tart\u0131\u015fmalar uzun ve zorlu bir s\u00fcre\u00e7te kazan\u0131lm\u0131\u015f ifade \u00f6zg\u00fcrl\u00fc\u011f\u00fcn\u00fcn nerede ba\u015flay\u0131p nerede bitti\u011fi ve modern d\u00fcnyada b\u00f6yle bir su\u00e7laman\u0131n yerinin olup olmad\u0131\u011f\u0131 etraf\u0131nda geli\u015fiyor. Bu kitapta David Nash, Bat\u0131\u2019da uygarl\u0131\u011f\u0131n \u015fafa\u011f\u0131ndan bu yana k\u00fcf\u00fcr eylemlerinin ve k\u00fcfre kar\u015f\u0131 verilen m\u00fccadelenin kolay anla\u015f\u0131l\u0131r bir tarihini ortaya koyuyor. D\u00fcnyan\u0131n d\u00f6rt bir yan\u0131ndan zengin ve \u00e7arp\u0131c\u0131 \u00f6rneklerle k\u00fcf\u00fcr su\u00e7lamas\u0131n\u0131n toplumlar\u0131 d\u00fczene sokmak, asayi\u015fi sa\u011flamak i\u00e7in nas\u0131l kulland\u0131\u011f\u0131n\u0131n, modern devletin ortaya \u00e7\u0131k\u0131\u015f\u0131yla yabanc\u0131y\u0131 yerliden ay\u0131rmak i\u00e7in kullan\u0131lan bir araca d\u00f6n\u00fc\u015ft\u00fc\u011f\u00fcn\u00fcn ve nas\u0131l modern hukuk sistemlerinin par\u00e7as\u0131 h\u00e2line geldi\u011finin izini s\u00fcr\u00fcyor. Ayd\u0131nlanma idealleriyle bireyin d\u00fc\u015f\u00fcnce ve ifade \u00f6zg\u00fcrl\u00fc\u011f\u00fcne a\u00e7\u0131lan alan\u0131n \u00e7a\u011fda\u015f d\u00fcnyada k\u00fcf\u00fcr yasalar\u0131n\u0131n yerini nefret su\u00e7u yasalar\u0131na b\u0131rakmas\u0131yla yeniden tehdit alt\u0131na girdi\u011fini, inanc\u0131n kimlik unsuru h\u00e2line gelmesiyle eski defterlerin nas\u0131l yeni bir k\u0131l\u0131kta a\u00e7\u0131labildi\u011fini ve gerilimin neden yeniden artt\u0131\u011f\u0131n\u0131 g\u00f6steriyor.<\/p>\n","protected":false},"excerpt":{"rendered":"<p>Tarih boyunca kutsal de\u011ferlere hakaret veya daha iyi bilinen ad\u0131yla k\u00fcf\u00fcr, en b\u00fcy\u00fck g\u00fcnahlardan ve su\u00e7lardan biri say\u0131lageldi. Eski Yunanistan\u2019da filozof Sokrates tanr\u0131lar\u0131 a\u015fa\u011f\u0131lad\u0131\u011f\u0131, gen\u00e7leri do\u011fru<span class=\"excerpt-hellip\"> [\u2026]<\/span><\/p>\n","protected":false},"featured_media":0,"template":"","meta":{"_monsterinsights_skip_tracking":false,"_monsterinsights_sitenote_active":false,"_monsterinsights_sitenote_note":"","_monsterinsights_sitenote_category":0},"product_brand":[],"product_cat":[12304],"product_tag":[],"class_list":{"0":"post-760622","1":"product","2":"type-product","3":"status-publish","5":"product_cat-tarih","6":"pa_cilt-ciltsiz","7":"pa_tur-kitap","8":"pa_yayinevi-fol-kitap","9":"pa_yazar-david-nash","11":"first","12":"instock","13":"sale","14":"shipping-taxable","15":"purchasable","16":"product-type-simple"},"_links":{"self":[{"href":"https:\/\/roveyayinevi.com.tr\/index.php\/wp-json\/wp\/v2\/product\/760622","targetHints":{"allow":["GET"]}}],"collection":[{"href":"https:\/\/roveyayinevi.com.tr\/index.php\/wp-json\/wp\/v2\/product"}],"about":[{"href":"https:\/\/roveyayinevi.com.tr\/index.php\/wp-json\/wp\/v2\/types\/product"}],"wp:attachment":[{"href":"https:\/\/roveyayinevi.com.tr\/index.php\/wp-json\/wp\/v2\/media?parent=760622"}],"wp:term":[{"taxonomy":"product_brand","embeddable":true,"href":"https:\/\/roveyayinevi.com.tr\/index.php\/wp-json\/wp\/v2\/product_brand?post=760622"},{"taxonomy":"product_cat","embeddable":true,"href":"https:\/\/roveyayinevi.com.tr\/index.php\/wp-json\/wp\/v2\/product_cat?post=760622"},{"taxonomy":"product_tag","embeddable":true,"href":"https:\/\/roveyayinevi.com.tr\/index.php\/wp-json\/wp\/v2\/product_tag?post=760622"}],"curies":[{"name":"wp","href":"https:\/\/api.w.org\/{rel}","templated":true}]}}