{"id":760621,"date":"2025-08-28T09:11:08","date_gmt":"2025-08-28T06:11:08","guid":{"rendered":"https:\/\/roveyayinevi.com.tr\/index.php\/urun\/allah-ugruna-savas-avrupanin-sosyoekonomik-evriminde-osmanlinin-rolu\/"},"modified":"2026-04-16T03:13:29","modified_gmt":"2026-04-16T00:13:29","slug":"allah-ugruna-savas-avrupanin-sosyoekonomik-evriminde-osmanlinin-rolu","status":"publish","type":"product","link":"https:\/\/roveyayinevi.com.tr\/index.php\/urun\/allah-ugruna-savas-avrupanin-sosyoekonomik-evriminde-osmanlinin-rolu\/","title":{"rendered":"Allah U\u011fruna Sava\u015f &#8211; Avrupa\u2019n\u0131n Sosyoekonomik Evriminde Osmanl\u0131\u2019n\u0131n Rol\u00fc"},"content":{"rendered":"<p>Murat \u0130yig\u00fcn geni\u015f bir tarih yelpazesinde din, ekonomik b\u00fcy\u00fcme ve \u00e7at\u0131\u015fmalar aras\u0131ndaki ba\u011flant\u0131lar \u00fczerine b\u00fcy\u00fcleyici ve ayr\u0131nt\u0131larla zenginle\u015fmi\u015f bir kitap kaleme ald\u0131. Allah U\u011fruna Sava\u015f, Bar\u0131\u015f ve Refah, tarih, ekonomi politik, din\u00ee \u00e7at\u0131\u015fmalar da d\u00e2hil olmak \u00fczere \u00e7e\u015fitli alanlardaki ara\u015ft\u0131rmac\u0131lar\u0131n ilgisini \u00e7ekmesinin yan\u0131 s\u0131ra bug\u00fcn\u00fcn kalk\u0131nma d\u00fczeylerinde g\u00f6r\u00fclen farkl\u0131l\u0131klar\u0131n tarihsel k\u00f6kenleriyle ilgilenen daha geni\u015f bir kamuoyunun da ilgisini \u00e7ekecektir.\u201d  Jacob N. Shapiro, Princeton \u00dcniversitesi   \u201c\u0130nsanl\u0131k tarihine ili\u015fkin \u00f6nde gelen teorilere meydan okuyan bu b\u00fcy\u00fcleyici kitap, d\u00fcnyan\u0131n monoteist dinleri aras\u0131ndaki rekabetin, i\u00e7lerindeki rekabetten \u00e7ok daha g\u00fc\u00e7l\u00fc bir geli\u015fmi\u015flik d\u00fczeyinin itici g\u00fcc\u00fc oldu\u011funu g\u00f6steriyor. \u0130kna edici bir \u015fekilde tart\u0131\u015fan, ferasetli ve ba\u015ftan sonra keyifli olan bu kitap, \u0130slam ile H\u0131ristiyanl\u0131k aras\u0131ndaki m\u00fccadelelerin M\u00fcsl\u00fcmanlar\u0131n h\u00e2kimiyetindeki topraklar\u0131n yan\u0131 s\u0131ra Avrupa\u2019da da \u00e7ok \u00f6nemli d\u00f6n\u00fc\u015f\u00fcmlere yol a\u00e7t\u0131\u011f\u0131n\u0131 g\u00f6steriyor.\u201d Timur Kuran, Duke \u00dcniversitesi   \u00dc\u00e7 b\u00fcy\u00fck dinin aras\u0131ndaki farkl\u0131l\u0131klar \u00f6l\u00fcmc\u00fcl \u00e7at\u0131\u015fmalara sebep oldu, olmaya da devam ediyor. Fakat dinler aras\u0131ndaki farkl\u0131l\u0131klar ve \u00e7at\u0131\u015fmalar nas\u0131l bu denli siyasetin konusu olmaya ba\u015flad\u0131? Dahas\u0131, bu \u00e7at\u0131\u015fmalar toplumlar\u0131n geli\u015fimlerini nas\u0131l etkiledi? Yahudilik, \u0130slam ve H\u0131ristiyanl\u0131k\u2019\u0131n di\u011fer dinlere nazaran uzun \u00f6m\u00fcrl\u00fc olmas\u0131n\u0131n nedenlerinin ve bu dinlerin sosyopolitik avantajlar\u0131n\u0131n izlerini s\u00fcren Murat \u0130yig\u00fcn, farkl\u0131lar\u0131n \u00fc\u00e7 b\u00fcy\u00fck din aras\u0131nda \u00e7at\u0131\u015fmadan ziyade ba\u011fl\u0131l\u0131k olu\u015fturdu\u011funu ileri s\u00fcr\u00fcyor. T\u00fcm bu konular\u0131 ele al\u0131rken Avrupa ve Ortado\u011fu\u2019nun toplumsal yap\u0131lar\u0131n\u0131 analiz ederek bug\u00fcnk\u00fc siyasete de perspektif sunuyor. <\/p>\n","protected":false},"excerpt":{"rendered":"<p>Murat \u0130yig\u00fcn geni\u015f bir tarih yelpazesinde din, ekonomik b\u00fcy\u00fcme ve \u00e7at\u0131\u015fmalar aras\u0131ndaki ba\u011flant\u0131lar \u00fczerine b\u00fcy\u00fcleyici ve ayr\u0131nt\u0131larla zenginle\u015fmi\u015f bir kitap kaleme ald\u0131. Allah U\u011fruna Sava\u015f, Bar\u0131\u015f<span class=\"excerpt-hellip\"> [\u2026]<\/span><\/p>\n","protected":false},"featured_media":0,"template":"","meta":{"_monsterinsights_skip_tracking":false,"_monsterinsights_sitenote_active":false,"_monsterinsights_sitenote_note":"","_monsterinsights_sitenote_category":0},"product_brand":[],"product_cat":[12304],"product_tag":[],"class_list":{"0":"post-760621","1":"product","2":"type-product","3":"status-publish","5":"product_cat-tarih","6":"pa_cilt-ciltsiz","7":"pa_tur-kitap","8":"pa_yayinevi-fol-kitap","9":"pa_yazar-murat-iyigun","11":"first","12":"instock","13":"sale","14":"shipping-taxable","15":"purchasable","16":"product-type-simple"},"_links":{"self":[{"href":"https:\/\/roveyayinevi.com.tr\/index.php\/wp-json\/wp\/v2\/product\/760621","targetHints":{"allow":["GET"]}}],"collection":[{"href":"https:\/\/roveyayinevi.com.tr\/index.php\/wp-json\/wp\/v2\/product"}],"about":[{"href":"https:\/\/roveyayinevi.com.tr\/index.php\/wp-json\/wp\/v2\/types\/product"}],"wp:attachment":[{"href":"https:\/\/roveyayinevi.com.tr\/index.php\/wp-json\/wp\/v2\/media?parent=760621"}],"wp:term":[{"taxonomy":"product_brand","embeddable":true,"href":"https:\/\/roveyayinevi.com.tr\/index.php\/wp-json\/wp\/v2\/product_brand?post=760621"},{"taxonomy":"product_cat","embeddable":true,"href":"https:\/\/roveyayinevi.com.tr\/index.php\/wp-json\/wp\/v2\/product_cat?post=760621"},{"taxonomy":"product_tag","embeddable":true,"href":"https:\/\/roveyayinevi.com.tr\/index.php\/wp-json\/wp\/v2\/product_tag?post=760621"}],"curies":[{"name":"wp","href":"https:\/\/api.w.org\/{rel}","templated":true}]}}