{"id":760620,"date":"2025-08-28T09:11:05","date_gmt":"2025-08-28T06:11:05","guid":{"rendered":"https:\/\/roveyayinevi.com.tr\/index.php\/urun\/geciken-sabahlar\/"},"modified":"2026-04-16T03:13:29","modified_gmt":"2026-04-16T00:13:29","slug":"geciken-sabahlar","status":"publish","type":"product","link":"https:\/\/roveyayinevi.com.tr\/index.php\/urun\/geciken-sabahlar\/","title":{"rendered":"Geciken Sabahlar"},"content":{"rendered":"<p>Deniz ve Selen, umudunu her ne olursa olsun koruyan iki kad\u0131n. Sabahlar onlar i\u00e7in gecikse de her do\u011fan g\u00fcn\u00fcn pe\u015finden ko\u015fmay\u0131 bilen kad\u0131nlar.   Hayat; etraf\u0131 \u00e7evrilmi\u015f ta\u015f y\u0131\u011f\u0131n\u0131. Denizin mavisinden, kokusundan uzak\u2026 Parmak u\u00e7lar\u0131ma bas\u0131yorum y\u00fckselmek i\u00e7in, y\u00fckselip ta\u015f y\u0131\u011f\u0131nlar\u0131ndan \u00f6tesini g\u00f6rebilmek i\u00e7in. Bir deniz ar\u0131yorum \u00f6telerde, var, biliyorum. Ama bu aralar parmak u\u00e7lar\u0131m \u00e7ok a\u011fr\u0131yor.   Gidenler, de\u011fi\u015fenler ve geli\u015fenler&#8230;   Geride kalanlar hep ayn\u0131 kalanlara.<\/p>\n","protected":false},"excerpt":{"rendered":"<p>Deniz ve Selen, umudunu her ne olursa olsun koruyan iki kad\u0131n. Sabahlar onlar i\u00e7in gecikse de her do\u011fan g\u00fcn\u00fcn pe\u015finden ko\u015fmay\u0131 bilen kad\u0131nlar. Hayat; etraf\u0131 \u00e7evrilmi\u015f<span class=\"excerpt-hellip\"> [\u2026]<\/span><\/p>\n","protected":false},"featured_media":0,"template":"","meta":{"_monsterinsights_skip_tracking":false,"_monsterinsights_sitenote_active":false,"_monsterinsights_sitenote_note":"","_monsterinsights_sitenote_category":0},"product_brand":[],"product_cat":[12291,12711],"product_tag":[],"class_list":{"0":"post-760620","1":"product","2":"type-product","3":"status-publish","5":"product_cat-edebiyat","6":"product_cat-roman-oyku","7":"pa_cilt-ciltsiz","8":"pa_tur-kitap","9":"pa_yayinevi-elpis-yayinlari","10":"pa_yazar-filiz-mavlay","12":"first","13":"instock","14":"sale","15":"shipping-taxable","16":"purchasable","17":"product-type-simple"},"_links":{"self":[{"href":"https:\/\/roveyayinevi.com.tr\/index.php\/wp-json\/wp\/v2\/product\/760620","targetHints":{"allow":["GET"]}}],"collection":[{"href":"https:\/\/roveyayinevi.com.tr\/index.php\/wp-json\/wp\/v2\/product"}],"about":[{"href":"https:\/\/roveyayinevi.com.tr\/index.php\/wp-json\/wp\/v2\/types\/product"}],"wp:attachment":[{"href":"https:\/\/roveyayinevi.com.tr\/index.php\/wp-json\/wp\/v2\/media?parent=760620"}],"wp:term":[{"taxonomy":"product_brand","embeddable":true,"href":"https:\/\/roveyayinevi.com.tr\/index.php\/wp-json\/wp\/v2\/product_brand?post=760620"},{"taxonomy":"product_cat","embeddable":true,"href":"https:\/\/roveyayinevi.com.tr\/index.php\/wp-json\/wp\/v2\/product_cat?post=760620"},{"taxonomy":"product_tag","embeddable":true,"href":"https:\/\/roveyayinevi.com.tr\/index.php\/wp-json\/wp\/v2\/product_tag?post=760620"}],"curies":[{"name":"wp","href":"https:\/\/api.w.org\/{rel}","templated":true}]}}