{"id":760612,"date":"2025-08-28T09:10:50","date_gmt":"2025-08-28T06:10:50","guid":{"rendered":"https:\/\/roveyayinevi.com.tr\/index.php\/urun\/dorian-grayin-portresi-15\/"},"modified":"2026-04-12T03:17:27","modified_gmt":"2026-04-12T00:17:27","slug":"dorian-grayin-portresi-15","status":"publish","type":"product","link":"https:\/\/roveyayinevi.com.tr\/index.php\/urun\/dorian-grayin-portresi-15\/","title":{"rendered":"Dorian Gray&#8217;in Portresi"},"content":{"rendered":"<p>Lord Henry, Dorian Gray ve Basil Halward\u2026 \u00dc\u00e7 ki\u015fi ve her birinin bilin\u00e7alt\u0131nda dola\u015fan arzular, aray\u0131\u015flar. \u0130nsan ge\u00e7mi\u015ften bug\u00fcne s\u00fcrekli sal\u0131n\u0131r dibi bulunmaz istekleri aras\u0131nda. Eski Yunan ve Roma dahil \u015fimdiki d\u00fcnyada birden gezebilir insan zihni. Kad\u0131nl\u0131k ve erkeklik hallerinde gezinir durmadan.   K\u00f6t\u00fcl\u00fck ve iyilik kavram\u0131n\u0131 esteti\u011fin mermerinde yontar. G\u00fczelli\u011fi ve onun u\u00e7urumlara a\u00e7\u0131lan e\u015fiklerini ayd\u0131nlatmaya koyulur. Oscar Wilde, b\u00fct\u00fcn cesaretiyle insan\u0131n \u00fczerine gider Dorian Gray\u2019in Portresi\u2019nde. Kendi suretine duyulan tutkuyu \u00f6l\u00fcms\u00fcz bir roman olarak gelece\u011fe emanet b\u0131rak\u0131r. Her insanda Dorian Gray\u2019e yak\u0131n bir ruh hali mutlaka saklan\u0131r. <\/p>\n","protected":false},"excerpt":{"rendered":"<p>Lord Henry, Dorian Gray ve Basil Halward\u2026 \u00dc\u00e7 ki\u015fi ve her birinin bilin\u00e7alt\u0131nda dola\u015fan arzular, aray\u0131\u015flar. \u0130nsan ge\u00e7mi\u015ften bug\u00fcne s\u00fcrekli sal\u0131n\u0131r dibi bulunmaz istekleri aras\u0131nda. Eski<span class=\"excerpt-hellip\"> [\u2026]<\/span><\/p>\n","protected":false},"featured_media":0,"template":"","meta":{"_monsterinsights_skip_tracking":false,"_monsterinsights_sitenote_active":false,"_monsterinsights_sitenote_note":"","_monsterinsights_sitenote_category":0},"product_brand":[],"product_cat":[12291,12711],"product_tag":[],"class_list":{"0":"post-760612","1":"product","2":"type-product","3":"status-publish","5":"product_cat-edebiyat","6":"product_cat-roman-oyku","7":"pa_cilt-ciltsiz","8":"pa_tur-kitap","9":"pa_yayinevi-kapi-yayinlari","10":"pa_yazar-oscar-wilde","12":"first","13":"instock","14":"sale","15":"shipping-taxable","16":"purchasable","17":"product-type-simple"},"_links":{"self":[{"href":"https:\/\/roveyayinevi.com.tr\/index.php\/wp-json\/wp\/v2\/product\/760612","targetHints":{"allow":["GET"]}}],"collection":[{"href":"https:\/\/roveyayinevi.com.tr\/index.php\/wp-json\/wp\/v2\/product"}],"about":[{"href":"https:\/\/roveyayinevi.com.tr\/index.php\/wp-json\/wp\/v2\/types\/product"}],"wp:attachment":[{"href":"https:\/\/roveyayinevi.com.tr\/index.php\/wp-json\/wp\/v2\/media?parent=760612"}],"wp:term":[{"taxonomy":"product_brand","embeddable":true,"href":"https:\/\/roveyayinevi.com.tr\/index.php\/wp-json\/wp\/v2\/product_brand?post=760612"},{"taxonomy":"product_cat","embeddable":true,"href":"https:\/\/roveyayinevi.com.tr\/index.php\/wp-json\/wp\/v2\/product_cat?post=760612"},{"taxonomy":"product_tag","embeddable":true,"href":"https:\/\/roveyayinevi.com.tr\/index.php\/wp-json\/wp\/v2\/product_tag?post=760612"}],"curies":[{"name":"wp","href":"https:\/\/api.w.org\/{rel}","templated":true}]}}