{"id":760609,"date":"2025-08-28T09:10:45","date_gmt":"2025-08-28T06:10:45","guid":{"rendered":"https:\/\/roveyayinevi.com.tr\/index.php\/urun\/sapiens-sapiense-karsi\/"},"modified":"2026-04-16T03:13:29","modified_gmt":"2026-04-16T00:13:29","slug":"sapiens-sapiense-karsi","status":"publish","type":"product","link":"https:\/\/roveyayinevi.com.tr\/index.php\/urun\/sapiens-sapiense-karsi\/","title":{"rendered":"Sapiens Sapiens\u2019e Kar\u015f\u0131"},"content":{"rendered":"<p>T\u00fcr\u00fcm\u00fcz Homo sapiens, son 40 y\u0131lda kazand\u0131\u011f\u0131 ba\u015far\u0131lar\u0131n ve son yar\u0131m y\u00fczy\u0131lda ya\u015fad\u0131\u011f\u0131 m\u00fcthi\u015f n\u00fcfus art\u0131\u015f\u0131n\u0131n ba\u015f d\u00f6nd\u00fcr\u00fcc\u00fc sonu\u00e7lar\u0131na uyum sa\u011flayabilecek mi? \u00c7ok uzun zaman \u00f6nce, birka\u00e7 insan t\u00fcr\u00fc D\u00fcnya\u2019y\u0131 payla\u015f\u0131yor, teknik ve gen al\u0131\u015fveri\u015finde bulunuyordu. Daha sonra, Afrika\u2019da ortaya \u00e7\u0131kan daha yeni Sapiens pop\u00fclasyonlar\u0131 (bizim t\u00fcr\u00fcm\u00fcz), Avrupal\u0131 Neandertalleri, Asyal\u0131 Denisovalar\u0131 ve ba\u015fka birka\u00e7 t\u00fcr\u00fc ma\u011flup etmeden \u00f6nce, hem yaya olarak hem de teknelerle Avustralya ve Amerika\u2019ya kadar ula\u015f\u0131p t\u00fcm D\u00fcnya\u2019y\u0131 fethettiler. Sapiens Sapiens\u2019e Kar\u015f\u0131 i\u015fte bu muhte\u015fem maceray\u0131 anlat\u0131yor. Ancak, de\u011fi\u015fen iklim ko\u015fullar\u0131na uyum sa\u011flama yetene\u011fimiz, kentle\u015fmi\u015f, an\u0131nda ileti\u015fim olana\u011f\u0131na kavu\u015fmu\u015f, kirlenmi\u015f, ekosistemleri harap olmu\u015f ve felaketlerin tehdidine daha a\u00e7\u0131k hale gelmi\u015f bir d\u00fcnyaya uyum sa\u011flamam\u0131za hizmet edebilecek mi? \u00c7\u00fcnk\u00fc evrim devam ediyor. \u00dcnl\u00fc Frans\u0131z pop\u00fcler bilim yazar\u0131 Pascal Picq\u2019in kaleminden, \u0130nsan\u0131n Evrimi hakk\u0131nda bilgi edinmek isteyenler i\u00e7in \u00e7ok uygun bir kitap. <\/p>\n","protected":false},"excerpt":{"rendered":"<p>T\u00fcr\u00fcm\u00fcz Homo sapiens, son 40 y\u0131lda kazand\u0131\u011f\u0131 ba\u015far\u0131lar\u0131n ve son yar\u0131m y\u00fczy\u0131lda ya\u015fad\u0131\u011f\u0131 m\u00fcthi\u015f n\u00fcfus art\u0131\u015f\u0131n\u0131n ba\u015f d\u00f6nd\u00fcr\u00fcc\u00fc sonu\u00e7lar\u0131na uyum sa\u011flayabilecek mi? \u00c7ok uzun zaman \u00f6nce,<span class=\"excerpt-hellip\"> [\u2026]<\/span><\/p>\n","protected":false},"featured_media":0,"template":"","meta":{"_monsterinsights_skip_tracking":false,"_monsterinsights_sitenote_active":false,"_monsterinsights_sitenote_note":"","_monsterinsights_sitenote_category":0},"product_brand":[],"product_cat":[13005],"product_tag":[],"class_list":{"0":"post-760609","1":"product","2":"type-product","3":"status-publish","5":"product_cat-bilim-muhendislik","6":"pa_cilt-ciltsiz","7":"pa_tur-kitap","8":"pa_yayinevi-say-yayinlari","9":"pa_yazar-pascal-picq","11":"first","12":"instock","13":"sale","14":"shipping-taxable","15":"purchasable","16":"product-type-simple"},"_links":{"self":[{"href":"https:\/\/roveyayinevi.com.tr\/index.php\/wp-json\/wp\/v2\/product\/760609","targetHints":{"allow":["GET"]}}],"collection":[{"href":"https:\/\/roveyayinevi.com.tr\/index.php\/wp-json\/wp\/v2\/product"}],"about":[{"href":"https:\/\/roveyayinevi.com.tr\/index.php\/wp-json\/wp\/v2\/types\/product"}],"wp:attachment":[{"href":"https:\/\/roveyayinevi.com.tr\/index.php\/wp-json\/wp\/v2\/media?parent=760609"}],"wp:term":[{"taxonomy":"product_brand","embeddable":true,"href":"https:\/\/roveyayinevi.com.tr\/index.php\/wp-json\/wp\/v2\/product_brand?post=760609"},{"taxonomy":"product_cat","embeddable":true,"href":"https:\/\/roveyayinevi.com.tr\/index.php\/wp-json\/wp\/v2\/product_cat?post=760609"},{"taxonomy":"product_tag","embeddable":true,"href":"https:\/\/roveyayinevi.com.tr\/index.php\/wp-json\/wp\/v2\/product_tag?post=760609"}],"curies":[{"name":"wp","href":"https:\/\/api.w.org\/{rel}","templated":true}]}}