{"id":760608,"date":"2025-08-28T09:10:44","date_gmt":"2025-08-28T06:10:44","guid":{"rendered":"https:\/\/roveyayinevi.com.tr\/index.php\/urun\/baliklar-nerede\/"},"modified":"2026-04-16T03:13:29","modified_gmt":"2026-04-16T00:13:29","slug":"baliklar-nerede","status":"publish","type":"product","link":"https:\/\/roveyayinevi.com.tr\/index.php\/urun\/baliklar-nerede\/","title":{"rendered":"Bal\u0131klar Nerede?"},"content":{"rendered":"<p>\u201cM\u0130N\u0130KLER \u0130\u00c7\u0130N MACERA YA\u011eMURU BA\u015eLIYOR!\u201d        Yazar\u0131m\u0131z Serpil BADEMC\u0130&#8217;nin \u00e7ok sevilen kitab\u0131 \u201cMACERA YA\u011eMURU\u201d, minik okuyucular i\u00e7in yeni bir seri h\u00e2linde&#8230;          Kahraman\u0131m\u0131z Poyraz; teknolojiden uzak ve k\u00f6yde, kuzenleriyle harika maceralar ya\u015f\u0131yor. M\u0131s\u0131r patlatan bir anneanne, masal anlatan dede, teyzeler, kuzenler; do\u011fa sevgisi, hayvan sevgisi ve e\u011flenceli bir tatil sizi bekliyor. \u201cHaydi, macera ba\u015fl\u0131yor!\u201d         \u201cBal\u0131klar nerede, Poyraz\u2019la bulmaya ne dersiniz?\u201d   <\/p>\n","protected":false},"excerpt":{"rendered":"<p>\u201cM\u0130N\u0130KLER \u0130\u00c7\u0130N MACERA YA\u011eMURU BA\u015eLIYOR!\u201d Yazar\u0131m\u0131z Serpil BADEMC\u0130&#8217;nin \u00e7ok sevilen kitab\u0131 \u201cMACERA YA\u011eMURU\u201d, minik okuyucular i\u00e7in yeni bir seri h\u00e2linde&#8230; Kahraman\u0131m\u0131z Poyraz; teknolojiden uzak ve k\u00f6yde,<span class=\"excerpt-hellip\"> [\u2026]<\/span><\/p>\n","protected":false},"featured_media":0,"template":"","meta":{"_monsterinsights_skip_tracking":false,"_monsterinsights_sitenote_active":false,"_monsterinsights_sitenote_note":"","_monsterinsights_sitenote_category":0},"product_brand":[],"product_cat":[12274,12284],"product_tag":[],"class_list":{"0":"post-760608","1":"product","2":"type-product","3":"status-publish","5":"product_cat-cocuk-ve-genclik-kitaplari","6":"product_cat-hikayeler","7":"pa_cilt-ciltsiz","8":"pa_tur-kitap","9":"pa_yayinevi-kirmizi-ada-yayinlari","10":"pa_yazar-serpil-bademci","12":"first","13":"instock","14":"sale","15":"shipping-taxable","16":"purchasable","17":"product-type-simple"},"_links":{"self":[{"href":"https:\/\/roveyayinevi.com.tr\/index.php\/wp-json\/wp\/v2\/product\/760608","targetHints":{"allow":["GET"]}}],"collection":[{"href":"https:\/\/roveyayinevi.com.tr\/index.php\/wp-json\/wp\/v2\/product"}],"about":[{"href":"https:\/\/roveyayinevi.com.tr\/index.php\/wp-json\/wp\/v2\/types\/product"}],"wp:attachment":[{"href":"https:\/\/roveyayinevi.com.tr\/index.php\/wp-json\/wp\/v2\/media?parent=760608"}],"wp:term":[{"taxonomy":"product_brand","embeddable":true,"href":"https:\/\/roveyayinevi.com.tr\/index.php\/wp-json\/wp\/v2\/product_brand?post=760608"},{"taxonomy":"product_cat","embeddable":true,"href":"https:\/\/roveyayinevi.com.tr\/index.php\/wp-json\/wp\/v2\/product_cat?post=760608"},{"taxonomy":"product_tag","embeddable":true,"href":"https:\/\/roveyayinevi.com.tr\/index.php\/wp-json\/wp\/v2\/product_tag?post=760608"}],"curies":[{"name":"wp","href":"https:\/\/api.w.org\/{rel}","templated":true}]}}