{"id":760601,"date":"2025-08-28T09:10:32","date_gmt":"2025-08-28T06:10:32","guid":{"rendered":"https:\/\/roveyayinevi.com.tr\/index.php\/urun\/dunyayi-degistiren-muhtesem-insanlar-steve-jobs\/"},"modified":"2026-04-16T03:13:29","modified_gmt":"2026-04-16T00:13:29","slug":"dunyayi-degistiren-muhtesem-insanlar-steve-jobs","status":"publish","type":"product","link":"https:\/\/roveyayinevi.com.tr\/index.php\/urun\/dunyayi-degistiren-muhtesem-insanlar-steve-jobs\/","title":{"rendered":"D\u00fcnyay\u0131 De\u011fi\u015ftiren Muhte\u015fem \u0130nsanlar &#8211; Steve Jobs"},"content":{"rendered":"<p>\u2018D\u00fcnyay\u0131 De\u011fi\u015ftiren Muhte\u015fem \u0130nsanlar\u2019 \u0131n ya\u015fam\u0131 sizlere ilham olacak. Koyulan hedefe giden yolda vazge\u00e7meden \u00e7ok \u00e7al\u0131\u015fman\u0131n kendi ya\u015famlar\u0131na etkisi ve d\u00fcnyan\u0131n de\u011fi\u015fimi, geli\u015fimine katk\u0131s\u0131 ne b\u00fcy\u00fck bir mucize! Ama bu mucizeler, ger\u00e7ek ya\u015fam hik\u00e2yeleri\u2026 Hem bu mucizelere tan\u0131kl\u0131k edeceksiniz hem de ya\u015fam\u0131n\u0131zdaki mucizeler i\u00e7in ilham alacaks\u0131n\u0131z. <\/p>\n","protected":false},"excerpt":{"rendered":"<p>\u2018D\u00fcnyay\u0131 De\u011fi\u015ftiren Muhte\u015fem \u0130nsanlar\u2019 \u0131n ya\u015fam\u0131 sizlere ilham olacak. Koyulan hedefe giden yolda vazge\u00e7meden \u00e7ok \u00e7al\u0131\u015fman\u0131n kendi ya\u015famlar\u0131na etkisi ve d\u00fcnyan\u0131n de\u011fi\u015fimi, geli\u015fimine katk\u0131s\u0131 ne b\u00fcy\u00fck<span class=\"excerpt-hellip\"> [\u2026]<\/span><\/p>\n","protected":false},"featured_media":0,"template":"","meta":{"_monsterinsights_skip_tracking":false,"_monsterinsights_sitenote_active":false,"_monsterinsights_sitenote_note":"","_monsterinsights_sitenote_category":0},"product_brand":[],"product_cat":[13829,12274],"product_tag":[],"class_list":{"0":"post-760601","1":"product","2":"type-product","3":"status-publish","5":"product_cat-bilimsel-kitaplar","6":"product_cat-cocuk-ve-genclik-kitaplari","7":"pa_cilt-ciltsiz","8":"pa_tur-kitap","9":"pa_yayinevi-yagmur-cocuk-yayinlari","10":"pa_yazar-kolektif","12":"first","13":"instock","14":"sale","15":"shipping-taxable","16":"purchasable","17":"product-type-simple"},"_links":{"self":[{"href":"https:\/\/roveyayinevi.com.tr\/index.php\/wp-json\/wp\/v2\/product\/760601","targetHints":{"allow":["GET"]}}],"collection":[{"href":"https:\/\/roveyayinevi.com.tr\/index.php\/wp-json\/wp\/v2\/product"}],"about":[{"href":"https:\/\/roveyayinevi.com.tr\/index.php\/wp-json\/wp\/v2\/types\/product"}],"wp:attachment":[{"href":"https:\/\/roveyayinevi.com.tr\/index.php\/wp-json\/wp\/v2\/media?parent=760601"}],"wp:term":[{"taxonomy":"product_brand","embeddable":true,"href":"https:\/\/roveyayinevi.com.tr\/index.php\/wp-json\/wp\/v2\/product_brand?post=760601"},{"taxonomy":"product_cat","embeddable":true,"href":"https:\/\/roveyayinevi.com.tr\/index.php\/wp-json\/wp\/v2\/product_cat?post=760601"},{"taxonomy":"product_tag","embeddable":true,"href":"https:\/\/roveyayinevi.com.tr\/index.php\/wp-json\/wp\/v2\/product_tag?post=760601"}],"curies":[{"name":"wp","href":"https:\/\/api.w.org\/{rel}","templated":true}]}}