{"id":760597,"date":"2025-08-28T09:10:25","date_gmt":"2025-08-28T06:10:25","guid":{"rendered":"https:\/\/roveyayinevi.com.tr\/index.php\/urun\/ilk-isimiz-insan-olmak\/"},"modified":"2026-04-08T03:22:25","modified_gmt":"2026-04-08T00:22:25","slug":"ilk-isimiz-insan-olmak","status":"publish","type":"product","link":"https:\/\/roveyayinevi.com.tr\/index.php\/urun\/ilk-isimiz-insan-olmak\/","title":{"rendered":"\u0130lk \u0130\u015fimiz \u0130nsan Olmak"},"content":{"rendered":"<p>SADECE E\u011e\u0130T\u0130M ALARAK YA DA \u00c7OK \u00c7ALI\u015eARAK Y\u00d6NET\u0130C\u0130 OLMAZSINIZ! EN \u00d6NEML\u0130 KR\u0130TER KARAKTER\u0130N\u0130ZD\u0130R.\u00c7al\u0131\u015ft\u0131\u011f\u0131n\u0131z yerde g\u00fcl\u00fcmsemek, espri yapmak, hiyerar\u015fiden biraz uzakla\u015fmak sizi ciddiyetsiz yapmaz. Aksine insan oldu\u011funuzu g\u00f6sterir.  Ne yaz\u0131k ki bazen bunu unutuyoruz. Takdir etmeyi, eline sa\u011fl\u0131k demeyi hatta hat\u0131r sormay\u0131 bile ihmal ediyoruz. Anlay\u0131\u015fl\u0131 olmay\u0131 zay\u0131fl\u0131k olarak g\u00f6r\u00fcyoruz. S\u0131rf i\u015fimize yarad\u0131klar\u0131 i\u00e7in toksik insanlar\u0131 kendimize yak\u0131n tutup g\u00fczelliklerin zehirlenmesine izin veriyoruz. Koltu\u011fumuzu, unvan\u0131m\u0131z\u0131 o kadar \u00e7ok seviyoruz ki adaletsizlikleri g\u00f6rmezden gelebiliyoruz. Ba\u015farmak i\u00e7in kalp k\u0131rmaktan, hak yemekten geri durmuyoruz.Halbuki i\u015f hayat\u0131nda huzurun anahtar\u0131 vicdanl\u0131 olabilmekte. \u0130\u015fte bu y\u00fczden ilk i\u015fimiz insan olmak. <\/p>\n","protected":false},"excerpt":{"rendered":"<p>SADECE E\u011e\u0130T\u0130M ALARAK YA DA \u00c7OK \u00c7ALI\u015eARAK Y\u00d6NET\u0130C\u0130 OLMAZSINIZ! EN \u00d6NEML\u0130 KR\u0130TER KARAKTER\u0130N\u0130ZD\u0130R.\u00c7al\u0131\u015ft\u0131\u011f\u0131n\u0131z yerde g\u00fcl\u00fcmsemek, espri yapmak, hiyerar\u015fiden biraz uzakla\u015fmak sizi ciddiyetsiz yapmaz. Aksine insan oldu\u011funuzu<span class=\"excerpt-hellip\"> [\u2026]<\/span><\/p>\n","protected":false},"featured_media":0,"template":"","meta":{"_monsterinsights_skip_tracking":false,"_monsterinsights_sitenote_active":false,"_monsterinsights_sitenote_note":"","_monsterinsights_sitenote_category":0},"product_brand":[],"product_cat":[12364,12376],"product_tag":[],"class_list":{"0":"post-760597","1":"product","2":"type-product","3":"status-publish","5":"product_cat-genel-konular","6":"product_cat-kisisel-gelisim","7":"pa_cilt-ciltsiz","8":"pa_tur-kitap","9":"pa_yayinevi-destek-yayinlari","10":"pa_yazar-omer-barbaros-yis","12":"first","13":"instock","14":"sale","15":"shipping-taxable","16":"purchasable","17":"product-type-simple"},"_links":{"self":[{"href":"https:\/\/roveyayinevi.com.tr\/index.php\/wp-json\/wp\/v2\/product\/760597","targetHints":{"allow":["GET"]}}],"collection":[{"href":"https:\/\/roveyayinevi.com.tr\/index.php\/wp-json\/wp\/v2\/product"}],"about":[{"href":"https:\/\/roveyayinevi.com.tr\/index.php\/wp-json\/wp\/v2\/types\/product"}],"wp:attachment":[{"href":"https:\/\/roveyayinevi.com.tr\/index.php\/wp-json\/wp\/v2\/media?parent=760597"}],"wp:term":[{"taxonomy":"product_brand","embeddable":true,"href":"https:\/\/roveyayinevi.com.tr\/index.php\/wp-json\/wp\/v2\/product_brand?post=760597"},{"taxonomy":"product_cat","embeddable":true,"href":"https:\/\/roveyayinevi.com.tr\/index.php\/wp-json\/wp\/v2\/product_cat?post=760597"},{"taxonomy":"product_tag","embeddable":true,"href":"https:\/\/roveyayinevi.com.tr\/index.php\/wp-json\/wp\/v2\/product_tag?post=760597"}],"curies":[{"name":"wp","href":"https:\/\/api.w.org\/{rel}","templated":true}]}}