{"id":760593,"date":"2025-08-28T09:10:19","date_gmt":"2025-08-28T06:10:19","guid":{"rendered":"https:\/\/roveyayinevi.com.tr\/index.php\/urun\/frigyali-suna\/"},"modified":"2026-04-16T03:13:29","modified_gmt":"2026-04-16T00:13:29","slug":"frigyali-suna","status":"publish","type":"product","link":"https:\/\/roveyayinevi.com.tr\/index.php\/urun\/frigyali-suna\/","title":{"rendered":"Frigyal\u0131 Suna"},"content":{"rendered":"<p>Hen\u00fcz tam olarak \u00e7\u00f6z\u00fclemeyen dilleri Frigce, di\u011fer Anadolu dilleri; Hititce, Likce ve Luvice gibi Hint-Avrupa k\u00f6kenli bir dildir, g\u00fcn\u00fcm\u00fczde en \u00e7ok konu\u015fulan Hint-Avrupa dili olan \u0130ngilizce o zamanlar tam olarak ortaya \u00e7\u0131kmam\u0131\u015f, H\u0131ristiyanl\u0131k Anadolu\u2019daki dil ve inan\u0131\u015flar\u0131 unutturuncaya kadar k\u0131rsal kesimlerde, da\u011f k\u00f6ylerinde Frigce kullan\u0131lmaya devam etmi\u015ftir. <\/p>\n","protected":false},"excerpt":{"rendered":"<p>Hen\u00fcz tam olarak \u00e7\u00f6z\u00fclemeyen dilleri Frigce, di\u011fer Anadolu dilleri; Hititce, Likce ve Luvice gibi Hint-Avrupa k\u00f6kenli bir dildir, g\u00fcn\u00fcm\u00fczde en \u00e7ok konu\u015fulan Hint-Avrupa dili olan \u0130ngilizce<span class=\"excerpt-hellip\"> [\u2026]<\/span><\/p>\n","protected":false},"featured_media":0,"template":"","meta":{"_monsterinsights_skip_tracking":false,"_monsterinsights_sitenote_active":false,"_monsterinsights_sitenote_note":"","_monsterinsights_sitenote_category":0},"product_brand":[],"product_cat":[12291,12711],"product_tag":[],"class_list":{"0":"post-760593","1":"product","2":"type-product","3":"status-publish","5":"product_cat-edebiyat","6":"product_cat-roman-oyku","7":"pa_cilt-ciltsiz","8":"pa_tur-kitap","9":"pa_yayinevi-imbik-yayinlari","10":"pa_yazar-uygun-ahmet-aker","12":"first","13":"instock","14":"sale","15":"shipping-taxable","16":"purchasable","17":"product-type-simple"},"_links":{"self":[{"href":"https:\/\/roveyayinevi.com.tr\/index.php\/wp-json\/wp\/v2\/product\/760593","targetHints":{"allow":["GET"]}}],"collection":[{"href":"https:\/\/roveyayinevi.com.tr\/index.php\/wp-json\/wp\/v2\/product"}],"about":[{"href":"https:\/\/roveyayinevi.com.tr\/index.php\/wp-json\/wp\/v2\/types\/product"}],"wp:attachment":[{"href":"https:\/\/roveyayinevi.com.tr\/index.php\/wp-json\/wp\/v2\/media?parent=760593"}],"wp:term":[{"taxonomy":"product_brand","embeddable":true,"href":"https:\/\/roveyayinevi.com.tr\/index.php\/wp-json\/wp\/v2\/product_brand?post=760593"},{"taxonomy":"product_cat","embeddable":true,"href":"https:\/\/roveyayinevi.com.tr\/index.php\/wp-json\/wp\/v2\/product_cat?post=760593"},{"taxonomy":"product_tag","embeddable":true,"href":"https:\/\/roveyayinevi.com.tr\/index.php\/wp-json\/wp\/v2\/product_tag?post=760593"}],"curies":[{"name":"wp","href":"https:\/\/api.w.org\/{rel}","templated":true}]}}