{"id":760590,"date":"2025-08-28T09:10:14","date_gmt":"2025-08-28T06:10:14","guid":{"rendered":"https:\/\/roveyayinevi.com.tr\/index.php\/urun\/okuyorum\/"},"modified":"2026-01-30T03:52:37","modified_gmt":"2026-01-30T00:52:37","slug":"okuyorum","status":"publish","type":"product","link":"https:\/\/roveyayinevi.com.tr\/index.php\/urun\/okuyorum\/","title":{"rendered":"Okuyorum"},"content":{"rendered":"<p>D\u00fcnya bazen ba\u015f\u0131bo\u015f, sonsuz bir k\u0131s\u0131r d\u00f6ng\u00fc gibi gelir. Y\u00fcksek katl\u0131 bir binan\u0131n teras\u0131ndan bakt\u0131\u011f\u0131n\u0131zda, b\u00fct\u00fcn \u015fehir g\u00f6zlerinizin \u00f6n\u00fcne serilmi\u015f \u00e7ar\u015faf gibi uzand\u0131\u011f\u0131nda hissetti\u011finiz o co\u015fkulu ferahl\u0131k nedendir? Ya da minik bir kasabada ya\u015farken, bak\u0131\u015flar\u0131n\u0131z\u0131 g\u00f6ky\u00fcz\u00fcne y\u00f6neltti\u011finiz zamanki o m\u00fcthi\u015f geni\u015fleme hissi kimdendir? Ac\u0131lar \u00e7ekeriz bazen, sevin\u00e7ler ya\u015far\u0131z ve bazen dar gelir yer g\u00f6k ve bazen de geni\u015fler g\u00f6\u011fs\u00fcm\u00fcz. Bazen bedenimiz b\u00fcy\u00fcr ve yere g\u00f6\u011fe s\u0131\u011fmaz oluruz. Hislerimiz vard\u0131r ve onlardan bahsetmek istersek alg\u0131lar\u0131m\u0131z\u0131n tan\u0131m\u0131n\u0131 ortaya koyar\u0131z. Bize do\u011fruyu yanl\u0131\u015f\u0131 s\u00f6yleyen sessiz bir kitap m\u0131 var dersiniz i\u00e7imizde? Yoksa hepimiz Allah\u2019\u0131n birer par\u00e7alar\u0131 gibi yery\u00fcz\u00fcne da\u011f\u0131lm\u0131\u015f m\u0131y\u0131zd\u0131r?  <\/p>\n","protected":false},"excerpt":{"rendered":"<p>D\u00fcnya bazen ba\u015f\u0131bo\u015f, sonsuz bir k\u0131s\u0131r d\u00f6ng\u00fc gibi gelir. Y\u00fcksek katl\u0131 bir binan\u0131n teras\u0131ndan bakt\u0131\u011f\u0131n\u0131zda, b\u00fct\u00fcn \u015fehir g\u00f6zlerinizin \u00f6n\u00fcne serilmi\u015f \u00e7ar\u015faf gibi uzand\u0131\u011f\u0131nda hissetti\u011finiz o co\u015fkulu<span class=\"excerpt-hellip\"> [\u2026]<\/span><\/p>\n","protected":false},"featured_media":0,"template":"","meta":{"_monsterinsights_skip_tracking":false,"_monsterinsights_sitenote_active":false,"_monsterinsights_sitenote_note":"","_monsterinsights_sitenote_category":0},"product_brand":[],"product_cat":[12777,12291],"product_tag":[],"class_list":{"0":"post-760590","1":"product","2":"type-product","3":"status-publish","5":"product_cat-deneme","6":"product_cat-edebiyat","7":"pa_cilt-ciltsiz","8":"pa_tur-kitap","9":"pa_yayinevi-vova-yayinlari","10":"pa_yazar-oznur-aydin","12":"first","13":"instock","14":"sale","15":"shipping-taxable","16":"purchasable","17":"product-type-simple"},"_links":{"self":[{"href":"https:\/\/roveyayinevi.com.tr\/index.php\/wp-json\/wp\/v2\/product\/760590","targetHints":{"allow":["GET"]}}],"collection":[{"href":"https:\/\/roveyayinevi.com.tr\/index.php\/wp-json\/wp\/v2\/product"}],"about":[{"href":"https:\/\/roveyayinevi.com.tr\/index.php\/wp-json\/wp\/v2\/types\/product"}],"wp:attachment":[{"href":"https:\/\/roveyayinevi.com.tr\/index.php\/wp-json\/wp\/v2\/media?parent=760590"}],"wp:term":[{"taxonomy":"product_brand","embeddable":true,"href":"https:\/\/roveyayinevi.com.tr\/index.php\/wp-json\/wp\/v2\/product_brand?post=760590"},{"taxonomy":"product_cat","embeddable":true,"href":"https:\/\/roveyayinevi.com.tr\/index.php\/wp-json\/wp\/v2\/product_cat?post=760590"},{"taxonomy":"product_tag","embeddable":true,"href":"https:\/\/roveyayinevi.com.tr\/index.php\/wp-json\/wp\/v2\/product_tag?post=760590"}],"curies":[{"name":"wp","href":"https:\/\/api.w.org\/{rel}","templated":true}]}}