{"id":760587,"date":"2025-08-28T09:10:10","date_gmt":"2025-08-28T06:10:10","guid":{"rendered":"https:\/\/roveyayinevi.com.tr\/index.php\/urun\/borclar-ozel-hukuku\/"},"modified":"2025-11-21T10:24:45","modified_gmt":"2025-11-21T07:24:45","slug":"borclar-ozel-hukuku","status":"publish","type":"product","link":"https:\/\/roveyayinevi.com.tr\/index.php\/urun\/borclar-ozel-hukuku\/","title":{"rendered":"Bor\u00e7lar \u00d6zel Hukuku"},"content":{"rendered":"<p>\u0130\u00e7indekiler :          1. K\u0130RA S\u00d6ZLE\u015eMES\u0130        2. \u00dcR\u00dcN K\u0130RASI        3. HAYVAN K\u0130RASI        4. K\u0130RA S\u00d6ZLE\u015eMES\u0130NE DA\u0130R SORULAR        5. \u00d6D\u00dcN\u00c7 S\u00d6ZLE\u015eMELER\u0130        6. KEFALET S\u00d6ZLE\u015eMES\u0130<\/p>\n","protected":false},"excerpt":{"rendered":"<p>\u0130\u00e7indekiler : 1. K\u0130RA S\u00d6ZLE\u015eMES\u0130 2. \u00dcR\u00dcN K\u0130RASI 3. HAYVAN K\u0130RASI 4. K\u0130RA S\u00d6ZLE\u015eMES\u0130NE DA\u0130R SORULAR 5. \u00d6D\u00dcN\u00c7 S\u00d6ZLE\u015eMELER\u0130 6. KEFALET S\u00d6ZLE\u015eMES\u0130<\/p>\n","protected":false},"featured_media":0,"template":"","meta":{"_monsterinsights_skip_tracking":false,"_monsterinsights_sitenote_active":false,"_monsterinsights_sitenote_note":"","_monsterinsights_sitenote_category":0},"product_brand":[],"product_cat":[15350,17583],"product_tag":[],"class_list":{"0":"post-760587","1":"product","2":"type-product","3":"status-publish","5":"product_cat-hukuk","6":"product_cat-kanun-ve-uygulama-kitaplari","7":"pa_cilt-ciltsiz","8":"pa_tur-kitap","9":"pa_yayinevi-gazi-kitabevi","10":"pa_yazar-oguz-sadik-aydos","12":"first","13":"instock","14":"sale","15":"shipping-taxable","16":"purchasable","17":"product-type-simple"},"_links":{"self":[{"href":"https:\/\/roveyayinevi.com.tr\/index.php\/wp-json\/wp\/v2\/product\/760587","targetHints":{"allow":["GET"]}}],"collection":[{"href":"https:\/\/roveyayinevi.com.tr\/index.php\/wp-json\/wp\/v2\/product"}],"about":[{"href":"https:\/\/roveyayinevi.com.tr\/index.php\/wp-json\/wp\/v2\/types\/product"}],"wp:attachment":[{"href":"https:\/\/roveyayinevi.com.tr\/index.php\/wp-json\/wp\/v2\/media?parent=760587"}],"wp:term":[{"taxonomy":"product_brand","embeddable":true,"href":"https:\/\/roveyayinevi.com.tr\/index.php\/wp-json\/wp\/v2\/product_brand?post=760587"},{"taxonomy":"product_cat","embeddable":true,"href":"https:\/\/roveyayinevi.com.tr\/index.php\/wp-json\/wp\/v2\/product_cat?post=760587"},{"taxonomy":"product_tag","embeddable":true,"href":"https:\/\/roveyayinevi.com.tr\/index.php\/wp-json\/wp\/v2\/product_tag?post=760587"}],"curies":[{"name":"wp","href":"https:\/\/api.w.org\/{rel}","templated":true}]}}