{"id":760586,"date":"2025-08-28T09:10:09","date_gmt":"2025-08-28T06:10:09","guid":{"rendered":"https:\/\/roveyayinevi.com.tr\/index.php\/urun\/sosyal-bilimlerde-nitel-arastirma-felsefesi-tasarimi-yurutulmesi-ve-raporlamasi\/"},"modified":"2026-04-16T03:13:29","modified_gmt":"2026-04-16T00:13:29","slug":"sosyal-bilimlerde-nitel-arastirma-felsefesi-tasarimi-yurutulmesi-ve-raporlamasi","status":"publish","type":"product","link":"https:\/\/roveyayinevi.com.tr\/index.php\/urun\/sosyal-bilimlerde-nitel-arastirma-felsefesi-tasarimi-yurutulmesi-ve-raporlamasi\/","title":{"rendered":"Sosyal Bilimlerde Nitel Ara\u015ft\u0131rma Felsefesi, Tasar\u0131m\u0131, Y\u00fcr\u00fct\u00fclmesi ve Raporlamas\u0131"},"content":{"rendered":"<p>\u0130\u00e7indekiler :        1. Nitel Ara\u015ft\u0131rma Yakla\u015f\u0131mlar\u0131 ve Felsefi Gelenekleri        2. Nitel Ara\u015ft\u0131rmalarda Ara\u015ft\u0131rma Paradigmas\u0131        3. Nitel Ara\u015ft\u0131rmalarda \u00d6rneklem        4. Nitel Ara\u015ft\u0131rmalarda Ge\u00e7erlik ve G\u00fcvenirlik        5. Nitel Ara\u015ft\u0131rmalarda Analiz        6. Nitel Ara\u015ft\u0131rmalar\u0131n Raporlamas\u0131 <\/p>\n","protected":false},"excerpt":{"rendered":"<p>\u0130\u00e7indekiler : 1. Nitel Ara\u015ft\u0131rma Yakla\u015f\u0131mlar\u0131 ve Felsefi Gelenekleri 2. Nitel Ara\u015ft\u0131rmalarda Ara\u015ft\u0131rma Paradigmas\u0131 3. Nitel Ara\u015ft\u0131rmalarda \u00d6rneklem 4. Nitel Ara\u015ft\u0131rmalarda Ge\u00e7erlik ve G\u00fcvenirlik 5. Nitel<span class=\"excerpt-hellip\"> [\u2026]<\/span><\/p>\n","protected":false},"featured_media":0,"template":"","meta":{"_monsterinsights_skip_tracking":false,"_monsterinsights_sitenote_active":false,"_monsterinsights_sitenote_note":"","_monsterinsights_sitenote_category":0},"product_brand":[],"product_cat":[12325,12324],"product_tag":[],"class_list":{"0":"post-760586","1":"product","2":"type-product","3":"status-publish","5":"product_cat-diger-sosyoloji","6":"product_cat-sosyoloji","7":"pa_cilt-ciltsiz","8":"pa_tur-kitap","9":"pa_yayinevi-gazi-kitabevi","10":"pa_yazar-secil-deren-van-het-hof","11":"pa_yazar-sibel-hostut","13":"first","14":"instock","15":"sale","16":"shipping-taxable","17":"purchasable","18":"product-type-simple"},"_links":{"self":[{"href":"https:\/\/roveyayinevi.com.tr\/index.php\/wp-json\/wp\/v2\/product\/760586","targetHints":{"allow":["GET"]}}],"collection":[{"href":"https:\/\/roveyayinevi.com.tr\/index.php\/wp-json\/wp\/v2\/product"}],"about":[{"href":"https:\/\/roveyayinevi.com.tr\/index.php\/wp-json\/wp\/v2\/types\/product"}],"wp:attachment":[{"href":"https:\/\/roveyayinevi.com.tr\/index.php\/wp-json\/wp\/v2\/media?parent=760586"}],"wp:term":[{"taxonomy":"product_brand","embeddable":true,"href":"https:\/\/roveyayinevi.com.tr\/index.php\/wp-json\/wp\/v2\/product_brand?post=760586"},{"taxonomy":"product_cat","embeddable":true,"href":"https:\/\/roveyayinevi.com.tr\/index.php\/wp-json\/wp\/v2\/product_cat?post=760586"},{"taxonomy":"product_tag","embeddable":true,"href":"https:\/\/roveyayinevi.com.tr\/index.php\/wp-json\/wp\/v2\/product_tag?post=760586"}],"curies":[{"name":"wp","href":"https:\/\/api.w.org\/{rel}","templated":true}]}}