{"id":760585,"date":"2025-08-28T09:10:08","date_gmt":"2025-08-28T06:10:08","guid":{"rendered":"https:\/\/roveyayinevi.com.tr\/index.php\/urun\/anadolunun-doga-tarihi-surungenlerden-insanlara\/"},"modified":"2026-04-16T03:13:29","modified_gmt":"2026-04-16T00:13:29","slug":"anadolunun-doga-tarihi-surungenlerden-insanlara","status":"publish","type":"product","link":"https:\/\/roveyayinevi.com.tr\/index.php\/urun\/anadolunun-doga-tarihi-surungenlerden-insanlara\/","title":{"rendered":"Anadolu&#8217;nun Do\u011fa Tarihi &#8211; S\u00fcr\u00fcngenlerden \u0130nsanlara"},"content":{"rendered":"<p>Anadolu; stratejik co\u011fraf\u00ee konumu, e\u015fsiz tabi\u00ee g\u00fczellikleri, sahip oldu\u011fu yer alt\u0131 ve yer \u00fcst\u00fc kaynaklar\u0131 ile, d\u00fcnyan\u0131n, herkesin ilgisini \u00e7eken ve hayranl\u0131\u011f\u0131n\u0131 kazanan g\u00fczide b\u00f6lgelerinden birisidir. Anadolu, jeolojik hareketler ile kara k\u00fctlelerinin su \u00fcst\u00fcne \u00e7\u0131kmas\u0131 ile beraber zaman i\u00e7erisinde bir\u00e7ok canl\u0131ya ev sahipli\u011fi yapm\u0131\u015f ve h\u00e2len de yapmaya devam etmektedir. Bu kitap, Anadolu\u2019da yap\u0131lm\u0131\u015f \u00e7al\u0131\u015fmalarda bulunan omurgal\u0131 fosilleri \u00fczerinden, Anadolu\u2019nun fosil ge\u00e7mi\u015fini anlatmaya \u00e7al\u0131\u015fmaktad\u0131r. B\u00f6ylece, okuyucular, ya\u015fad\u0131klar\u0131 topraklar\u0131n bar\u0131nd\u0131rd\u0131\u011f\u0131 di\u011fer bir zenginli\u011fi de rahat\u00e7a anlayabileceklerdir. Kitap i\u00e7erisinde, Anadolu\u2019nun fosil ge\u00e7mi\u015fi d\u0131\u015f\u0131nda; do\u011fa tarihi \u00e7al\u0131\u015fmalar\u0131 kronolojisi, m\u00fczecilik ve do\u011fa tarihi m\u00fczecili\u011fi, fosil kavram\u0131, paleontoloji kavram\u0131, d\u00fcnya ya\u015fam tarihi gibi konulara da de\u011finilmi\u015ftir. Kitap, genel okuyucu kitlesine hitap eden bilgileri i\u00e7erdi\u011fi gibi, paleontolojik veriler ve kaynak\u00e7as\u0131 ile, bilim insanlar\u0131 ve \u00f6\u011frenciler i\u00e7in de bir kaynak kitap niteli\u011findedir.<\/p>\n","protected":false},"excerpt":{"rendered":"<p>Anadolu; stratejik co\u011fraf\u00ee konumu, e\u015fsiz tabi\u00ee g\u00fczellikleri, sahip oldu\u011fu yer alt\u0131 ve yer \u00fcst\u00fc kaynaklar\u0131 ile, d\u00fcnyan\u0131n, herkesin ilgisini \u00e7eken ve hayranl\u0131\u011f\u0131n\u0131 kazanan g\u00fczide b\u00f6lgelerinden birisidir.<span class=\"excerpt-hellip\"> [\u2026]<\/span><\/p>\n","protected":false},"featured_media":0,"template":"","meta":{"_monsterinsights_skip_tracking":false,"_monsterinsights_sitenote_active":false,"_monsterinsights_sitenote_note":"","_monsterinsights_sitenote_category":0},"product_brand":[],"product_cat":[12370,12304],"product_tag":[],"class_list":{"0":"post-760585","1":"product","2":"type-product","3":"status-publish","5":"product_cat-arastirma-inceleme","6":"product_cat-tarih","7":"pa_cilt-ciltsiz","8":"pa_tur-kitap","9":"pa_yayinevi-kriter-yayinevi","10":"pa_yazar-ahmet-ihsan-aytek","12":"first","13":"instock","14":"sale","15":"shipping-taxable","16":"purchasable","17":"product-type-simple"},"_links":{"self":[{"href":"https:\/\/roveyayinevi.com.tr\/index.php\/wp-json\/wp\/v2\/product\/760585","targetHints":{"allow":["GET"]}}],"collection":[{"href":"https:\/\/roveyayinevi.com.tr\/index.php\/wp-json\/wp\/v2\/product"}],"about":[{"href":"https:\/\/roveyayinevi.com.tr\/index.php\/wp-json\/wp\/v2\/types\/product"}],"wp:attachment":[{"href":"https:\/\/roveyayinevi.com.tr\/index.php\/wp-json\/wp\/v2\/media?parent=760585"}],"wp:term":[{"taxonomy":"product_brand","embeddable":true,"href":"https:\/\/roveyayinevi.com.tr\/index.php\/wp-json\/wp\/v2\/product_brand?post=760585"},{"taxonomy":"product_cat","embeddable":true,"href":"https:\/\/roveyayinevi.com.tr\/index.php\/wp-json\/wp\/v2\/product_cat?post=760585"},{"taxonomy":"product_tag","embeddable":true,"href":"https:\/\/roveyayinevi.com.tr\/index.php\/wp-json\/wp\/v2\/product_tag?post=760585"}],"curies":[{"name":"wp","href":"https:\/\/api.w.org\/{rel}","templated":true}]}}