{"id":760584,"date":"2025-08-28T09:10:07","date_gmt":"2025-08-28T06:10:07","guid":{"rendered":"https:\/\/roveyayinevi.com.tr\/index.php\/urun\/tepkisel-ebeveynlikten-kurtulun\/"},"modified":"2025-08-31T20:25:28","modified_gmt":"2025-08-31T17:25:28","slug":"tepkisel-ebeveynlikten-kurtulun","status":"publish","type":"product","link":"https:\/\/roveyayinevi.com.tr\/index.php\/urun\/tepkisel-ebeveynlikten-kurtulun\/","title":{"rendered":"Tepkisel Ebeveynlikten Kurtulun"},"content":{"rendered":"<p>DAHA SAK\u0130N B\u0130REBEVEYNL\u0130\u011e\u0130 KE\u015eFED\u0130NHemen hemen her ebeveyn, d\u00fczensiz bir \u00e7ocukla u\u011fra\u015f\u0131rken duygusal tepkilere ba\u015fvurmu\u015ftur. \u00c7ok \u00e7al\u0131\u015ft\u0131\u011f\u0131n\u0131z d\u00f6nemlerde, yorgun oldu\u011funuz zamanlarda ve yo\u011fun duygular ya\u015fayan bir \u00e7ocukla kar\u015f\u0131 kar\u015f\u0131ya kald\u0131\u011f\u0131n\u0131zda ba\u011f\u0131rmak veya r\u00fc\u015fvet vermek h\u0131zl\u0131 bir \u00e7\u00f6z\u00fcm gibi durabilir. Ancak bu yakla\u015f\u0131m uzun s\u00fcreli ailevi sorunlar yaratabilir. Bu kitab\u0131n devreye girdi\u011fi yer buras\u0131d\u0131r.Tepkisel Ebeveynlikten Kurtulun, \u00f6z-d\u00fczenlemeye ve \u00e7ocuklar\u0131n kendilerini ifade etmelerine y\u00f6nelik yeni bir yakla\u015f\u0131m sunuyor. Daha sakin ve daha e\u015fitlik\u00e7i bir ev ortam\u0131 yaratmak i\u00e7in aileye bir b\u00fct\u00fcn olarak yakla\u015f\u0131yor. Kitab\u0131n i\u00e7erisinde a\u015fa\u011f\u0131dakiler de dahil olmak \u00fczere yararl\u0131 tavsiyeler ve ara\u00e7lar bulacaks\u0131n\u0131z.\u2022    SA\u011eLIKLI SABAH VE AK\u015eAM RUT\u0130NLER\u0130 YARATMAK\u2022    DOLU B\u0130R Z\u0130H\u0130NDEN FARKINDALIK DOLU B\u0130R YA\u015eAMA\u2022    \u00c7OCUKLAR VE YET\u0130\u015eK\u0130NLER \u0130\u00c7\u0130N \u00d6Z-D\u00dcZENLEME\u2022    \u00d6FKE VE G\u00dc\u00c7 SAVA\u015eLARI \u0130LE BA\u015eA \u00c7IKMAK (S\u0130Z\u0130N VE \u00c7OCUKLARINIZIN)\u2022    A\u0130LECEK HEDEFLER KOYUP G\u00dcNDEN G\u00dcNE DENGEY\u0130 SA\u011eLAMAK\u2022    VE \u00c7OK DAHA FAZLASI!Ayn\u0131 olaylar\u0131 tekrar tekrar ya\u015fay\u0131p, ne yapaca\u011f\u0131n\u0131z\u0131 bilemeyip, bunalm\u0131\u015f hissetmek zorunda de\u011filsiniz. Bug\u00fcn \u201ck\u00f6t\u00fc\u201d bir ebeveyn oldu\u011funuza dair su\u00e7luluk duygusunu \u00fcst\u00fcn\u00fczden att\u0131\u011f\u0131n\u0131z g\u00fcn olabilir. Ebeveynlik yolculu\u011funun neresinde olursan\u0131z olun, bu kitap evinizde anlaml\u0131 de\u011fi\u015fimler yapman\u0131z i\u00e7in yard\u0131mc\u0131 bir kaynak olacak.Sevgili hayal k\u0131r\u0131kl\u0131\u011f\u0131na u\u011fram\u0131\u015f ebeveynler, bu kitap size ila\u00e7 gibi gelecek. Y\u00fcre\u011finizi ferahlat\u0131p i\u00e7inizdeki en iyi ebeveyni ortaya \u00e7\u0131karman\u0131za yard\u0131mc\u0131 olacak; d\u00fcr\u00fcstl\u00fc\u011f\u00fc, mizah\u0131 ve bilgeli\u011fi i\u00e7inde bar\u0131nd\u0131r\u0131yor.\u2014Jack Kornfield, PhD, A Path with Hearth kitab\u0131n\u0131n yazar\u0131<\/p>\n","protected":false},"excerpt":{"rendered":"<p>DAHA SAK\u0130N B\u0130REBEVEYNL\u0130\u011e\u0130 KE\u015eFED\u0130NHemen hemen her ebeveyn, d\u00fczensiz bir \u00e7ocukla u\u011fra\u015f\u0131rken duygusal tepkilere ba\u015fvurmu\u015ftur. \u00c7ok \u00e7al\u0131\u015ft\u0131\u011f\u0131n\u0131z d\u00f6nemlerde, yorgun oldu\u011funuz zamanlarda ve yo\u011fun duygular ya\u015fayan bir \u00e7ocukla<span class=\"excerpt-hellip\"> [\u2026]<\/span><\/p>\n","protected":false},"featured_media":0,"template":"","meta":{"_monsterinsights_skip_tracking":false,"_monsterinsights_sitenote_active":false,"_monsterinsights_sitenote_note":"","_monsterinsights_sitenote_category":0},"product_brand":[],"product_cat":[12831,12324],"product_tag":[],"class_list":{"0":"post-760584","1":"product","2":"type-product","3":"status-publish","5":"product_cat-aile-ve-cocuk","6":"product_cat-sosyoloji","7":"pa_cilt-ciltsiz","8":"pa_tur-kitap","9":"pa_yayinevi-buzdagi-yayinlari","10":"pa_yazar-laura-linn-knight","12":"first","13":"instock","14":"sale","15":"shipping-taxable","16":"purchasable","17":"product-type-simple"},"_links":{"self":[{"href":"https:\/\/roveyayinevi.com.tr\/index.php\/wp-json\/wp\/v2\/product\/760584","targetHints":{"allow":["GET"]}}],"collection":[{"href":"https:\/\/roveyayinevi.com.tr\/index.php\/wp-json\/wp\/v2\/product"}],"about":[{"href":"https:\/\/roveyayinevi.com.tr\/index.php\/wp-json\/wp\/v2\/types\/product"}],"wp:attachment":[{"href":"https:\/\/roveyayinevi.com.tr\/index.php\/wp-json\/wp\/v2\/media?parent=760584"}],"wp:term":[{"taxonomy":"product_brand","embeddable":true,"href":"https:\/\/roveyayinevi.com.tr\/index.php\/wp-json\/wp\/v2\/product_brand?post=760584"},{"taxonomy":"product_cat","embeddable":true,"href":"https:\/\/roveyayinevi.com.tr\/index.php\/wp-json\/wp\/v2\/product_cat?post=760584"},{"taxonomy":"product_tag","embeddable":true,"href":"https:\/\/roveyayinevi.com.tr\/index.php\/wp-json\/wp\/v2\/product_tag?post=760584"}],"curies":[{"name":"wp","href":"https:\/\/api.w.org\/{rel}","templated":true}]}}