{"id":760577,"date":"2025-08-28T09:09:55","date_gmt":"2025-08-28T06:09:55","guid":{"rendered":"https:\/\/roveyayinevi.com.tr\/index.php\/urun\/matematik-sayilar-1-10\/"},"modified":"2026-04-16T03:13:28","modified_gmt":"2026-04-16T00:13:28","slug":"matematik-sayilar-1-10","status":"publish","type":"product","link":"https:\/\/roveyayinevi.com.tr\/index.php\/urun\/matematik-sayilar-1-10\/","title":{"rendered":"Matematik &#8211; Say\u0131lar 1-10"},"content":{"rendered":"<p>Matemati\u011fin e\u011flenceli d\u00fcnyas\u0131n\u0131 masal kahramanlar\u0131yla ke\u015ffetmek daha keyifli.10 kitaptan olu\u015fan E\u011flenceli Matematik serisi miniklerin say\u0131lar\u0131 \u00f6\u011frenmekle ba\u015flay\u0131p, problem \u00e7\u00f6zmeye ve kesirlere kadar olan maceras\u0131na e\u015flik etmek i\u00e7in haz\u0131rlanm\u0131\u015ft\u0131r. Say\u0131larla ilgili temel konular sevilen bir masal e\u015fli\u011finde anlat\u0131ld\u0131\u011f\u0131nda daha kolay anla\u015f\u0131l\u0131r. \u00c7ocu\u011funuz ya\u015f\u0131na g\u00f6re se\u00e7ece\u011finiz ba\u015fl\u0131klardaki basit al\u0131\u015ft\u0131rmalarla saymay\u0131, say\u0131 \u00e7iftlerini, \u00e7arpma b\u00f6lme yapmay\u0131, \u015fekilleri ve \u00e7ok daha fazlas\u0131n\u0131 \u00f6\u011frensin.E\u011flenceli Matematik serisini haz\u0131rlayan dan\u0131\u015fman Caroline Clissold matematik e\u011fitiminde standartlar olu\u015fturmak i\u00e7in tutkuyla \u00e7al\u0131\u015fan deneyimli bir ilkokul \u00f6\u011fretmenidir. \u0130ngiltere&#8217;de Ulusal Matematik E\u011fitimi M\u00fckemmellik Merkezi\u2019nin eski dan\u0131\u015fmanlar\u0131ndan ve koordinat\u00f6rlerinden olan Clissold, matematik e\u011fitiminde uzmanla\u015fm\u0131\u015f bir yay\u0131nevinde hizmet i\u00e7i e\u011fitimler vermekte, okullarda matematik e\u011fitimi ve \u00f6\u011frenimi \u00e7al\u0131\u015fmalar\u0131 yapmakta ve Londra\u2019daki baz\u0131 \u00fcniversitelerde dersler vermektedir. Amac\u0131, \u00e7ocuklar\u0131n matemati\u011fi   keyifle ve niye \u00f6\u011frendiklerini bilerek \u00f6\u011frenmeleridir. Matematik bilgi ve becerilerinin anlaml\u0131 bir ba\u011flamda kullan\u0131labilece\u011fi yarat\u0131c\u0131 e\u011fitime g\u00f6n\u00fclden inanmaktad\u0131r.<\/p>\n","protected":false},"excerpt":{"rendered":"<p>Matemati\u011fin e\u011flenceli d\u00fcnyas\u0131n\u0131 masal kahramanlar\u0131yla ke\u015ffetmek daha keyifli.10 kitaptan olu\u015fan E\u011flenceli Matematik serisi miniklerin say\u0131lar\u0131 \u00f6\u011frenmekle ba\u015flay\u0131p, problem \u00e7\u00f6zmeye ve kesirlere kadar olan maceras\u0131na e\u015flik etmek<span class=\"excerpt-hellip\"> [\u2026]<\/span><\/p>\n","protected":false},"featured_media":0,"template":"","meta":{"_monsterinsights_skip_tracking":false,"_monsterinsights_sitenote_active":false,"_monsterinsights_sitenote_note":"","_monsterinsights_sitenote_category":0},"product_brand":[],"product_cat":[12274,15842],"product_tag":[],"class_list":{"0":"post-760577","1":"product","2":"type-product","3":"status-publish","5":"product_cat-cocuk-ve-genclik-kitaplari","6":"product_cat-egitici-kitaplar","7":"pa_cilt-ciltsiz","8":"pa_tur-kitap","9":"pa_yayinevi-koc-universitesi-yayinlari","10":"pa_yazar-rosie-neave","12":"first","13":"instock","14":"sale","15":"shipping-taxable","16":"purchasable","17":"product-type-simple"},"_links":{"self":[{"href":"https:\/\/roveyayinevi.com.tr\/index.php\/wp-json\/wp\/v2\/product\/760577","targetHints":{"allow":["GET"]}}],"collection":[{"href":"https:\/\/roveyayinevi.com.tr\/index.php\/wp-json\/wp\/v2\/product"}],"about":[{"href":"https:\/\/roveyayinevi.com.tr\/index.php\/wp-json\/wp\/v2\/types\/product"}],"wp:attachment":[{"href":"https:\/\/roveyayinevi.com.tr\/index.php\/wp-json\/wp\/v2\/media?parent=760577"}],"wp:term":[{"taxonomy":"product_brand","embeddable":true,"href":"https:\/\/roveyayinevi.com.tr\/index.php\/wp-json\/wp\/v2\/product_brand?post=760577"},{"taxonomy":"product_cat","embeddable":true,"href":"https:\/\/roveyayinevi.com.tr\/index.php\/wp-json\/wp\/v2\/product_cat?post=760577"},{"taxonomy":"product_tag","embeddable":true,"href":"https:\/\/roveyayinevi.com.tr\/index.php\/wp-json\/wp\/v2\/product_tag?post=760577"}],"curies":[{"name":"wp","href":"https:\/\/api.w.org\/{rel}","templated":true}]}}