{"id":760568,"date":"2025-08-28T09:09:38","date_gmt":"2025-08-28T06:09:38","guid":{"rendered":"https:\/\/roveyayinevi.com.tr\/index.php\/urun\/aynadan-yansiyan-hatiralar\/"},"modified":"2026-04-16T03:13:28","modified_gmt":"2026-04-16T00:13:28","slug":"aynadan-yansiyan-hatiralar","status":"publish","type":"product","link":"https:\/\/roveyayinevi.com.tr\/index.php\/urun\/aynadan-yansiyan-hatiralar\/","title":{"rendered":"Aynadan Yans\u0131yan Hat\u0131ralar"},"content":{"rendered":"<p>Ben d\u00fczenli olarak yeni yay\u0131mlanan \u00f6yk\u00fc kitaplar\u0131n\u0131 okurum. Kan\u0131mca \u00f6yk\u00fc, sinema sanat\u0131na romandan daha yatk\u0131nd\u0131r. Roman say\u0131yla, \u00f6yk\u00fc ise nakavtla kazan\u0131r. T\u00fcrk sinemas\u0131nda kendine \u00f6zg\u00fc bir yere sahip olan ve Hakk\u00e2ri\u2019de Bir Mevsim, Bereketli Topraklar \u00dczerinde, Yolda gibi \u00f6d\u00fcll\u00fc filmlerin y\u00f6netmeni Erden K\u0131ral\u2019dan hat\u0131ralar ge\u00e7idi. Y\u0131lmaz G\u00fcney\u2019le \u00e7alkant\u0131l\u0131 ili\u015fkisinden S\u0131k\u0131y\u00f6netim zamanlar\u0131nda film \u00e7ekmenin zorluklar\u0131na, G\u00e9rard Depardieu ile yapaca\u011f\u0131 sinema \u00e7al\u0131\u015fmas\u0131ndan yurtd\u0131\u015f\u0131nda ya\u015fad\u0131\u011f\u0131 ilgin\u00e7 olaylara var\u0131ncaya dek, zor ama dolu dolu ge\u00e7en y\u0131llar.  Aynadan Yans\u0131yan Hat\u0131ralar, Erden K\u0131ral\u2019\u0131n hayat\u0131ndan ya\u015fam perdesine yans\u0131yanlar.   \u201cD\u00fcnyan\u0131n da \u00fclkenin de bir d\u00f6n\u00fc\u015f\u00fcm ge\u00e7irdi\u011fi, siyasi \u00e7alkant\u0131lar\u0131n soka\u011fa indi\u011fi, devrim beklentilerinin y\u00fckseldi\u011fi, entelekt\u00fcellerin ve sanat\u00e7\u0131lar\u0131n fikir lideri oldu\u011fu bir d\u00f6nemin izd\u00fc\u015f\u00fcm\u00fc&#8230;   Erden K\u0131ral\u2019\u0131n Aynadan Yans\u0131yan Hat\u0131ralar\u2019\u0131nda bunlar\u0131n hepsi var. Ayna tuttu\u011fu her \u015fey, her yer ve herkes \u2018Benim G\u00fczel G\u00fcnl\u00fc\u011f\u00fcm\u2019 diye adland\u0131rd\u0131\u011f\u0131 bu an\u0131 kitab\u0131n\u0131n par\u00e7as\u0131 oldu.\u201d Alin Ta\u015f\u00e7\u0131yan <\/p>\n","protected":false},"excerpt":{"rendered":"<p>Ben d\u00fczenli olarak yeni yay\u0131mlanan \u00f6yk\u00fc kitaplar\u0131n\u0131 okurum. Kan\u0131mca \u00f6yk\u00fc, sinema sanat\u0131na romandan daha yatk\u0131nd\u0131r. Roman say\u0131yla, \u00f6yk\u00fc ise nakavtla kazan\u0131r. T\u00fcrk sinemas\u0131nda kendine \u00f6zg\u00fc bir<span class=\"excerpt-hellip\"> [\u2026]<\/span><\/p>\n","protected":false},"featured_media":0,"template":"","meta":{"_monsterinsights_skip_tracking":false,"_monsterinsights_sitenote_active":false,"_monsterinsights_sitenote_note":"","_monsterinsights_sitenote_category":0},"product_brand":[],"product_cat":[13701,12291],"product_tag":[],"class_list":{"0":"post-760568","1":"product","2":"type-product","3":"status-publish","5":"product_cat-ani-mektup-gunluk","6":"product_cat-edebiyat","7":"pa_cilt-ciltsiz","8":"pa_tur-kitap","9":"pa_yayinevi-yapi-kredi-yayinlari","10":"pa_yazar-erden-kiral","12":"first","13":"instock","14":"sale","15":"shipping-taxable","16":"purchasable","17":"product-type-simple"},"_links":{"self":[{"href":"https:\/\/roveyayinevi.com.tr\/index.php\/wp-json\/wp\/v2\/product\/760568","targetHints":{"allow":["GET"]}}],"collection":[{"href":"https:\/\/roveyayinevi.com.tr\/index.php\/wp-json\/wp\/v2\/product"}],"about":[{"href":"https:\/\/roveyayinevi.com.tr\/index.php\/wp-json\/wp\/v2\/types\/product"}],"wp:attachment":[{"href":"https:\/\/roveyayinevi.com.tr\/index.php\/wp-json\/wp\/v2\/media?parent=760568"}],"wp:term":[{"taxonomy":"product_brand","embeddable":true,"href":"https:\/\/roveyayinevi.com.tr\/index.php\/wp-json\/wp\/v2\/product_brand?post=760568"},{"taxonomy":"product_cat","embeddable":true,"href":"https:\/\/roveyayinevi.com.tr\/index.php\/wp-json\/wp\/v2\/product_cat?post=760568"},{"taxonomy":"product_tag","embeddable":true,"href":"https:\/\/roveyayinevi.com.tr\/index.php\/wp-json\/wp\/v2\/product_tag?post=760568"}],"curies":[{"name":"wp","href":"https:\/\/api.w.org\/{rel}","templated":true}]}}