{"id":760567,"date":"2025-08-28T09:09:36","date_gmt":"2025-08-28T06:09:36","guid":{"rendered":"https:\/\/roveyayinevi.com.tr\/index.php\/urun\/budapestede-bir-osmanli-sehzadesi\/"},"modified":"2026-04-16T03:13:28","modified_gmt":"2026-04-16T00:13:28","slug":"budapestede-bir-osmanli-sehzadesi","status":"publish","type":"product","link":"https:\/\/roveyayinevi.com.tr\/index.php\/urun\/budapestede-bir-osmanli-sehzadesi\/","title":{"rendered":"Budape\u015fte\u2019de Bir Osmanl\u0131 \u015eehzadesi"},"content":{"rendered":"<p>Sultan Abd\u00fclhamid\u2019in \u015fehzadelerinden Mehmed Abd\u00fclkadir Efendi, 1924 y\u0131l\u0131nda Osmanl\u0131 hanedan\u0131n\u0131n yurtd\u0131\u015f\u0131na s\u00fcr\u00fclmesiyle hayat\u0131 alt\u00fcst olan hanedan mensuplar\u0131n\u0131n en ilgin\u00e7lerindendi. Saltanat devrinde isyank\u00e2r tav\u0131rlar\u0131 sonucu babas\u0131n\u0131n h\u0131\u015fm\u0131na u\u011frayan Mehmed Abd\u00fclkadir Efendi, s\u00fcrg\u00fcnden sonra ailesiyle birlikte yerle\u015fti\u011fi Macaristan\u2019da renkli gece hayat\u0131 ve \u015eark usul\u00fc \u00e7oke\u015fli aile yap\u0131s\u0131 ile Macar bas\u0131n\u0131n\u0131n ilgi oda\u011f\u0131 olmu\u015ftu. \u0130ki e\u015finden ayr\u0131ld\u0131ktan sonra \u00fc\u00e7\u00fcnc\u00fc e\u015fiyle Macaristan\u2019dan Bulgaristan\u2019a ge\u00e7en \u015fehzade, son e\u015fi taraf\u0131ndan da terk edilip \u0130kinci D\u00fcnya Sava\u015f\u0131 esnas\u0131nda Sofya\u2019da vuku bulan bir hava sald\u0131r\u0131s\u0131nda hayat\u0131n\u0131 kaybetmi\u015fti. Budape\u015fte\u2019de Bir Osmanl\u0131 \u015eehzadesi ald\u0131\u011f\u0131 Bat\u0131 k\u00fclt\u00fcr\u00fc ve g\u00f6rg\u00fcs\u00fcne ra\u011fmen\u00f6z\u00fcnde mensup oldu\u011fu despotik Do\u011fu gelene\u011finden s\u0131yr\u0131lamam\u0131\u015f ve belli bir ya\u015fa kadar da ge\u00e7im s\u0131k\u0131nt\u0131s\u0131 gibi dertlerden bihaber bir insan\u0131n sefalete d\u00fc\u015f\u00fc\u015f\u00fcn\u00fcn ibret verici hik\u00e2yesini sunarken yirminci y\u00fczy\u0131l\u0131n ba\u015flar\u0131nda bir Orta Avrupa \u00fclkesinde T\u00fcrklere ne g\u00f6zle bak\u0131ld\u0131\u011f\u0131n\u0131 da g\u00f6steriyor. <\/p>\n","protected":false},"excerpt":{"rendered":"<p>Sultan Abd\u00fclhamid\u2019in \u015fehzadelerinden Mehmed Abd\u00fclkadir Efendi, 1924 y\u0131l\u0131nda Osmanl\u0131 hanedan\u0131n\u0131n yurtd\u0131\u015f\u0131na s\u00fcr\u00fclmesiyle hayat\u0131 alt\u00fcst olan hanedan mensuplar\u0131n\u0131n en ilgin\u00e7lerindendi. Saltanat devrinde isyank\u00e2r tav\u0131rlar\u0131 sonucu babas\u0131n\u0131n h\u0131\u015fm\u0131na<span class=\"excerpt-hellip\"> [\u2026]<\/span><\/p>\n","protected":false},"featured_media":0,"template":"","meta":{"_monsterinsights_skip_tracking":false,"_monsterinsights_sitenote_active":false,"_monsterinsights_sitenote_note":"","_monsterinsights_sitenote_category":0},"product_brand":[],"product_cat":[12304],"product_tag":[],"class_list":{"0":"post-760567","1":"product","2":"type-product","3":"status-publish","5":"product_cat-tarih","6":"pa_cilt-ciltsiz","7":"pa_tur-kitap","8":"pa_yayinevi-yapi-kredi-yayinlari","9":"pa_yazar-tarik-demirkan","11":"first","12":"instock","13":"sale","14":"shipping-taxable","15":"purchasable","16":"product-type-simple"},"_links":{"self":[{"href":"https:\/\/roveyayinevi.com.tr\/index.php\/wp-json\/wp\/v2\/product\/760567","targetHints":{"allow":["GET"]}}],"collection":[{"href":"https:\/\/roveyayinevi.com.tr\/index.php\/wp-json\/wp\/v2\/product"}],"about":[{"href":"https:\/\/roveyayinevi.com.tr\/index.php\/wp-json\/wp\/v2\/types\/product"}],"wp:attachment":[{"href":"https:\/\/roveyayinevi.com.tr\/index.php\/wp-json\/wp\/v2\/media?parent=760567"}],"wp:term":[{"taxonomy":"product_brand","embeddable":true,"href":"https:\/\/roveyayinevi.com.tr\/index.php\/wp-json\/wp\/v2\/product_brand?post=760567"},{"taxonomy":"product_cat","embeddable":true,"href":"https:\/\/roveyayinevi.com.tr\/index.php\/wp-json\/wp\/v2\/product_cat?post=760567"},{"taxonomy":"product_tag","embeddable":true,"href":"https:\/\/roveyayinevi.com.tr\/index.php\/wp-json\/wp\/v2\/product_tag?post=760567"}],"curies":[{"name":"wp","href":"https:\/\/api.w.org\/{rel}","templated":true}]}}