{"id":760566,"date":"2025-08-28T09:09:34","date_gmt":"2025-08-28T06:09:34","guid":{"rendered":"https:\/\/roveyayinevi.com.tr\/index.php\/urun\/turkolmak\/"},"modified":"2026-04-16T03:13:28","modified_gmt":"2026-04-16T00:13:28","slug":"turkolmak","status":"publish","type":"product","link":"https:\/\/roveyayinevi.com.tr\/index.php\/urun\/turkolmak\/","title":{"rendered":"T\u00fcrkolmak"},"content":{"rendered":"<p>t\u00fcrkolmak Kutay Onayl\u0131\u2019n\u0131n ilk \u015fiir kitab\u0131.   yani t\u00fcrkolmak bir gece vakti \/ \u00e7\u0131\u011fl\u0131k \u00e7\u0131\u011fl\u0131\u011fa \/ sava\u015f arabas\u0131nda priam oradan oraya ko\u015fan \/ hayk\u0131ran a\u011flayan o\u011flunun cesedi i\u00e7in \/ o\u011flunun katiline  \/ yalvarmay\u0131 \u00f6\u011frenen <\/p>\n","protected":false},"excerpt":{"rendered":"<p>t\u00fcrkolmak Kutay Onayl\u0131\u2019n\u0131n ilk \u015fiir kitab\u0131. yani t\u00fcrkolmak bir gece vakti \/ \u00e7\u0131\u011fl\u0131k \u00e7\u0131\u011fl\u0131\u011fa \/ sava\u015f arabas\u0131nda priam oradan oraya ko\u015fan \/ hayk\u0131ran a\u011flayan o\u011flunun cesedi<span class=\"excerpt-hellip\"> [\u2026]<\/span><\/p>\n","protected":false},"featured_media":0,"template":"","meta":{"_monsterinsights_skip_tracking":false,"_monsterinsights_sitenote_active":false,"_monsterinsights_sitenote_note":"","_monsterinsights_sitenote_category":0},"product_brand":[],"product_cat":[12291,12509],"product_tag":[],"class_list":{"0":"post-760566","1":"product","2":"type-product","3":"status-publish","5":"product_cat-edebiyat","6":"product_cat-siir","7":"pa_cilt-ciltsiz","8":"pa_tur-kitap","9":"pa_yayinevi-metis-yayinlari","10":"pa_yazar-kutay-onayli","12":"first","13":"instock","14":"sale","15":"shipping-taxable","16":"purchasable","17":"product-type-simple"},"_links":{"self":[{"href":"https:\/\/roveyayinevi.com.tr\/index.php\/wp-json\/wp\/v2\/product\/760566","targetHints":{"allow":["GET"]}}],"collection":[{"href":"https:\/\/roveyayinevi.com.tr\/index.php\/wp-json\/wp\/v2\/product"}],"about":[{"href":"https:\/\/roveyayinevi.com.tr\/index.php\/wp-json\/wp\/v2\/types\/product"}],"wp:attachment":[{"href":"https:\/\/roveyayinevi.com.tr\/index.php\/wp-json\/wp\/v2\/media?parent=760566"}],"wp:term":[{"taxonomy":"product_brand","embeddable":true,"href":"https:\/\/roveyayinevi.com.tr\/index.php\/wp-json\/wp\/v2\/product_brand?post=760566"},{"taxonomy":"product_cat","embeddable":true,"href":"https:\/\/roveyayinevi.com.tr\/index.php\/wp-json\/wp\/v2\/product_cat?post=760566"},{"taxonomy":"product_tag","embeddable":true,"href":"https:\/\/roveyayinevi.com.tr\/index.php\/wp-json\/wp\/v2\/product_tag?post=760566"}],"curies":[{"name":"wp","href":"https:\/\/api.w.org\/{rel}","templated":true}]}}