{"id":760563,"date":"2025-08-28T09:09:31","date_gmt":"2025-08-28T06:09:31","guid":{"rendered":"https:\/\/roveyayinevi.com.tr\/index.php\/urun\/aklini-iyi-yonetmek-ve-bilimlerde-hakikati-aramak-icin-yontem-uzerine-konusma\/"},"modified":"2026-04-16T03:13:28","modified_gmt":"2026-04-16T00:13:28","slug":"aklini-iyi-yonetmek-ve-bilimlerde-hakikati-aramak-icin-yontem-uzerine-konusma","status":"publish","type":"product","link":"https:\/\/roveyayinevi.com.tr\/index.php\/urun\/aklini-iyi-yonetmek-ve-bilimlerde-hakikati-aramak-icin-yontem-uzerine-konusma\/","title":{"rendered":"Akl\u0131n\u0131 \u0130yi Y\u00f6netmek ve Bilimlerde Hakikati Aramak \u0130\u00e7in &#8211; Y\u00f6ntem \u00dczerine Konu\u015fma"},"content":{"rendered":"<p>Ren\u00e9 Descartes (1596-1650), modern felsefenin ve bilimin ortaya \u00e7\u0131k\u0131\u015f\u0131na \u00f6nc\u00fc olmu\u015f fig\u00fcrlerden biri olarak kabul edilen Frans\u0131z filozof, bilim insan\u0131 ve matematik\u00e7idir. Ara\u015ft\u0131rma y\u00f6nteminin merkezine matemati\u011fi koymu\u015f, daha \u00f6nceleri ayr\u0131 olan geometri ve cebiri analitik geometriye ba\u011flam\u0131\u015ft\u0131r. Y\u00f6ntem \u00dczerine Konu\u015fma, Descartes\u2019\u0131n 1637\u2019de yay\u0131mlad\u0131\u011f\u0131 felsefi ve otobiyografik bir incelemedir. Descartes burada daha \u00f6nce di\u011fer filozoflar taraf\u0131ndan incelenen \u015f\u00fcphecilik sorununu ele al\u0131r ve d\u00fcnyay\u0131 her t\u00fcr \u00f6nyarg\u0131dan uzak, yeni bir perspektiften de\u011ferlendirmek i\u00e7in her \u015feyden \u015f\u00fcphe ederek ak\u0131l y\u00fcr\u00fctmeye ba\u015flar. Bu ak\u0131l y\u00fcr\u00fctmeyle, \u00fcnl\u00fc \u201cD\u00fc\u015f\u00fcn\u00fcyorum, \u00f6yleyse var\u0131m\u201d sonucuna ula\u015f\u0131r. Y\u00f6ntem \u00dczerine Konu\u015fma, filozofun \u00e7e\u015fitli fizyolojik g\u00f6zlemlerine, ahlaki yorumlar\u0131na, Tanr\u0131\u2019n\u0131n varl\u0131\u011f\u0131na dair kan\u0131tlamalar\u0131na, ruh ve beden ikili\u011fine dair g\u00f6r\u00fc\u015flerine, \u201czihnin kavrayabilece\u011fi her \u015feyin bilgisine ula\u015fman\u0131n en do\u011fru y\u00f6ntemine\u201d dair aray\u0131\u015f\u0131na ve do\u011fa bilimlerinde gelinen a\u015faman\u0131n \u00f6tesine ge\u00e7ebilmek i\u00e7in gerekli g\u00f6rd\u00fc\u011f\u00fc \u015feylere yer vermektedir.<\/p>\n","protected":false},"excerpt":{"rendered":"<p>Ren\u00e9 Descartes (1596-1650), modern felsefenin ve bilimin ortaya \u00e7\u0131k\u0131\u015f\u0131na \u00f6nc\u00fc olmu\u015f fig\u00fcrlerden biri olarak kabul edilen Frans\u0131z filozof, bilim insan\u0131 ve matematik\u00e7idir. Ara\u015ft\u0131rma y\u00f6nteminin merkezine matemati\u011fi<span class=\"excerpt-hellip\"> [\u2026]<\/span><\/p>\n","protected":false},"featured_media":0,"template":"","meta":{"_monsterinsights_skip_tracking":false,"_monsterinsights_sitenote_active":false,"_monsterinsights_sitenote_note":"","_monsterinsights_sitenote_category":0},"product_brand":[],"product_cat":[12388],"product_tag":[],"class_list":{"0":"post-760563","1":"product","2":"type-product","3":"status-publish","5":"product_cat-felsefe","6":"pa_cilt-ciltsiz","7":"pa_tur-kitap","8":"pa_yayinevi-panama-yayincilik","9":"pa_yazar-rene-descartes","11":"first","12":"instock","13":"sale","14":"shipping-taxable","15":"purchasable","16":"product-type-simple"},"_links":{"self":[{"href":"https:\/\/roveyayinevi.com.tr\/index.php\/wp-json\/wp\/v2\/product\/760563","targetHints":{"allow":["GET"]}}],"collection":[{"href":"https:\/\/roveyayinevi.com.tr\/index.php\/wp-json\/wp\/v2\/product"}],"about":[{"href":"https:\/\/roveyayinevi.com.tr\/index.php\/wp-json\/wp\/v2\/types\/product"}],"wp:attachment":[{"href":"https:\/\/roveyayinevi.com.tr\/index.php\/wp-json\/wp\/v2\/media?parent=760563"}],"wp:term":[{"taxonomy":"product_brand","embeddable":true,"href":"https:\/\/roveyayinevi.com.tr\/index.php\/wp-json\/wp\/v2\/product_brand?post=760563"},{"taxonomy":"product_cat","embeddable":true,"href":"https:\/\/roveyayinevi.com.tr\/index.php\/wp-json\/wp\/v2\/product_cat?post=760563"},{"taxonomy":"product_tag","embeddable":true,"href":"https:\/\/roveyayinevi.com.tr\/index.php\/wp-json\/wp\/v2\/product_tag?post=760563"}],"curies":[{"name":"wp","href":"https:\/\/api.w.org\/{rel}","templated":true}]}}