{"id":760561,"date":"2025-08-28T09:09:29","date_gmt":"2025-08-28T06:09:29","guid":{"rendered":"https:\/\/roveyayinevi.com.tr\/index.php\/urun\/iyinin-ve-kotunun-otesinde-5\/"},"modified":"2026-04-16T03:13:28","modified_gmt":"2026-04-16T00:13:28","slug":"iyinin-ve-kotunun-otesinde-5","status":"publish","type":"product","link":"https:\/\/roveyayinevi.com.tr\/index.php\/urun\/iyinin-ve-kotunun-otesinde-5\/","title":{"rendered":"\u0130yinin ve K\u00f6t\u00fcn\u00fcn \u00d6tesinde"},"content":{"rendered":"<p>\u0130yinin ve K\u00f6t\u00fcn\u00fcn \u00d6tesinde, Friedrich Nietzsche\u2019nin 1886 y\u0131l\u0131nda yay\u0131mlad\u0131\u011f\u0131, B\u00f6yle Buyurdu Zerd\u00fc\u015ft\u2019teki fikirleri daha ele\u015ftirel bir yakla\u015f\u0131mla ele ald\u0131\u011f\u0131 eseridir. Nietzsche bu kitapta salt siyah ve beyaz ahlak anlay\u0131\u015f\u0131n\u0131n \u00f6tesine ge\u00e7me giri\u015fiminde bulunmu\u015ftur. Nietzsche, eski filozoflar\u0131 ele\u015ftirel yakla\u015f\u0131mdan uzak olmakla ve ahlak konusunda dogmatik \u00f6nc\u00fclleri k\u00f6r\u00fc k\u00f6r\u00fcne benimsemekle su\u00e7lar. Ona g\u00f6re bu filozoflar\u0131n kurdu\u011fu b\u00fcy\u00fck metafizik sistemlerdeki gibi iyi insan\u0131n tam z\u0131dd\u0131 olarak bir k\u00f6t\u00fc insan yoktur; daha ziyade, ayn\u0131 temel d\u00fcrt\u00fcler bu ikisinde farkl\u0131 ifadeler bulmaktad\u0131r. Bu kitapta Nietzsche, bilginin bak\u0131\u015f a\u00e7\u0131s\u0131na g\u00f6re de\u011fi\u015fen do\u011fas\u0131yla ve modern insan\u0131n i\u00e7inde bulundu\u011fu tehlikeli durumla korkusuzca y\u00fczle\u015fmesini sa\u011flayan \u201cevetleyici\u201d bir yakla\u015f\u0131m benimsemi\u015f ve onun arac\u0131l\u0131\u011f\u0131yla y\u0131k\u0131c\u0131 bir ele\u015ftiriye tabi tuttu\u011fu geleneksel ahlak\u0131 geride b\u0131rakarak, \u201ciyinin ve k\u00f6t\u00fcn\u00fcn \u00f6tesine\u201d ilerlemi\u015ftir. Kitab\u0131n bir\u00e7ok yerinde Nietzsche gelece\u011fin felsefesinin nelerle ilgilenmesi gerekti\u011fine dair ipu\u00e7lar\u0131 vermi\u015f ve hatta a\u00e7\u0131k ifadeler kullanm\u0131\u015ft\u0131r.<\/p>\n","protected":false},"excerpt":{"rendered":"<p>\u0130yinin ve K\u00f6t\u00fcn\u00fcn \u00d6tesinde, Friedrich Nietzsche\u2019nin 1886 y\u0131l\u0131nda yay\u0131mlad\u0131\u011f\u0131, B\u00f6yle Buyurdu Zerd\u00fc\u015ft\u2019teki fikirleri daha ele\u015ftirel bir yakla\u015f\u0131mla ele ald\u0131\u011f\u0131 eseridir. Nietzsche bu kitapta salt siyah ve<span class=\"excerpt-hellip\"> [\u2026]<\/span><\/p>\n","protected":false},"featured_media":0,"template":"","meta":{"_monsterinsights_skip_tracking":false,"_monsterinsights_sitenote_active":false,"_monsterinsights_sitenote_note":"","_monsterinsights_sitenote_category":0},"product_brand":[],"product_cat":[12388],"product_tag":[],"class_list":{"0":"post-760561","1":"product","2":"type-product","3":"status-publish","5":"product_cat-felsefe","6":"pa_cilt-ciltsiz","7":"pa_tur-kitap","8":"pa_yayinevi-panama-yayincilik","9":"pa_yazar-friedrich-nietzsche","11":"first","12":"instock","13":"sale","14":"shipping-taxable","15":"purchasable","16":"product-type-simple"},"_links":{"self":[{"href":"https:\/\/roveyayinevi.com.tr\/index.php\/wp-json\/wp\/v2\/product\/760561","targetHints":{"allow":["GET"]}}],"collection":[{"href":"https:\/\/roveyayinevi.com.tr\/index.php\/wp-json\/wp\/v2\/product"}],"about":[{"href":"https:\/\/roveyayinevi.com.tr\/index.php\/wp-json\/wp\/v2\/types\/product"}],"wp:attachment":[{"href":"https:\/\/roveyayinevi.com.tr\/index.php\/wp-json\/wp\/v2\/media?parent=760561"}],"wp:term":[{"taxonomy":"product_brand","embeddable":true,"href":"https:\/\/roveyayinevi.com.tr\/index.php\/wp-json\/wp\/v2\/product_brand?post=760561"},{"taxonomy":"product_cat","embeddable":true,"href":"https:\/\/roveyayinevi.com.tr\/index.php\/wp-json\/wp\/v2\/product_cat?post=760561"},{"taxonomy":"product_tag","embeddable":true,"href":"https:\/\/roveyayinevi.com.tr\/index.php\/wp-json\/wp\/v2\/product_tag?post=760561"}],"curies":[{"name":"wp","href":"https:\/\/api.w.org\/{rel}","templated":true}]}}