{"id":760559,"date":"2025-08-28T09:09:27","date_gmt":"2025-08-28T06:09:27","guid":{"rendered":"https:\/\/roveyayinevi.com.tr\/index.php\/urun\/neden-meditasyon-yapariz\/"},"modified":"2026-04-15T03:25:52","modified_gmt":"2026-04-15T00:25:52","slug":"neden-meditasyon-yapariz","status":"publish","type":"product","link":"https:\/\/roveyayinevi.com.tr\/index.php\/urun\/neden-meditasyon-yapariz\/","title":{"rendered":"Neden Meditasyon Yapar\u0131z?"},"content":{"rendered":"<p>\u00c7oksatan Duygusal Zek\u00e2 kitab\u0131n\u0131n yazar\u0131 Daniel Goleman ve \u00fcnl\u00fc meditasyon e\u011fitmeni Tsoknyi Rinpoche ile heyecan verici bir ke\u015fif yolculu\u011funa \u00e7\u0131kmaya haz\u0131r m\u0131s\u0131n\u0131z?  Y\u00fczy\u0131llar\u0131n bilgeli\u011fini ve modern bilimin \u0131\u015f\u0131\u011f\u0131n\u0131 bir araya getiren Neden Meditasyon Yapar\u0131z? zihninizi, bedeninizi ve ruhunuzu d\u00f6n\u00fc\u015ft\u00fcrme g\u00fcc\u00fcne sahip bir eser. Daniel Goleman ve Tsoknyi Rinpoche\u2019un rehberli\u011finde, i\u00e7sel huzurun ve s\u0131n\u0131rs\u0131z mutlulu\u011fun kap\u0131lar\u0131n\u0131 aralay\u0131n. Stresin pen\u00e7esindeki modern insan i\u00e7in bir can simidi olan bu kitap, kalbinizdeki merhametin ve zihninize h\u00fckmetmenin s\u0131rlar\u0131n\u0131 a\u00e7\u0131\u011fa \u00e7\u0131kar\u0131yor. Sadece birka\u00e7 sayfa i\u00e7inde, hayat\u0131n\u0131z\u0131 k\u00f6kten de\u011fi\u015ftirecek meditasyon teknikleriyle tan\u0131\u015facak, zihinsel berrakl\u0131\u011f\u0131n ve duygusal dinginli\u011fin anahtar\u0131n\u0131 elde edeceksiniz. Neden Meditasyon Yapar\u0131z? her sayfas\u0131nda sizi daha ayd\u0131nl\u0131k bir benli\u011fe, daha mutlu bir ya\u015fama davet ediyor. \u015eimdi, bu yolculu\u011fa \u00e7\u0131kmaya haz\u0131r m\u0131s\u0131n\u0131z?<\/p>\n","protected":false},"excerpt":{"rendered":"<p>\u00c7oksatan Duygusal Zek\u00e2 kitab\u0131n\u0131n yazar\u0131 Daniel Goleman ve \u00fcnl\u00fc meditasyon e\u011fitmeni Tsoknyi Rinpoche ile heyecan verici bir ke\u015fif yolculu\u011funa \u00e7\u0131kmaya haz\u0131r m\u0131s\u0131n\u0131z? Y\u00fczy\u0131llar\u0131n bilgeli\u011fini ve modern<span class=\"excerpt-hellip\"> [\u2026]<\/span><\/p>\n","protected":false},"featured_media":0,"template":"","meta":{"_monsterinsights_skip_tracking":false,"_monsterinsights_sitenote_active":false,"_monsterinsights_sitenote_note":"","_monsterinsights_sitenote_category":0},"product_brand":[],"product_cat":[12364,12376],"product_tag":[],"class_list":{"0":"post-760559","1":"product","2":"type-product","3":"status-publish","5":"product_cat-genel-konular","6":"product_cat-kisisel-gelisim","7":"pa_cilt-ciltsiz","8":"pa_tur-kitap","9":"pa_yayinevi-epsilon-yayinlari","10":"pa_yazar-daniel-goleman-tsoknyi-rinpoche","12":"first","13":"instock","14":"sale","15":"shipping-taxable","16":"purchasable","17":"product-type-simple"},"_links":{"self":[{"href":"https:\/\/roveyayinevi.com.tr\/index.php\/wp-json\/wp\/v2\/product\/760559","targetHints":{"allow":["GET"]}}],"collection":[{"href":"https:\/\/roveyayinevi.com.tr\/index.php\/wp-json\/wp\/v2\/product"}],"about":[{"href":"https:\/\/roveyayinevi.com.tr\/index.php\/wp-json\/wp\/v2\/types\/product"}],"wp:attachment":[{"href":"https:\/\/roveyayinevi.com.tr\/index.php\/wp-json\/wp\/v2\/media?parent=760559"}],"wp:term":[{"taxonomy":"product_brand","embeddable":true,"href":"https:\/\/roveyayinevi.com.tr\/index.php\/wp-json\/wp\/v2\/product_brand?post=760559"},{"taxonomy":"product_cat","embeddable":true,"href":"https:\/\/roveyayinevi.com.tr\/index.php\/wp-json\/wp\/v2\/product_cat?post=760559"},{"taxonomy":"product_tag","embeddable":true,"href":"https:\/\/roveyayinevi.com.tr\/index.php\/wp-json\/wp\/v2\/product_tag?post=760559"}],"curies":[{"name":"wp","href":"https:\/\/api.w.org\/{rel}","templated":true}]}}