{"id":760556,"date":"2025-08-28T09:09:21","date_gmt":"2025-08-28T06:09:21","guid":{"rendered":"https:\/\/roveyayinevi.com.tr\/index.php\/urun\/sana-olmek\/"},"modified":"2026-04-16T03:13:28","modified_gmt":"2026-04-16T00:13:28","slug":"sana-olmek","status":"publish","type":"product","link":"https:\/\/roveyayinevi.com.tr\/index.php\/urun\/sana-olmek\/","title":{"rendered":"Sana \u00d6lmek"},"content":{"rendered":"<p>Yazarak bir \u015feylerin yolunun a\u00e7\u0131laca\u011f\u0131 kesin ve yazmadan a\u00e7\u0131lacak gibi durmuyor. Ba\u015fka yolu var m\u0131? Yok! Daha ba\u015fka ne olabilir? Neler olmaz ki d\u00fc\u015f\u00fcncen ile yaza yaza a\u00e7\u0131laca\u011f\u0131n\u0131 biliyorum. D\u00fc\u015f\u00fcnceden daha h\u0131zl\u0131 ne var? \u0130nan hi\u00e7bir \u015fey yok! Nevi \u015fahs\u0131na m\u00fcnhas\u0131r rahiyas\u0131ndan kurulan c\u00fcmle iyotlu deniz k\u0131y\u0131lar\u0131na yaz\u0131lar\u0131, \u00e7\u00fcnk\u00fc okuyunca birbirimizin kay\u0131p k\u0131talar\u0131y\u0131z diyeceksiniz. Yaz\u0131lar\u0131na kap\u0131lm\u0131\u015fl\u0131\u011f\u0131ma kap\u0131ld\u0131\u011f\u0131m g\u00fcn vuslat\u0131n rahlesinde y\u00fcz\u00fcme okunacakt\u0131 duymak istediklerim. Evet, okundu ve duydum. Yaz\u0131lar bir r\u00fcyada m\u0131 ge\u00e7iyor bilmiyorum l\u00e2kin her okuduk\u00e7a muhte\u015fem a\u00e7\u0131yor \u00e7i\u00e7ekler. Bu y\u00fczden r\u00fcyalar g\u00f6rme vakti geldiyse Ashaf-\u0131 Kehf uykusuna devam. B\u00fct\u00fcn \u00e7a\u011flar\u0131n en k\u00f6t\u00fcs\u00fcn\u00fc ya\u015fasan ve dahi k\u00f6t\u00fcn\u00fcn k\u00f6t\u00fcs\u00fcn\u00fc de bu kitapta ge\u00e7en g\u00fczel yaz\u0131lar\u0131 ve hikayeleri her \u00e7a\u011fda severim. Bu yaz\u0131lar\u0131n hayran\u0131y\u0131m ve biraz daha zaman desem nisan ya\u011fmurlar\u0131 ba\u015flar. Yaz\u0131lar\u0131 sevmek t\u00fcm zamanlar\u0131n toplam\u0131 ve toplam\u0131ndan ezeli ebedi bir izah. Okuyunca kendime sormadan edemiyorum edebi bir dil mi bu kulland\u0131\u011f\u0131? Ba\u015fka ne olabilir kelimenin tam anlam\u0131yla b\u00f6yle, evet ebedi bir dil. Ba\u015fka ne diyebilirim d\u00fc\u015flere uzanan m\u00e2n\u00e2l\u0131 yaz\u0131lar\u0131 var. Bir insan d\u00fc\u015f\u00fcn bir de ne yazd\u0131\u011f\u0131n\u0131, sonra m\u0131 sonras\u0131 da var \u00f6ncesinde oldu\u011fu gibi de okuduk\u00e7a her dem kelime oyununda buluyorum kendimi. Fikriye \u00dcren <\/p>\n","protected":false},"excerpt":{"rendered":"<p>Yazarak bir \u015feylerin yolunun a\u00e7\u0131laca\u011f\u0131 kesin ve yazmadan a\u00e7\u0131lacak gibi durmuyor. Ba\u015fka yolu var m\u0131? Yok! Daha ba\u015fka ne olabilir? Neler olmaz ki d\u00fc\u015f\u00fcncen ile yaza<span class=\"excerpt-hellip\"> [\u2026]<\/span><\/p>\n","protected":false},"featured_media":0,"template":"","meta":{"_monsterinsights_skip_tracking":false,"_monsterinsights_sitenote_active":false,"_monsterinsights_sitenote_note":"","_monsterinsights_sitenote_category":0},"product_brand":[],"product_cat":[12777,12291],"product_tag":[],"class_list":{"0":"post-760556","1":"product","2":"type-product","3":"status-publish","5":"product_cat-deneme","6":"product_cat-edebiyat","7":"pa_cilt-ciltsiz","8":"pa_tur-kitap","9":"pa_yayinevi-gulnar-yayinlari","10":"pa_yazar-yuksel-koker","12":"first","13":"instock","14":"sale","15":"shipping-taxable","16":"purchasable","17":"product-type-simple"},"_links":{"self":[{"href":"https:\/\/roveyayinevi.com.tr\/index.php\/wp-json\/wp\/v2\/product\/760556","targetHints":{"allow":["GET"]}}],"collection":[{"href":"https:\/\/roveyayinevi.com.tr\/index.php\/wp-json\/wp\/v2\/product"}],"about":[{"href":"https:\/\/roveyayinevi.com.tr\/index.php\/wp-json\/wp\/v2\/types\/product"}],"wp:attachment":[{"href":"https:\/\/roveyayinevi.com.tr\/index.php\/wp-json\/wp\/v2\/media?parent=760556"}],"wp:term":[{"taxonomy":"product_brand","embeddable":true,"href":"https:\/\/roveyayinevi.com.tr\/index.php\/wp-json\/wp\/v2\/product_brand?post=760556"},{"taxonomy":"product_cat","embeddable":true,"href":"https:\/\/roveyayinevi.com.tr\/index.php\/wp-json\/wp\/v2\/product_cat?post=760556"},{"taxonomy":"product_tag","embeddable":true,"href":"https:\/\/roveyayinevi.com.tr\/index.php\/wp-json\/wp\/v2\/product_tag?post=760556"}],"curies":[{"name":"wp","href":"https:\/\/api.w.org\/{rel}","templated":true}]}}