{"id":760553,"date":"2025-08-28T09:09:17","date_gmt":"2025-08-28T06:09:17","guid":{"rendered":"https:\/\/roveyayinevi.com.tr\/index.php\/urun\/buyuk-duygular\/"},"modified":"2026-04-16T03:13:28","modified_gmt":"2026-04-16T00:13:28","slug":"buyuk-duygular","status":"publish","type":"product","link":"https:\/\/roveyayinevi.com.tr\/index.php\/urun\/buyuk-duygular\/","title":{"rendered":"B\u00fcy\u00fck Duygular"},"content":{"rendered":"<p>Hepimiz b\u00fcy\u00fck ve g\u00fc\u00e7l\u00fc duygular ya\u015far\u0131z. Ancak duygu fobisi olan modern zamanlar\u0131n insan\u0131 gittik\u00e7e zay\u0131flatan belirsizli\u011fi aras\u0131nda, ya\u015fad\u0131klar\u0131m\u0131z hakk\u0131nda nas\u0131l konu\u015faca\u011f\u0131m\u0131z\u0131 hatta bunlarla nas\u0131l ba\u015fa \u00e7\u0131kaca\u011f\u0131m\u0131z\u0131 genellikle bilemiyoruz. Stresin, t\u00fckenmi\u015fli\u011fin ve kayg\u0131n\u0131n artmas\u0131, zaman\u0131m\u0131z\u0131n en acil sorunlar\u0131ndan biri. Bu kitap, yaln\u0131zca karma\u015f\u0131k duygularla ba\u015fa \u00e7\u0131kmak i\u00e7in de\u011fil, ayn\u0131 zamanda zor zamanlar\u0131 atlatmay\u0131 ve ard\u0131ndan daha da diren\u00e7li bir \u015fekilde devam etmeyi \u00f6\u011frenmek i\u00e7in hayati bir rehber. Huzursuz, yorgun ve endi\u015feli hisseden herkese hitap ediyor; ger\u00e7ekte neler olup bitti\u011fini anlamak, rahatl\u0131k bulmak ve gelece\u011fin belirsizli\u011fiyle y\u00fczle\u015fmek i\u00e7in ara\u00e7lar sunuyor.   Yazarlar\u0131n ki\u015fisel hik\u00e2yeleriyle ve orijinal \u00e7izimlerle zenginle\u015fen her bir b\u00f6l\u00fcmde, umutsuzluk ve k\u0131skan\u00e7l\u0131k gibi rahats\u0131z edici bir duyguyu enine boyuna ele alacak; b\u00fcy\u00fck duygular\u0131 y\u00f6netebilir h\u00e2le gelmek i\u00e7in sunulan somut ve uygulanabilir stratejilerle destekleneceksiniz.   \u2022  Pi\u015fmanl\u0131\u011f\u0131n yol a\u00e7t\u0131\u011f\u0131 m\u00fcdahaleci d\u00fc\u015f\u00fcnce d\u00f6ng\u00fcs\u00fcn\u00fc nas\u0131l sonland\u0131r\u0131r\u0131z ve bunun yerine karar al\u0131rken pi\u015fmanl\u0131\u011f\u0131 bir pusula olarak nas\u0131l kullan\u0131l\u0131r\u0131z? \u2022  \u00d6fkemizin arkas\u0131nda ne oldu\u011funu nas\u0131l belirleriz ve insanlar\u0131 savunmaya sokmadan \u00f6fkemizi verimli bir \u015fekilde nas\u0131l iletebiliriz? \u2022  M\u00fckemmel olmaktan uzak hissetsek bile neden m\u00fckemmeliyet\u00e7ilikten muzdaribiz ve \u00f6z de\u011ferimizi yapt\u0131\u011f\u0131m\u0131z i\u015ften nas\u0131l ay\u0131rabiliriz?   B\u00fcy\u00fck Duygular kitab\u0131yla zor duygular\u0131n anormal olmad\u0131\u011f\u0131n\u0131, onlardan daha derin ve yeni bir anlay\u0131\u015fla \u00e7\u0131kabilmenin herkes i\u00e7in m\u00fcmk\u00fcn oldu\u011funu fark edeceksiniz. <\/p>\n","protected":false},"excerpt":{"rendered":"<p>Hepimiz b\u00fcy\u00fck ve g\u00fc\u00e7l\u00fc duygular ya\u015far\u0131z. Ancak duygu fobisi olan modern zamanlar\u0131n insan\u0131 gittik\u00e7e zay\u0131flatan belirsizli\u011fi aras\u0131nda, ya\u015fad\u0131klar\u0131m\u0131z hakk\u0131nda nas\u0131l konu\u015faca\u011f\u0131m\u0131z\u0131 hatta bunlarla nas\u0131l ba\u015fa \u00e7\u0131kaca\u011f\u0131m\u0131z\u0131<span class=\"excerpt-hellip\"> [\u2026]<\/span><\/p>\n","protected":false},"featured_media":0,"template":"","meta":{"_monsterinsights_skip_tracking":false,"_monsterinsights_sitenote_active":false,"_monsterinsights_sitenote_note":"","_monsterinsights_sitenote_category":0},"product_brand":[],"product_cat":[12357],"product_tag":[],"class_list":{"0":"post-760553","1":"product","2":"type-product","3":"status-publish","5":"product_cat-psikoloji","6":"pa_cilt-ciltsiz","7":"pa_tur-kitap","8":"pa_yayinevi-profil-kitap","9":"pa_yazar-liz-fosslien-mollie-west-duffy","11":"first","12":"instock","13":"sale","14":"shipping-taxable","15":"purchasable","16":"product-type-simple"},"_links":{"self":[{"href":"https:\/\/roveyayinevi.com.tr\/index.php\/wp-json\/wp\/v2\/product\/760553","targetHints":{"allow":["GET"]}}],"collection":[{"href":"https:\/\/roveyayinevi.com.tr\/index.php\/wp-json\/wp\/v2\/product"}],"about":[{"href":"https:\/\/roveyayinevi.com.tr\/index.php\/wp-json\/wp\/v2\/types\/product"}],"wp:attachment":[{"href":"https:\/\/roveyayinevi.com.tr\/index.php\/wp-json\/wp\/v2\/media?parent=760553"}],"wp:term":[{"taxonomy":"product_brand","embeddable":true,"href":"https:\/\/roveyayinevi.com.tr\/index.php\/wp-json\/wp\/v2\/product_brand?post=760553"},{"taxonomy":"product_cat","embeddable":true,"href":"https:\/\/roveyayinevi.com.tr\/index.php\/wp-json\/wp\/v2\/product_cat?post=760553"},{"taxonomy":"product_tag","embeddable":true,"href":"https:\/\/roveyayinevi.com.tr\/index.php\/wp-json\/wp\/v2\/product_tag?post=760553"}],"curies":[{"name":"wp","href":"https:\/\/api.w.org\/{rel}","templated":true}]}}