{"id":760552,"date":"2025-08-28T09:09:15","date_gmt":"2025-08-28T06:09:15","guid":{"rendered":"https:\/\/roveyayinevi.com.tr\/index.php\/urun\/aurora\/"},"modified":"2026-04-16T03:13:28","modified_gmt":"2026-04-16T00:13:28","slug":"aurora","status":"publish","type":"product","link":"https:\/\/roveyayinevi.com.tr\/index.php\/urun\/aurora\/","title":{"rendered":"Aurora"},"content":{"rendered":"<p>Gi\u015fe rekorlar\u0131 k\u0131ran onlarca filmde imzas\u0131 bulunan \u00fcnl\u00fc senarist David Koepp\u2019in kaleme ald\u0131\u011f\u0131 Aurora, d\u00fcnya \u00fczerindeki t\u00fcm elektrik altyap\u0131s\u0131n\u0131 tehdit eden devasa bir jeomanyetik f\u0131rt\u0131nan\u0131n yaratt\u0131\u011f\u0131 gerilimi her sayfas\u0131nda okurlar\u0131na hissettiriyor. Roma mitolojisindeki \u015eafak Tanr\u0131\u00e7as\u0131 Aurora\u2019dan esintilerin yer ald\u0131\u011f\u0131 bu romanda ba\u015fkahraman Aubrey Wheeler, su\u00e7a bula\u015fm\u0131\u015f eski kocas\u0131n\u0131n geride b\u0131rakt\u0131\u011f\u0131 isyank\u00e2r bir gen\u00e7le birlikte hayat m\u00fccadelesi vermektedir. Aubrey bu denli \u00e7etin bir sava\u015f\u0131n i\u00e7indeyken, uzun s\u00fcredir bir yabanc\u0131dan farks\u0131z olan karde\u015fi Thom ise zenginli\u011fi sayesinde, d\u00fcnyay\u0131 sarsan bu krizi, konfor alan\u0131n\u0131 terk etmeden a\u015fmay\u0131 planlamaktad\u0131r. Fakat ya\u015fanan felaket, iki karde\u015fin aras\u0131ndaki karma\u015f\u0131k ge\u00e7mi\u015f i\u00e7in bir son olmaktan ziyade yeni \u015feylerin ba\u015flang\u0131c\u0131 anlam\u0131na gelir.   \u201cHarika bir hik\u00e2ye, elinizden b\u0131rakman\u0131z imk\u00e2ns\u0131z.\u201d (Stephen King)   \u201cDavid Koepp, Aurora ile g\u00fcn\u00fcm\u00fcz\u00fcn en iyi gerilim yazarlar\u0131ndan biri olarak yerini sa\u011flamla\u015ft\u0131rd\u0131.\u201d (New York Times)   \u201cKoepp\u2019in t\u00fcm zamanlar\u0131n en ba\u015far\u0131l\u0131 senaristi olmas\u0131n\u0131n bir nedeni var. \u00c7\u00fcnk\u00fc o t\u00fcm zamanlar\u0131n en iyi hik\u00e2ye anlat\u0131c\u0131lar\u0131ndan biri. Aurora onun en iyileri aras\u0131nda!\u201d (Scott Frank, The Queen&#8217;s Gambit&#8217;in yazar\u0131 ve y\u00f6netmeni) <\/p>\n","protected":false},"excerpt":{"rendered":"<p>Gi\u015fe rekorlar\u0131 k\u0131ran onlarca filmde imzas\u0131 bulunan \u00fcnl\u00fc senarist David Koepp\u2019in kaleme ald\u0131\u011f\u0131 Aurora, d\u00fcnya \u00fczerindeki t\u00fcm elektrik altyap\u0131s\u0131n\u0131 tehdit eden devasa bir jeomanyetik f\u0131rt\u0131nan\u0131n yaratt\u0131\u011f\u0131<span class=\"excerpt-hellip\"> [\u2026]<\/span><\/p>\n","protected":false},"featured_media":0,"template":"","meta":{"_monsterinsights_skip_tracking":false,"_monsterinsights_sitenote_active":false,"_monsterinsights_sitenote_note":"","_monsterinsights_sitenote_category":0},"product_brand":[],"product_cat":[12291,12711],"product_tag":[],"class_list":{"0":"post-760552","1":"product","2":"type-product","3":"status-publish","5":"product_cat-edebiyat","6":"product_cat-roman-oyku","7":"pa_cilt-ciltsiz","8":"pa_tur-kitap","9":"pa_yayinevi-profil-kitap","10":"pa_yazar-david-koepp","12":"first","13":"instock","14":"sale","15":"shipping-taxable","16":"purchasable","17":"product-type-simple"},"_links":{"self":[{"href":"https:\/\/roveyayinevi.com.tr\/index.php\/wp-json\/wp\/v2\/product\/760552","targetHints":{"allow":["GET"]}}],"collection":[{"href":"https:\/\/roveyayinevi.com.tr\/index.php\/wp-json\/wp\/v2\/product"}],"about":[{"href":"https:\/\/roveyayinevi.com.tr\/index.php\/wp-json\/wp\/v2\/types\/product"}],"wp:attachment":[{"href":"https:\/\/roveyayinevi.com.tr\/index.php\/wp-json\/wp\/v2\/media?parent=760552"}],"wp:term":[{"taxonomy":"product_brand","embeddable":true,"href":"https:\/\/roveyayinevi.com.tr\/index.php\/wp-json\/wp\/v2\/product_brand?post=760552"},{"taxonomy":"product_cat","embeddable":true,"href":"https:\/\/roveyayinevi.com.tr\/index.php\/wp-json\/wp\/v2\/product_cat?post=760552"},{"taxonomy":"product_tag","embeddable":true,"href":"https:\/\/roveyayinevi.com.tr\/index.php\/wp-json\/wp\/v2\/product_tag?post=760552"}],"curies":[{"name":"wp","href":"https:\/\/api.w.org\/{rel}","templated":true}]}}