{"id":760549,"date":"2025-08-28T09:09:09","date_gmt":"2025-08-28T06:09:09","guid":{"rendered":"https:\/\/roveyayinevi.com.tr\/index.php\/urun\/yolculuk-5\/"},"modified":"2026-04-16T03:13:28","modified_gmt":"2026-04-16T00:13:28","slug":"yolculuk-5","status":"publish","type":"product","link":"https:\/\/roveyayinevi.com.tr\/index.php\/urun\/yolculuk-5\/","title":{"rendered":"Yolculuk"},"content":{"rendered":"<p>Burcu \u00c7anc\u0131 G\u00fcnal, ilk \u015fiir kitab\u0131 Reng\u00e2renk\u2019ten sonra yazd\u0131\u011f\u0131 ikinci kitab\u0131 \u201cYolculuk\u201d ile bizi de adeta bir yolculu\u011fa \u00e7\u0131kar\u0131yor. Toplam 117 \u015fiirin bulundu\u011fu kitapta; a\u00e7\u0131k ve duru bir dille yaz\u0131lm\u0131\u015f yaz\u0131lm\u0131\u015f olan \u015fiirler, okuyucuyu yormadan duygular\u0131 ortaya koyuyor, bizi bir anda i\u00e7ine \u00e7ekiyor. Tam da \u015fiirden bekledi\u011fimiz gibi\u2026    <\/p>\n","protected":false},"excerpt":{"rendered":"<p>Burcu \u00c7anc\u0131 G\u00fcnal, ilk \u015fiir kitab\u0131 Reng\u00e2renk\u2019ten sonra yazd\u0131\u011f\u0131 ikinci kitab\u0131 \u201cYolculuk\u201d ile bizi de adeta bir yolculu\u011fa \u00e7\u0131kar\u0131yor. Toplam 117 \u015fiirin bulundu\u011fu kitapta; a\u00e7\u0131k ve<span class=\"excerpt-hellip\"> [\u2026]<\/span><\/p>\n","protected":false},"featured_media":0,"template":"","meta":{"_monsterinsights_skip_tracking":false,"_monsterinsights_sitenote_active":false,"_monsterinsights_sitenote_note":"","_monsterinsights_sitenote_category":0},"product_brand":[],"product_cat":[12291,12509],"product_tag":[],"class_list":{"0":"post-760549","1":"product","2":"type-product","3":"status-publish","5":"product_cat-edebiyat","6":"product_cat-siir","7":"pa_cilt-ciltsiz","8":"pa_tur-kitap","9":"pa_yayinevi-myrina-yayinlari","10":"pa_yazar-burcu-canci-gunal","12":"first","13":"instock","14":"sale","15":"shipping-taxable","16":"purchasable","17":"product-type-simple"},"_links":{"self":[{"href":"https:\/\/roveyayinevi.com.tr\/index.php\/wp-json\/wp\/v2\/product\/760549","targetHints":{"allow":["GET"]}}],"collection":[{"href":"https:\/\/roveyayinevi.com.tr\/index.php\/wp-json\/wp\/v2\/product"}],"about":[{"href":"https:\/\/roveyayinevi.com.tr\/index.php\/wp-json\/wp\/v2\/types\/product"}],"wp:attachment":[{"href":"https:\/\/roveyayinevi.com.tr\/index.php\/wp-json\/wp\/v2\/media?parent=760549"}],"wp:term":[{"taxonomy":"product_brand","embeddable":true,"href":"https:\/\/roveyayinevi.com.tr\/index.php\/wp-json\/wp\/v2\/product_brand?post=760549"},{"taxonomy":"product_cat","embeddable":true,"href":"https:\/\/roveyayinevi.com.tr\/index.php\/wp-json\/wp\/v2\/product_cat?post=760549"},{"taxonomy":"product_tag","embeddable":true,"href":"https:\/\/roveyayinevi.com.tr\/index.php\/wp-json\/wp\/v2\/product_tag?post=760549"}],"curies":[{"name":"wp","href":"https:\/\/api.w.org\/{rel}","templated":true}]}}