{"id":760546,"date":"2025-08-28T09:09:03","date_gmt":"2025-08-28T06:09:03","guid":{"rendered":"https:\/\/roveyayinevi.com.tr\/index.php\/urun\/sperodea-3\/"},"modified":"2026-04-16T03:13:28","modified_gmt":"2026-04-16T00:13:28","slug":"sperodea-3","status":"publish","type":"product","link":"https:\/\/roveyayinevi.com.tr\/index.php\/urun\/sperodea-3\/","title":{"rendered":"Sperodea 3"},"content":{"rendered":"<p>Sperodea roman dizisinin 3. devam serisiyle kar\u015f\u0131n\u0131zday\u0131z. Mistik varl\u0131klar aras\u0131 fantastik bir maceran\u0131n ak\u0131c\u0131 bir anlat\u0131mla s\u00f6zc\u00fcklere d\u00f6k\u00fcld\u00fc\u011f\u00fc bu s\u00fcr\u00fckleyici roman\u0131 elinizden b\u0131rakamayacaks\u0131n\u0131z. \u0130lk sayfas\u0131ndan son sayfas\u0131na macera y\u00fckl\u00fc bu fantastik roman\u0131 bir solukta okuyacak, tekrar tekrar okumak isteyeceksiniz.   B\u00fcy\u00fc boyutunda esir tutulan B\u00fcy\u00fc Soyunun Kudretli Krali\u00e7esi Sperodea&#8217;n\u0131n b\u00fcy\u00fc boyutundan kurtar\u0131lmas\u0131n\u0131n ard\u0131ndan kahramanlar\u0131m\u0131zla olan ili\u015fkisi ve di\u011fer soylar\u0131n kendi soy liderlerini esir tutuldu\u011fu boyuttan kurtarma \u00e7abalar\u0131n\u0131 ve ya\u015fanan hikayelerin olay \u00f6rg\u00fcs\u00fcn\u00fc ak\u0131c\u0131 bir dille okuyuculara yans\u0131tan bu fantastik roman\u0131 okurken zaman mek\u00e2n kavram\u0131n\u0131 yitirecek, kendinizi karakterlerin yerine koyarak hik\u00e2yeyi bizzat ya\u015fayacaks\u0131n\u0131z. Yerel halk ile mistik varl\u0131klar\u0131n etkile\u015fimini ruhunuzda hissedecek, ya\u015fanan sava\u015flar\u0131n vah\u015fet dolu \u00e7\u0131\u011fl\u0131\u011f\u0131n\u0131 duyacaks\u0131n\u0131z. Her soy kendi soyunu y\u00fcceltmeye \u00e7al\u0131\u015f\u0131rken iyilik ve k\u00f6t\u00fcl\u00fck kavramlar\u0131n\u0131n bak\u0131\u015f ac\u0131n\u0131za g\u00f6re de\u011fi\u015fti\u011fini fark edeceksiniz. Her soy kendi kutsal hedefine ula\u015fmaya \u00e7al\u0131\u015f\u0131rken kesi\u015fen yollarda \u00e7at\u0131\u015fan \u00e7\u0131karlar\u0131n duygu ve dram y\u00fckl\u00fc yolculu\u011funa e\u015flik edeceksiniz.   Mistik varl\u0131klar aras\u0131 ya\u015fanan \u00e7at\u0131\u015fma ve kurulan ittifaklar\u0131 anlatan bu duygu y\u00fckl\u00fc fantastik roman, hat\u0131ralar\u0131n\u0131zda \u00e7ok \u00f6nemli bir yer kaplayacak.<\/p>\n","protected":false},"excerpt":{"rendered":"<p>Sperodea roman dizisinin 3. devam serisiyle kar\u015f\u0131n\u0131zday\u0131z. Mistik varl\u0131klar aras\u0131 fantastik bir maceran\u0131n ak\u0131c\u0131 bir anlat\u0131mla s\u00f6zc\u00fcklere d\u00f6k\u00fcld\u00fc\u011f\u00fc bu s\u00fcr\u00fckleyici roman\u0131 elinizden b\u0131rakamayacaks\u0131n\u0131z. \u0130lk sayfas\u0131ndan son<span class=\"excerpt-hellip\"> [\u2026]<\/span><\/p>\n","protected":false},"featured_media":0,"template":"","meta":{"_monsterinsights_skip_tracking":false,"_monsterinsights_sitenote_active":false,"_monsterinsights_sitenote_note":"","_monsterinsights_sitenote_category":0},"product_brand":[],"product_cat":[12291,14777],"product_tag":[],"class_list":{"0":"post-760546","1":"product","2":"type-product","3":"status-publish","5":"product_cat-edebiyat","6":"product_cat-fantastik","7":"pa_cilt-ciltsiz","8":"pa_tur-kitap","9":"pa_yayinevi-perseus","10":"pa_yazar-umut-sadak","12":"first","13":"instock","14":"sale","15":"shipping-taxable","16":"purchasable","17":"product-type-simple"},"_links":{"self":[{"href":"https:\/\/roveyayinevi.com.tr\/index.php\/wp-json\/wp\/v2\/product\/760546","targetHints":{"allow":["GET"]}}],"collection":[{"href":"https:\/\/roveyayinevi.com.tr\/index.php\/wp-json\/wp\/v2\/product"}],"about":[{"href":"https:\/\/roveyayinevi.com.tr\/index.php\/wp-json\/wp\/v2\/types\/product"}],"wp:attachment":[{"href":"https:\/\/roveyayinevi.com.tr\/index.php\/wp-json\/wp\/v2\/media?parent=760546"}],"wp:term":[{"taxonomy":"product_brand","embeddable":true,"href":"https:\/\/roveyayinevi.com.tr\/index.php\/wp-json\/wp\/v2\/product_brand?post=760546"},{"taxonomy":"product_cat","embeddable":true,"href":"https:\/\/roveyayinevi.com.tr\/index.php\/wp-json\/wp\/v2\/product_cat?post=760546"},{"taxonomy":"product_tag","embeddable":true,"href":"https:\/\/roveyayinevi.com.tr\/index.php\/wp-json\/wp\/v2\/product_tag?post=760546"}],"curies":[{"name":"wp","href":"https:\/\/api.w.org\/{rel}","templated":true}]}}