{"id":760545,"date":"2025-08-28T09:09:01","date_gmt":"2025-08-28T06:09:01","guid":{"rendered":"https:\/\/roveyayinevi.com.tr\/index.php\/urun\/roza-dorea-ve-sednanin-intikam-atesi\/"},"modified":"2026-04-16T03:13:28","modified_gmt":"2026-04-16T00:13:28","slug":"roza-dorea-ve-sednanin-intikam-atesi","status":"publish","type":"product","link":"https:\/\/roveyayinevi.com.tr\/index.php\/urun\/roza-dorea-ve-sednanin-intikam-atesi\/","title":{"rendered":"Roza Dorea ve Sedna\u2019n\u0131n \u0130ntikam Ate\u015fi"},"content":{"rendered":"<p>\u201cHer ac\u0131n\u0131n \u00fczeri \u00f6rt\u00fclmez.   Ge\u00e7en zaman baz\u0131 ac\u0131lar\u0131n ate\u015fini derinle\u015ftirerek intikam ate\u015fine evriltir.   \u0130ntikam ate\u015fiyle yanmak bir k\u00f6rl\u00fck halidir.   Bu ate\u015f \u00e7o\u011fu zaman de\u011fdi\u011fi herkesi ve her \u015feyi k\u00fcle \u00e7evirir.\u201d   ***   Harpy&#8217;lerin maceralar\u0131 kald\u0131\u011f\u0131 yerden devam ediyor.<\/p>\n","protected":false},"excerpt":{"rendered":"<p>\u201cHer ac\u0131n\u0131n \u00fczeri \u00f6rt\u00fclmez. Ge\u00e7en zaman baz\u0131 ac\u0131lar\u0131n ate\u015fini derinle\u015ftirerek intikam ate\u015fine evriltir. \u0130ntikam ate\u015fiyle yanmak bir k\u00f6rl\u00fck halidir. Bu ate\u015f \u00e7o\u011fu zaman de\u011fdi\u011fi herkesi ve<span class=\"excerpt-hellip\"> [\u2026]<\/span><\/p>\n","protected":false},"featured_media":0,"template":"","meta":{"_monsterinsights_skip_tracking":false,"_monsterinsights_sitenote_active":false,"_monsterinsights_sitenote_note":"","_monsterinsights_sitenote_category":0},"product_brand":[],"product_cat":[12291,14777],"product_tag":[],"class_list":{"0":"post-760545","1":"product","2":"type-product","3":"status-publish","5":"product_cat-edebiyat","6":"product_cat-fantastik","7":"pa_cilt-ciltsiz","8":"pa_tur-kitap","9":"pa_yayinevi-perseus","10":"pa_yazar-berna-guzel","12":"first","13":"instock","14":"sale","15":"shipping-taxable","16":"purchasable","17":"product-type-simple"},"_links":{"self":[{"href":"https:\/\/roveyayinevi.com.tr\/index.php\/wp-json\/wp\/v2\/product\/760545","targetHints":{"allow":["GET"]}}],"collection":[{"href":"https:\/\/roveyayinevi.com.tr\/index.php\/wp-json\/wp\/v2\/product"}],"about":[{"href":"https:\/\/roveyayinevi.com.tr\/index.php\/wp-json\/wp\/v2\/types\/product"}],"wp:attachment":[{"href":"https:\/\/roveyayinevi.com.tr\/index.php\/wp-json\/wp\/v2\/media?parent=760545"}],"wp:term":[{"taxonomy":"product_brand","embeddable":true,"href":"https:\/\/roveyayinevi.com.tr\/index.php\/wp-json\/wp\/v2\/product_brand?post=760545"},{"taxonomy":"product_cat","embeddable":true,"href":"https:\/\/roveyayinevi.com.tr\/index.php\/wp-json\/wp\/v2\/product_cat?post=760545"},{"taxonomy":"product_tag","embeddable":true,"href":"https:\/\/roveyayinevi.com.tr\/index.php\/wp-json\/wp\/v2\/product_tag?post=760545"}],"curies":[{"name":"wp","href":"https:\/\/api.w.org\/{rel}","templated":true}]}}