{"id":760544,"date":"2025-08-28T09:08:59","date_gmt":"2025-08-28T06:08:59","guid":{"rendered":"https:\/\/roveyayinevi.com.tr\/index.php\/urun\/kirik-tel\/"},"modified":"2026-04-16T03:13:28","modified_gmt":"2026-04-16T00:13:28","slug":"kirik-tel","status":"publish","type":"product","link":"https:\/\/roveyayinevi.com.tr\/index.php\/urun\/kirik-tel\/","title":{"rendered":"K\u0131r\u0131k Tel"},"content":{"rendered":"<p>Hayat\u0131 ke\u015fkesiz ya\u015famak zor, ama azaltabiliriz. \u0130stersek&#8230;   Sibel, ger\u00e7ekten bir \u015feyleri de\u011fi\u015ftirebilir miydi? Her seferinde yelkenleri suya indirirken bir anda kendinden \u015f\u00fcphe etmeye ba\u015fl\u0131yordu. Neydi onu bu kadar savunmas\u0131z b\u0131rakan? Ya\u015fad\u0131\u011f\u0131 t\u00fcm zorluklara ra\u011fmen iyimser olmaya ve umut etmeye devam edebilir miydi? Peki, zay\u0131f oldu\u011funda ezildi\u011fi, g\u00fc\u00e7l\u00fc oldu\u011funda vicdan azab\u0131 duydu\u011fu \u00e7etrefilli bir a\u015fk hik\u00e2yesinin kurtar\u0131c\u0131s\u0131 m\u0131yd\u0131 yoksa kurban\u0131 m\u0131?   \u00c7i\u011fdem Turgay&#8217;\u0131n ikinci roman\u0131 K\u0131r\u0131k Tel&#8217;de kapanmayan \u00e7ocukluk yaralar\u0131n\u0131n esiri olan Tanzer ve ona pansuman olabilece\u011fine g\u00f6n\u00fclden inanan Sibel&#8217;in hik\u00e2yesine tan\u0131kl\u0131k edeceksiniz. Esrarengiz bi\u00e7imde ortadan kaybolan \u0130rem&#8217;in izini s\u00fcrerken, zaman zaman gerilim dolu anlar ya\u015fayacak ve son ana kadar heyecan dolu bu ser\u00fcvene e\u015flik edeceksiniz. <\/p>\n","protected":false},"excerpt":{"rendered":"<p>Hayat\u0131 ke\u015fkesiz ya\u015famak zor, ama azaltabiliriz. \u0130stersek&#8230; Sibel, ger\u00e7ekten bir \u015feyleri de\u011fi\u015ftirebilir miydi? Her seferinde yelkenleri suya indirirken bir anda kendinden \u015f\u00fcphe etmeye ba\u015fl\u0131yordu. Neydi onu<span class=\"excerpt-hellip\"> [\u2026]<\/span><\/p>\n","protected":false},"featured_media":0,"template":"","meta":{"_monsterinsights_skip_tracking":false,"_monsterinsights_sitenote_active":false,"_monsterinsights_sitenote_note":"","_monsterinsights_sitenote_category":0},"product_brand":[],"product_cat":[12291,12711],"product_tag":[],"class_list":{"0":"post-760544","1":"product","2":"type-product","3":"status-publish","5":"product_cat-edebiyat","6":"product_cat-roman-oyku","7":"pa_cilt-ciltsiz","8":"pa_tur-kitap","9":"pa_yayinevi-perseus","10":"pa_yazar-cigdem-turgay","12":"first","13":"instock","14":"sale","15":"shipping-taxable","16":"purchasable","17":"product-type-simple"},"_links":{"self":[{"href":"https:\/\/roveyayinevi.com.tr\/index.php\/wp-json\/wp\/v2\/product\/760544","targetHints":{"allow":["GET"]}}],"collection":[{"href":"https:\/\/roveyayinevi.com.tr\/index.php\/wp-json\/wp\/v2\/product"}],"about":[{"href":"https:\/\/roveyayinevi.com.tr\/index.php\/wp-json\/wp\/v2\/types\/product"}],"wp:attachment":[{"href":"https:\/\/roveyayinevi.com.tr\/index.php\/wp-json\/wp\/v2\/media?parent=760544"}],"wp:term":[{"taxonomy":"product_brand","embeddable":true,"href":"https:\/\/roveyayinevi.com.tr\/index.php\/wp-json\/wp\/v2\/product_brand?post=760544"},{"taxonomy":"product_cat","embeddable":true,"href":"https:\/\/roveyayinevi.com.tr\/index.php\/wp-json\/wp\/v2\/product_cat?post=760544"},{"taxonomy":"product_tag","embeddable":true,"href":"https:\/\/roveyayinevi.com.tr\/index.php\/wp-json\/wp\/v2\/product_tag?post=760544"}],"curies":[{"name":"wp","href":"https:\/\/api.w.org\/{rel}","templated":true}]}}