{"id":760541,"date":"2025-08-28T09:08:54","date_gmt":"2025-08-28T06:08:54","guid":{"rendered":"https:\/\/roveyayinevi.com.tr\/index.php\/urun\/statu-oyunlari\/"},"modified":"2026-04-16T03:13:27","modified_gmt":"2026-04-16T00:13:27","slug":"statu-oyunlari","status":"publish","type":"product","link":"https:\/\/roveyayinevi.com.tr\/index.php\/urun\/statu-oyunlari\/","title":{"rendered":"Stat\u00fc Oyunlar\u0131"},"content":{"rendered":"<p>Darwin, Freud, Shakespeare gibi b\u00fcy\u00fck isimler de stat\u00fc pe\u015finden ko\u015fmu\u015ftu. Stat\u00fc= \u00dcst\u00fcnl\u00fck. \u0130nsanlar stat\u00fcy\u00fc \u00f6nemserler \u00e7\u00fcnk\u00fc beyinlerimiz stat\u00fcye \u00f6nem veren hayvanlardan miras al\u0131nm\u0131\u015ft\u0131r. Memeliler temel ihtiya\u00e7lar\u0131n\u0131 giderdikten sonra kalan enerjilerini birbirlerine \u00fcst\u00fcn gelmek i\u00e7in harcar, \u00e7\u00fcnk\u00fc beyinleri bir ba\u015fkas\u0131na egemen veya \u00fcst\u00fcn oldu\u011fu zaman \u00f6d\u00fcl ve mutluluk kimyasallar\u0131 (serotonin) salg\u0131larken, boyun e\u011fdi\u011finde ise tehdit ve stres kimyasallar\u0131 (kortizol) salg\u0131layarak alarm verir. \u0130nsanlarda da ayn\u0131 kimyasallar ve ayn\u0131 beyin yap\u0131lar\u0131 vard\u0131r; di\u011fer memeliler gibi mutluluk kimyasallar\u0131 salg\u0131latacak davran\u0131\u015flar\u0131 tekrar etmek ve mutsuzluk kimyasallar\u0131 salg\u0131latacak davran\u0131\u015flardan ka\u00e7\u0131nmak isterler. Dolay\u0131s\u0131yla stat\u00fc pe\u015finde ko\u015fmam\u0131z \u015fa\u015f\u0131rt\u0131c\u0131 de\u011fil ama yorucu, y\u0131prat\u0131c\u0131\u2026 Stat\u00fcy\u00fc \u00f6l\u00fcm kal\u0131m meselesi haline getiren beyninizin bunu nas\u0131l yapt\u0131\u011f\u0131n\u0131 bilirseniz stat\u00fc oyunlar\u0131ndan dolay\u0131 tehdit alt\u0131nda ve mutsuz hissetmektense hayat\u0131n tad\u0131n\u0131 \u00e7\u0131karabilirsiniz. D\u00fcnyay\u0131 kontrol edemezsiniz ama beyninizi kontrol etme g\u00fcc\u00fcn\u00fcz sand\u0131\u011f\u0131n\u0131zdan fazlad\u0131r. \u0130\u00e7inizdeki memeliye kendini iyi hissetmesinin farkl\u0131 ve sa\u011fl\u0131kl\u0131 yollar\u0131n\u0131 sunabilirsiniz. Inner Mammal Enstit\u00fcs\u00fc\u2019n\u00fcn kurucusu Loretta Graziano Breuning, stat\u00fc oyunlar\u0131na dahil olmadan nas\u0131l serotonin salg\u0131layabilece\u011finizi, stat\u00fc arama tuza\u011f\u0131ndan ka\u00e7\u0131nmak i\u00e7in beyninizi nas\u0131l yeniden yap\u0131land\u0131raca\u011f\u0131n\u0131z\u0131 anlat\u0131yor. Yeni d\u00fc\u015f\u00fcnce tarz\u0131n\u0131z mutluluk hormonlar\u0131n\u0131za yeni yollar a\u00e7acak ve rahatlayacaks\u0131n\u0131z.<\/p>\n","protected":false},"excerpt":{"rendered":"<p>Darwin, Freud, Shakespeare gibi b\u00fcy\u00fck isimler de stat\u00fc pe\u015finden ko\u015fmu\u015ftu. Stat\u00fc= \u00dcst\u00fcnl\u00fck. \u0130nsanlar stat\u00fcy\u00fc \u00f6nemserler \u00e7\u00fcnk\u00fc beyinlerimiz stat\u00fcye \u00f6nem veren hayvanlardan miras al\u0131nm\u0131\u015ft\u0131r. Memeliler temel ihtiya\u00e7lar\u0131n\u0131<span class=\"excerpt-hellip\"> [\u2026]<\/span><\/p>\n","protected":false},"featured_media":0,"template":"","meta":{"_monsterinsights_skip_tracking":false,"_monsterinsights_sitenote_active":false,"_monsterinsights_sitenote_note":"","_monsterinsights_sitenote_category":0},"product_brand":[],"product_cat":[12364,12376],"product_tag":[],"class_list":{"0":"post-760541","1":"product","2":"type-product","3":"status-publish","5":"product_cat-genel-konular","6":"product_cat-kisisel-gelisim","7":"pa_cilt-ciltsiz","8":"pa_tur-kitap","9":"pa_yayinevi-kuraldisi-yayinevi","10":"pa_yazar-loretta-graziano-breuning","12":"first","13":"instock","14":"sale","15":"shipping-taxable","16":"purchasable","17":"product-type-simple"},"_links":{"self":[{"href":"https:\/\/roveyayinevi.com.tr\/index.php\/wp-json\/wp\/v2\/product\/760541","targetHints":{"allow":["GET"]}}],"collection":[{"href":"https:\/\/roveyayinevi.com.tr\/index.php\/wp-json\/wp\/v2\/product"}],"about":[{"href":"https:\/\/roveyayinevi.com.tr\/index.php\/wp-json\/wp\/v2\/types\/product"}],"wp:attachment":[{"href":"https:\/\/roveyayinevi.com.tr\/index.php\/wp-json\/wp\/v2\/media?parent=760541"}],"wp:term":[{"taxonomy":"product_brand","embeddable":true,"href":"https:\/\/roveyayinevi.com.tr\/index.php\/wp-json\/wp\/v2\/product_brand?post=760541"},{"taxonomy":"product_cat","embeddable":true,"href":"https:\/\/roveyayinevi.com.tr\/index.php\/wp-json\/wp\/v2\/product_cat?post=760541"},{"taxonomy":"product_tag","embeddable":true,"href":"https:\/\/roveyayinevi.com.tr\/index.php\/wp-json\/wp\/v2\/product_tag?post=760541"}],"curies":[{"name":"wp","href":"https:\/\/api.w.org\/{rel}","templated":true}]}}