{"id":760539,"date":"2025-08-28T09:08:51","date_gmt":"2025-08-28T06:08:51","guid":{"rendered":"https:\/\/roveyayinevi.com.tr\/index.php\/urun\/psikolog-olmayanlar-icin-psikoloji\/"},"modified":"2026-04-16T03:13:27","modified_gmt":"2026-04-16T00:13:27","slug":"psikolog-olmayanlar-icin-psikoloji","status":"publish","type":"product","link":"https:\/\/roveyayinevi.com.tr\/index.php\/urun\/psikolog-olmayanlar-icin-psikoloji\/","title":{"rendered":"Psikolog Olmayanlar \u0130\u00e7in Psikoloji"},"content":{"rendered":"<p>Erich Fromm hayat\u0131n\u0131 insan varolu\u015funun temel sorular\u0131n\u0131 yan\u0131tlamaya \u00e7al\u0131\u015farak ge\u00e7irdi. Onun i\u00e7in \u201cinsan kimdir?\u201d sorusu do\u011frudan ya\u015faman\u0131n \u00f6z\u00fcne g\u00f6t\u00fcr\u00fcyordu. Bu kitapta yer alan yaz\u0131lar, Fromm\u2019un psikolojik ve toplumsal sorunlara ili\u015fkin temel d\u00fc\u015f\u00fcncelerini aktaran ve ilk kez yetmi\u015fli y\u0131llarda G\u00fcney Almanya Radyosu\u2019nda yay\u0131nlanan konu\u015fmalar\u0131na dayanmaktad\u0131r. Fromm, sald\u0131rganl\u0131\u011f\u0131n k\u00f6kenlerinin yan\u0131 s\u0131ra sava\u015f\u0131n ruhsal ve politik ko\u015fullar\u0131n\u0131 da ara\u015ft\u0131r\u0131yor, toplumumuzdaki bolluk ve b\u0131kk\u0131nl\u0131\u011f\u0131 inceliyor ve psikolojinin i\u015flevlerini psikolog olmayanlar i\u00e7in a\u00e7\u0131kl\u0131yor. Fromm\u2019un \u00f6zg\u00fcn anlat\u0131m\u0131 ve incelikli dili, insanlara kar\u015f\u0131 ne kadar derin bir anlay\u0131\u015f ve sevgiyle dolu oldu\u011funu g\u00f6steriyor. *** Her insan ya\u015fam\u0131na uygun olan psikolojiyi uyguluyor ve uygulamal\u0131d\u0131r. \u0130nsan ba\u015fkalar\u0131n\u0131n neler ya\u015fad\u0131\u011f\u0131n\u0131 bilmek, onlar\u0131 anlamaya \u00e7al\u0131\u015fmak zorundad\u0131r. Hatta ba\u015fkalar\u0131n\u0131n nas\u0131l davranaca\u011f\u0131n\u0131 tahmin etmek zorundad\u0131r. <\/p>\n","protected":false},"excerpt":{"rendered":"<p>Erich Fromm hayat\u0131n\u0131 insan varolu\u015funun temel sorular\u0131n\u0131 yan\u0131tlamaya \u00e7al\u0131\u015farak ge\u00e7irdi. Onun i\u00e7in \u201cinsan kimdir?\u201d sorusu do\u011frudan ya\u015faman\u0131n \u00f6z\u00fcne g\u00f6t\u00fcr\u00fcyordu. Bu kitapta yer alan yaz\u0131lar, Fromm\u2019un psikolojik<span class=\"excerpt-hellip\"> [\u2026]<\/span><\/p>\n","protected":false},"featured_media":0,"template":"","meta":{"_monsterinsights_skip_tracking":false,"_monsterinsights_sitenote_active":false,"_monsterinsights_sitenote_note":"","_monsterinsights_sitenote_category":0},"product_brand":[],"product_cat":[12357],"product_tag":[],"class_list":{"0":"post-760539","1":"product","2":"type-product","3":"status-publish","5":"product_cat-psikoloji","6":"pa_cilt-ciltsiz","7":"pa_tur-kitap","8":"pa_yayinevi-say-yayinlari","9":"pa_yazar-erich-fromm","11":"first","12":"instock","13":"sale","14":"shipping-taxable","15":"purchasable","16":"product-type-simple"},"_links":{"self":[{"href":"https:\/\/roveyayinevi.com.tr\/index.php\/wp-json\/wp\/v2\/product\/760539","targetHints":{"allow":["GET"]}}],"collection":[{"href":"https:\/\/roveyayinevi.com.tr\/index.php\/wp-json\/wp\/v2\/product"}],"about":[{"href":"https:\/\/roveyayinevi.com.tr\/index.php\/wp-json\/wp\/v2\/types\/product"}],"wp:attachment":[{"href":"https:\/\/roveyayinevi.com.tr\/index.php\/wp-json\/wp\/v2\/media?parent=760539"}],"wp:term":[{"taxonomy":"product_brand","embeddable":true,"href":"https:\/\/roveyayinevi.com.tr\/index.php\/wp-json\/wp\/v2\/product_brand?post=760539"},{"taxonomy":"product_cat","embeddable":true,"href":"https:\/\/roveyayinevi.com.tr\/index.php\/wp-json\/wp\/v2\/product_cat?post=760539"},{"taxonomy":"product_tag","embeddable":true,"href":"https:\/\/roveyayinevi.com.tr\/index.php\/wp-json\/wp\/v2\/product_tag?post=760539"}],"curies":[{"name":"wp","href":"https:\/\/api.w.org\/{rel}","templated":true}]}}