{"id":760538,"date":"2025-08-28T09:08:50","date_gmt":"2025-08-28T06:08:50","guid":{"rendered":"https:\/\/roveyayinevi.com.tr\/index.php\/urun\/adan-zye-matematik\/"},"modified":"2026-04-16T03:13:27","modified_gmt":"2026-04-16T00:13:27","slug":"adan-zye-matematik","status":"publish","type":"product","link":"https:\/\/roveyayinevi.com.tr\/index.php\/urun\/adan-zye-matematik\/","title":{"rendered":"A\u2019dan Z\u2019ye Matematik"},"content":{"rendered":"<p>Matematik ekonominin, i\u015fletmecili\u011fin, bilimin ve teknolojinin temelidir; ev ekonominizi idare etmek, i\u015finizi y\u00f6netmek, bilim yapabilmek, teknoloji \u00fcretmek i\u00e7in size \u00e7ok laz\u0131md\u0131r. \u0130lk bak\u0131\u015fta biraz \u00fcrk\u00fct\u00fcc\u00fc g\u00f6r\u00fcnebilir ama k\u00fc\u00e7\u00fck bir \u00e7abayla p\u00fcf noktalar\u0131n\u0131 \u00f6\u011frenip ondan faydalanmaya ba\u015flayabilirsiniz. O saat size ba\u015far\u0131n\u0131n ve mutlulu\u011fun kap\u0131lar\u0131n\u0131 a\u00e7acakt\u0131r.  A\u2019dan Z\u2019ye Matematik cebirden geometriye, istatistikten kalk\u00fcl\u00fcse b\u00fct\u00fcn matematik konular\u0131yla, matemati\u011fin tarihi ve b\u00fcy\u00fck matematik\u00e7ilerin hayatlar\u0131 ve eserleriyle ilgili akl\u0131n\u0131za gelebilecek b\u00fct\u00fcn sorular\u0131 sizden \u00f6nce soruyor ve yan\u0131tl\u0131yor. \u2022    Pisagor\u2019un matemati\u011fe katk\u0131s\u0131 neydi? \u2022    Harezmi kimdir? \u2022    Geometrinin \u201cyap\u0131 ta\u015flar\u0131ndan\u201d baz\u0131lar\u0131 nelerdir? \u2022    Kurt G\u00f6del matemati\u011fi nas\u0131l bir y\u00f6ne do\u011fru itmi\u015ftir? \u2022    Oran ve orant\u0131 nedir? \u2022    Logaritma ne i\u015fe yarar? \u2022    \u0130nsan beyni kesirleri nas\u0131l alg\u0131lar? A\u2019dan Z\u2019ye Matematik, matemati\u011fin tarihini okumak, eski bilgilerini tazelemek ya da matemati\u011fini geli\u015ftirmek isteyen yeti\u015fkinler; kaynak kitap arayan \u00f6\u011fretmenler; yard\u0131mc\u0131 ders kitab\u0131 aray\u0131\u015f\u0131nda olan \u00f6\u011frenciler i\u00e7in kesinlikle iyi bir tercihtir. <\/p>\n","protected":false},"excerpt":{"rendered":"<p>Matematik ekonominin, i\u015fletmecili\u011fin, bilimin ve teknolojinin temelidir; ev ekonominizi idare etmek, i\u015finizi y\u00f6netmek, bilim yapabilmek, teknoloji \u00fcretmek i\u00e7in size \u00e7ok laz\u0131md\u0131r. \u0130lk bak\u0131\u015fta biraz \u00fcrk\u00fct\u00fcc\u00fc g\u00f6r\u00fcnebilir<span class=\"excerpt-hellip\"> [\u2026]<\/span><\/p>\n","protected":false},"featured_media":0,"template":"","meta":{"_monsterinsights_skip_tracking":false,"_monsterinsights_sitenote_active":false,"_monsterinsights_sitenote_note":"","_monsterinsights_sitenote_category":0},"product_brand":[],"product_cat":[13005],"product_tag":[],"class_list":{"0":"post-760538","1":"product","2":"type-product","3":"status-publish","5":"product_cat-bilim-muhendislik","6":"pa_cilt-ciltsiz","7":"pa_tur-kitap","8":"pa_yayinevi-say-yayinlari","9":"pa_yazar-patricia-barnes-svarney-thomas-e-svarney","11":"first","12":"instock","13":"sale","14":"shipping-taxable","15":"purchasable","16":"product-type-simple"},"_links":{"self":[{"href":"https:\/\/roveyayinevi.com.tr\/index.php\/wp-json\/wp\/v2\/product\/760538","targetHints":{"allow":["GET"]}}],"collection":[{"href":"https:\/\/roveyayinevi.com.tr\/index.php\/wp-json\/wp\/v2\/product"}],"about":[{"href":"https:\/\/roveyayinevi.com.tr\/index.php\/wp-json\/wp\/v2\/types\/product"}],"wp:attachment":[{"href":"https:\/\/roveyayinevi.com.tr\/index.php\/wp-json\/wp\/v2\/media?parent=760538"}],"wp:term":[{"taxonomy":"product_brand","embeddable":true,"href":"https:\/\/roveyayinevi.com.tr\/index.php\/wp-json\/wp\/v2\/product_brand?post=760538"},{"taxonomy":"product_cat","embeddable":true,"href":"https:\/\/roveyayinevi.com.tr\/index.php\/wp-json\/wp\/v2\/product_cat?post=760538"},{"taxonomy":"product_tag","embeddable":true,"href":"https:\/\/roveyayinevi.com.tr\/index.php\/wp-json\/wp\/v2\/product_tag?post=760538"}],"curies":[{"name":"wp","href":"https:\/\/api.w.org\/{rel}","templated":true}]}}