{"id":760533,"date":"2025-08-28T09:08:41","date_gmt":"2025-08-28T06:08:41","guid":{"rendered":"https:\/\/roveyayinevi.com.tr\/index.php\/urun\/ara-istasyon\/"},"modified":"2026-04-14T03:21:52","modified_gmt":"2026-04-14T00:21:52","slug":"ara-istasyon","status":"publish","type":"product","link":"https:\/\/roveyayinevi.com.tr\/index.php\/urun\/ara-istasyon\/","title":{"rendered":"Ara \u0130stasyon"},"content":{"rendered":"<p>1963 HUGO EN \u0130Y\u0130 ROMAN   \u201cGALAKS\u0130, HERHANG\u0130 B\u0130R CANLININ \u00c7IRIL\u00c7IPLAK, YAPAYALNIZ KALMASI \u0130\u00c7\u0130N \u00d6YLE B\u00dcY\u00dcK K\u0130.\u201d   Onu di\u011fer bir\u00e7ok bilimkurgu yazar\u0131ndan ay\u0131ran pastoral, nazik bir u\u0308sluba sahip olan Clifford D. Simak, bilimkurgunun alt\u0131n \u00e7a\u011f\u0131n\u0131n u\u0308retti\u011fi ilk u\u0308statlardan biri. Simak\u2019\u0131n en u\u0308nlu\u0308 eseri Ara \u0130stasyon ise insanl\u0131\u011f\u0131n galaksideki yerine dair \u00e7arp\u0131c\u0131 bir anlat\u0131.   Enoch Wallace ya\u015flanmayan bir mu\u0308nzeviydi, yu\u0308z y\u0131l\u0131 a\u015fk\u0131n su\u0308redir ayn\u0131 eski evde ya\u015f\u0131yordu ve h\u00e2l\u00e2 Amerikan \u0130\u00e7 Sava\u015f\u0131\u2019nda kulland\u0131\u011f\u0131 silah\u0131 ta\u015f\u0131yordu. D\u0131\u015far\u0131dan alelade bir yap\u0131 gibi g\u00f6ru\u0308nen evi ise Galaktik Merkez\u2019in i\u015fletti\u011fi y\u0131ld\u0131zlararas\u0131 bir ara istasyondu.   Yu\u0308z y\u0131ldan daha uzun bir su\u0308re \u00f6nce, Ulysses ad\u0131nda bir uzayl\u0131 Enoch\u2019u Du\u0308nya\u2019n\u0131n tek galaktik transfer istasyonunun bek\u00e7isi olarak i\u015fe alm\u0131\u015ft\u0131. Enoch\u2019un g\u00f6revi yapt\u0131\u011f\u0131 i\u015fi gizli tutmak ve galaksinin bir ucundan \u00f6tekine yolculuk eden uzayl\u0131 gezginleri evinde a\u011f\u0131rlamakt\u0131.   CIA bu gizemli adam\u0131n hayat\u0131na yak\u0131ndan bakmaya karar verince Enoch Wallace\u2019\u0131n sakin hayat\u0131 altu\u0308st olacak, bunun sonucunda Galaktik Merkez de Du\u0308nya istasyonunu kapatmay\u0131 tart\u0131\u015facakt\u0131. Du\u0308nya gezegeni hem eli kula\u011f\u0131nda bir nu\u0308kleer sava\u015fla hem de galaksideki di\u011fer uygarl\u0131klar taraf\u0131ndan d\u0131\u015flanma tehlikesiyle kar\u015f\u0131 kar\u015f\u0131yayd\u0131. Enoch\u2019un ise Du\u0308nya ad\u0131na \u00e7ok \u00f6nemli bir se\u00e7im yapmas\u0131 gerekecekti. <\/p>\n","protected":false},"excerpt":{"rendered":"<p>1963 HUGO EN \u0130Y\u0130 ROMAN \u201cGALAKS\u0130, HERHANG\u0130 B\u0130R CANLININ \u00c7IRIL\u00c7IPLAK, YAPAYALNIZ KALMASI \u0130\u00c7\u0130N \u00d6YLE B\u00dcY\u00dcK K\u0130.\u201d Onu di\u011fer bir\u00e7ok bilimkurgu yazar\u0131ndan ay\u0131ran pastoral, nazik bir u\u0308sluba<span class=\"excerpt-hellip\"> [\u2026]<\/span><\/p>\n","protected":false},"featured_media":0,"template":"","meta":{"_monsterinsights_skip_tracking":false,"_monsterinsights_sitenote_active":false,"_monsterinsights_sitenote_note":"","_monsterinsights_sitenote_category":0},"product_brand":[],"product_cat":[12540,12291],"product_tag":[],"class_list":{"0":"post-760533","1":"product","2":"type-product","3":"status-publish","5":"product_cat-bilim-kurgu","6":"product_cat-edebiyat","7":"pa_cilt-ciltsiz","8":"pa_tur-kitap","9":"pa_yayinevi-ithaki-yayinlari","10":"pa_yazar-clifford-d-simak","12":"first","13":"instock","14":"sale","15":"shipping-taxable","16":"purchasable","17":"product-type-simple"},"_links":{"self":[{"href":"https:\/\/roveyayinevi.com.tr\/index.php\/wp-json\/wp\/v2\/product\/760533","targetHints":{"allow":["GET"]}}],"collection":[{"href":"https:\/\/roveyayinevi.com.tr\/index.php\/wp-json\/wp\/v2\/product"}],"about":[{"href":"https:\/\/roveyayinevi.com.tr\/index.php\/wp-json\/wp\/v2\/types\/product"}],"wp:attachment":[{"href":"https:\/\/roveyayinevi.com.tr\/index.php\/wp-json\/wp\/v2\/media?parent=760533"}],"wp:term":[{"taxonomy":"product_brand","embeddable":true,"href":"https:\/\/roveyayinevi.com.tr\/index.php\/wp-json\/wp\/v2\/product_brand?post=760533"},{"taxonomy":"product_cat","embeddable":true,"href":"https:\/\/roveyayinevi.com.tr\/index.php\/wp-json\/wp\/v2\/product_cat?post=760533"},{"taxonomy":"product_tag","embeddable":true,"href":"https:\/\/roveyayinevi.com.tr\/index.php\/wp-json\/wp\/v2\/product_tag?post=760533"}],"curies":[{"name":"wp","href":"https:\/\/api.w.org\/{rel}","templated":true}]}}