{"id":760532,"date":"2025-08-28T09:08:39","date_gmt":"2025-08-28T06:08:39","guid":{"rendered":"https:\/\/roveyayinevi.com.tr\/index.php\/urun\/her-seyin-hikayesi\/"},"modified":"2026-04-16T03:13:27","modified_gmt":"2026-04-16T00:13:27","slug":"her-seyin-hikayesi","status":"publish","type":"product","link":"https:\/\/roveyayinevi.com.tr\/index.php\/urun\/her-seyin-hikayesi\/","title":{"rendered":"Her \u015eeyin Hikayesi"},"content":{"rendered":"<p>2019 PULITZER KURGU \u00d6D\u00dcL\u00dc KAZANANI   Amerikan edebiyat\u0131n\u0131n son y\u0131llardaki popu\u0308ler isimlerinden Richard Powers, romanlar\u0131nda y\u00fczlerce y\u0131ll\u0131k bilim veya co\u011frafya tarihlerini, edebi karakterlerinin kaderiyle birle\u015ftirerek, devasa konular\u0131 m\u00fcthi\u015f kurgusal yetenekleriyle ele al\u0131yor. Bugu\u0308ne kadar Pen, Ulusal Kitap, Ulusal Kitap Ele\u015ftirmenleri gibi \u00e7e\u015fitli \u00f6d\u00fcllere lay\u0131k g\u00f6ru\u0308len \u00e7ok say\u0131da roman yazan Powers\u2019\u0131n on ikinci kitab\u0131 Her \u015eeyin Hik\u00e2yesi de 2019\u2019da Pulitzer \u00d6du\u0308lu\u0308\u2019nu\u0308 kazanmakla kalmayarak New York Times, Washington Post, Time, Newsweek, Kirkus Review ve Amazon taraf\u0131ndan y\u0131l\u0131n en iyi kitaplar\u0131 aras\u0131nda g\u00f6sterildi.   A\u011fa\u00e7lara y\u00f6nelik bu\u0308yu\u0308k bir sayg\u0131 duru\u015fu olan Her \u015eeyin Hik\u00e2yesi, do\u011fay\u0131, insanlar\u0131, uygarl\u0131\u011f\u0131 birbirine ba\u011flayan a\u011flar\u0131 tu\u0308m azametiyle g\u00f6stermeye \u00e7al\u0131\u015f\u0131yor: Du\u0308nyan\u0131n farkl\u0131 yerlerinden gelmi\u015f insanlar\u0131n Amerika\u2019ya k\u00f6klerini salarken yan\u0131 ba\u015flar\u0131nda her yere uzanm\u0131\u015f a\u011fa\u00e7lar\u0131n imk\u00e2nlar\u0131ndan yararland\u0131klar\u0131n\u0131; buna kar\u015f\u0131l\u0131k kendi uygarl\u0131klar\u0131n\u0131 kurarken hayat veren a\u011fa\u00e7lar\u0131n soyunu nas\u0131l tu\u0308kettiklerini anlat\u0131yor. \u00c7ok farkl\u0131 karakterde insanlar\u0131n birle\u015ferek a\u011fa\u00e7lar\u0131 kurtarmak i\u00e7in nas\u0131l \u00e7\u0131rp\u0131nd\u0131klar\u0131n\u0131, kimi zaman heba olsalar da att\u0131klar\u0131 tohumlar\u0131n ne kadar etkili olaca\u011f\u0131n\u0131 zarafetle i\u015fliyor.   Sanattan bilime, \u00e7ocukluktan a\u015fka, do\u011fadan sanal \u00e2leme, aile \u00f6yku\u0308lerinden \u00e7evre mu\u0308cadelelerine a\u011fa\u00e7lar\u0131n du\u0308nyay\u0131 nas\u0131l yarat\u0131p etkiledi\u011fine dair modern bir \u015faheser. Tu\u0308keten insani h\u0131rslar\u0131n kar\u015f\u0131s\u0131nda a\u011fa\u00e7lar\u0131n \u015fefkatinden yana olanlar\u0131n hik\u00e2yesi.   \u201cA\u011fa\u00e7lar hakk\u0131nda yaz\u0131lm\u0131\u015f en iyi roman ve asl\u0131nda tu\u0308m zamanlar\u0131n en iyi romanlar\u0131ndan da, nokta.\u201d \u2014ANN PATCHETT <\/p>\n","protected":false},"excerpt":{"rendered":"<p>2019 PULITZER KURGU \u00d6D\u00dcL\u00dc KAZANANI Amerikan edebiyat\u0131n\u0131n son y\u0131llardaki popu\u0308ler isimlerinden Richard Powers, romanlar\u0131nda y\u00fczlerce y\u0131ll\u0131k bilim veya co\u011frafya tarihlerini, edebi karakterlerinin kaderiyle birle\u015ftirerek, devasa konular\u0131<span class=\"excerpt-hellip\"> [\u2026]<\/span><\/p>\n","protected":false},"featured_media":0,"template":"","meta":{"_monsterinsights_skip_tracking":false,"_monsterinsights_sitenote_active":false,"_monsterinsights_sitenote_note":"","_monsterinsights_sitenote_category":0},"product_brand":[],"product_cat":[12291,12711],"product_tag":[],"class_list":{"0":"post-760532","1":"product","2":"type-product","3":"status-publish","5":"product_cat-edebiyat","6":"product_cat-roman-oyku","7":"pa_cilt-ciltsiz","8":"pa_tur-kitap","9":"pa_yayinevi-ithaki-yayinlari","10":"pa_yazar-richard-powers","12":"first","13":"instock","14":"sale","15":"shipping-taxable","16":"purchasable","17":"product-type-simple"},"_links":{"self":[{"href":"https:\/\/roveyayinevi.com.tr\/index.php\/wp-json\/wp\/v2\/product\/760532","targetHints":{"allow":["GET"]}}],"collection":[{"href":"https:\/\/roveyayinevi.com.tr\/index.php\/wp-json\/wp\/v2\/product"}],"about":[{"href":"https:\/\/roveyayinevi.com.tr\/index.php\/wp-json\/wp\/v2\/types\/product"}],"wp:attachment":[{"href":"https:\/\/roveyayinevi.com.tr\/index.php\/wp-json\/wp\/v2\/media?parent=760532"}],"wp:term":[{"taxonomy":"product_brand","embeddable":true,"href":"https:\/\/roveyayinevi.com.tr\/index.php\/wp-json\/wp\/v2\/product_brand?post=760532"},{"taxonomy":"product_cat","embeddable":true,"href":"https:\/\/roveyayinevi.com.tr\/index.php\/wp-json\/wp\/v2\/product_cat?post=760532"},{"taxonomy":"product_tag","embeddable":true,"href":"https:\/\/roveyayinevi.com.tr\/index.php\/wp-json\/wp\/v2\/product_tag?post=760532"}],"curies":[{"name":"wp","href":"https:\/\/api.w.org\/{rel}","templated":true}]}}