{"id":760528,"date":"2025-08-28T09:08:33","date_gmt":"2025-08-28T06:08:33","guid":{"rendered":"https:\/\/roveyayinevi.com.tr\/index.php\/urun\/avrupali-nedir\/"},"modified":"2026-04-16T03:13:27","modified_gmt":"2026-04-16T00:13:27","slug":"avrupali-nedir","status":"publish","type":"product","link":"https:\/\/roveyayinevi.com.tr\/index.php\/urun\/avrupali-nedir\/","title":{"rendered":"Avrupal\u0131 Nedir?"},"content":{"rendered":"<p>G\u00fc\u00e7l\u00fc bir cazibeye sahip olan \u201cAvrupa\u201d kelimesi bir\u00e7ok insan i\u00e7in d\u00fc\u015f\u00fcnce ve din \u00f6zg\u00fcrl\u00fc\u011f\u00fc, demokrasi, e\u015fitlik, hukukun \u00fcst\u00fcnl\u00fc\u011f\u00fc ile \u00f6zg\u00fcrce geli\u015fen bir k\u00fclt\u00fcr umudunu temsil ediyor. \u0130kinci D\u00fcnya Sava\u015f\u0131 ve Holokost\u2019tan sadece birka\u00e7 on y\u0131l sonra var\u0131lan bu nokta, \u015fa\u015f\u0131rt\u0131c\u0131 derecede olumludur. Ama ayn\u0131 zamanda, Avrupa\u2019ya olan ba\u011fl\u0131l\u0131k hissinin ba\u015fta Avrupal\u0131lar olmak \u00fczere pek \u00e7ok insanda zay\u0131f oldu\u011fu da \u015fik\u00e2yet konusudur. Bu nedenle, \u201cAvrupa\u201d ifadesini, onu olu\u015fturan ve bir arada tutan \u015feyleri tan\u0131mlayan fikirler, de\u011ferler ve k\u00fclt\u00fcrel geleneklerle doldurmaya y\u00f6nelik pek \u00e7ok giri\u015fim olmu\u015ftur. Avrupal\u0131 Nedir?, yazar\u0131n\u0131n a\u00e7\u0131k u\u00e7lu bir Avrupa kavram\u0131n\u0131 te\u015fvik etmesiyle di\u011fer giri\u015fimlerden farkl\u0131 bir yerde duruyor. Avrupa hakk\u0131nda konu\u015fmay\u0131 s\u00f6m\u00fcrgecilikten kurtaran ve romantiklikten ar\u0131nd\u0131ran iki y\u00f6nl\u00fc bir de\u011fi\u015fime \u00e7a\u011f\u0131r\u0131yor. Bu \u015fekilde d\u00fc\u015f\u00fcnmenin, Avrupa kavram\u0131n\u0131n tarihindeki iki d\u00f6nemden -1700\u2019lerdeki Ayd\u0131nlanma ve s\u00f6m\u00fcrgeci d\u00f6nem ile 1800\u2019lerdeki Romantik d\u00f6nem- kaynaklanan d\u00fc\u015f\u00fcnce bi\u00e7imlerinin \u00fcstesinden gelmeyi m\u00fcmk\u00fcn k\u0131laca\u011f\u0131n\u0131 iddia ediyor. Felsefe tarih\u00e7isi ve oryantalist Dag Nicolaus Hasse\u2019nin Avrupal\u0131 Nedir? kitab\u0131 yapay Avrupa fikirlerinin bir ele\u015ftirisini sunuyor ve ger\u00e7ek\u00e7i bir Avrupa kavram\u0131 geli\u015ftiriyor. <\/p>\n","protected":false},"excerpt":{"rendered":"<p>G\u00fc\u00e7l\u00fc bir cazibeye sahip olan \u201cAvrupa\u201d kelimesi bir\u00e7ok insan i\u00e7in d\u00fc\u015f\u00fcnce ve din \u00f6zg\u00fcrl\u00fc\u011f\u00fc, demokrasi, e\u015fitlik, hukukun \u00fcst\u00fcnl\u00fc\u011f\u00fc ile \u00f6zg\u00fcrce geli\u015fen bir k\u00fclt\u00fcr umudunu temsil ediyor.<span class=\"excerpt-hellip\"> [\u2026]<\/span><\/p>\n","protected":false},"featured_media":0,"template":"","meta":{"_monsterinsights_skip_tracking":false,"_monsterinsights_sitenote_active":false,"_monsterinsights_sitenote_note":"","_monsterinsights_sitenote_category":0},"product_brand":[],"product_cat":[13488],"product_tag":[],"class_list":{"0":"post-760528","1":"product","2":"type-product","3":"status-publish","5":"product_cat-toplum-ve-insan","6":"pa_cilt-ciltsiz","7":"pa_tur-kitap","8":"pa_yayinevi-vakifbank-kultur-yayinlari","9":"pa_yazar-dag-nikolaus-hasse","11":"first","12":"instock","13":"sale","14":"shipping-taxable","15":"purchasable","16":"product-type-simple"},"_links":{"self":[{"href":"https:\/\/roveyayinevi.com.tr\/index.php\/wp-json\/wp\/v2\/product\/760528","targetHints":{"allow":["GET"]}}],"collection":[{"href":"https:\/\/roveyayinevi.com.tr\/index.php\/wp-json\/wp\/v2\/product"}],"about":[{"href":"https:\/\/roveyayinevi.com.tr\/index.php\/wp-json\/wp\/v2\/types\/product"}],"wp:attachment":[{"href":"https:\/\/roveyayinevi.com.tr\/index.php\/wp-json\/wp\/v2\/media?parent=760528"}],"wp:term":[{"taxonomy":"product_brand","embeddable":true,"href":"https:\/\/roveyayinevi.com.tr\/index.php\/wp-json\/wp\/v2\/product_brand?post=760528"},{"taxonomy":"product_cat","embeddable":true,"href":"https:\/\/roveyayinevi.com.tr\/index.php\/wp-json\/wp\/v2\/product_cat?post=760528"},{"taxonomy":"product_tag","embeddable":true,"href":"https:\/\/roveyayinevi.com.tr\/index.php\/wp-json\/wp\/v2\/product_tag?post=760528"}],"curies":[{"name":"wp","href":"https:\/\/api.w.org\/{rel}","templated":true}]}}