{"id":760527,"date":"2025-08-28T09:08:32","date_gmt":"2025-08-28T06:08:32","guid":{"rendered":"https:\/\/roveyayinevi.com.tr\/index.php\/urun\/cagdas-zihin-felsefesi-tartismalari\/"},"modified":"2026-04-16T03:13:27","modified_gmt":"2026-04-16T00:13:27","slug":"cagdas-zihin-felsefesi-tartismalari","status":"publish","type":"product","link":"https:\/\/roveyayinevi.com.tr\/index.php\/urun\/cagdas-zihin-felsefesi-tartismalari\/","title":{"rendered":"\u00c7a\u011fda\u015f Zihin Felsefesi Tart\u0131\u015fmalar\u0131"},"content":{"rendered":"<p>\u00c7a\u011fda\u015f Felsefe Tart\u0131\u015fmalar\u0131 dizisi, okuru g\u00fcncel felsefeyle tan\u0131\u015ft\u0131rmay\u0131 ve akademik \u00e7al\u0131\u015fmalarda \u00e7er\u00e7eve sunacak bir ba\u015fvuru kayna\u011f\u0131 olmay\u0131 ama\u00e7l\u0131yor. Dizideki her bir kitap, ilgili alan\u0131n g\u00fcncel sorunlar\u0131n\u0131 tan\u0131tmas\u0131n\u0131n yan\u0131 s\u0131ra belirli bir konu ba\u011flam\u0131nda yazar\u0131n\u0131n kendine \u00f6zg\u00fc problemati\u011fini de ortaya koyuyor. Bu bak\u0131mdan dizi, b\u00fct\u00fcnl\u00fckl\u00fc bir bak\u0131\u015f sunan \u00f6zg\u00fcn eserlerden olu\u015fuyor. \u00d6zg\u00fc\u00e7 G\u00fcven \u00c7a\u011fda\u015f Zihin Felsefesi Tart\u0131\u015fmalar\u0131\u2019nda son elli y\u0131lda zihne ili\u015fkin \u00f6ne \u00e7\u0131kan tart\u0131\u015fmalar\u0131 ele al\u0131yor. Kitapta kapsaml\u0131 bir i\u00e7erik ve \u00f6zl\u00fc bir anlat\u0131mla, konu edilen her bir d\u00fc\u015f\u00fcn\u00fcr \u00f6ne \u00e7\u0131kan temel tart\u0131\u015fmas\u0131 \u00fczerinden de\u011ferlendiriliyor. D\u00fc\u015f\u00fcn\u00fcrlerin kavramlar\u0131, temel \u00f6nc\u00fclleri ve ula\u015ft\u0131klar\u0131 sonu\u00e7lar kendilerine \u00f6zg\u00fc konumunu ay\u0131rt edecek bi\u00e7imde a\u00e7\u0131klan\u0131yor. Ele al\u0131nan kuramlar\u0131n ele\u015ftirilerine de yer veren eser, zihin \u00fczerine T\u00fcrk\u00e7e d\u00fc\u015f\u00fcnmek isteyenler i\u00e7in \u00f6nemli bir ba\u015fvuru kayna\u011f\u0131. <\/p>\n","protected":false},"excerpt":{"rendered":"<p>\u00c7a\u011fda\u015f Felsefe Tart\u0131\u015fmalar\u0131 dizisi, okuru g\u00fcncel felsefeyle tan\u0131\u015ft\u0131rmay\u0131 ve akademik \u00e7al\u0131\u015fmalarda \u00e7er\u00e7eve sunacak bir ba\u015fvuru kayna\u011f\u0131 olmay\u0131 ama\u00e7l\u0131yor. Dizideki her bir kitap, ilgili alan\u0131n g\u00fcncel sorunlar\u0131n\u0131<span class=\"excerpt-hellip\"> [\u2026]<\/span><\/p>\n","protected":false},"featured_media":0,"template":"","meta":{"_monsterinsights_skip_tracking":false,"_monsterinsights_sitenote_active":false,"_monsterinsights_sitenote_note":"","_monsterinsights_sitenote_category":0},"product_brand":[],"product_cat":[12388],"product_tag":[],"class_list":{"0":"post-760527","1":"product","2":"type-product","3":"status-publish","5":"product_cat-felsefe","6":"pa_cilt-ciltsiz","7":"pa_tur-kitap","8":"pa_yayinevi-vakifbank-kultur-yayinlari","9":"pa_yazar-ozguc-guven","11":"first","12":"instock","13":"sale","14":"shipping-taxable","15":"purchasable","16":"product-type-simple"},"_links":{"self":[{"href":"https:\/\/roveyayinevi.com.tr\/index.php\/wp-json\/wp\/v2\/product\/760527","targetHints":{"allow":["GET"]}}],"collection":[{"href":"https:\/\/roveyayinevi.com.tr\/index.php\/wp-json\/wp\/v2\/product"}],"about":[{"href":"https:\/\/roveyayinevi.com.tr\/index.php\/wp-json\/wp\/v2\/types\/product"}],"wp:attachment":[{"href":"https:\/\/roveyayinevi.com.tr\/index.php\/wp-json\/wp\/v2\/media?parent=760527"}],"wp:term":[{"taxonomy":"product_brand","embeddable":true,"href":"https:\/\/roveyayinevi.com.tr\/index.php\/wp-json\/wp\/v2\/product_brand?post=760527"},{"taxonomy":"product_cat","embeddable":true,"href":"https:\/\/roveyayinevi.com.tr\/index.php\/wp-json\/wp\/v2\/product_cat?post=760527"},{"taxonomy":"product_tag","embeddable":true,"href":"https:\/\/roveyayinevi.com.tr\/index.php\/wp-json\/wp\/v2\/product_tag?post=760527"}],"curies":[{"name":"wp","href":"https:\/\/api.w.org\/{rel}","templated":true}]}}