{"id":760526,"date":"2025-08-28T09:08:31","date_gmt":"2025-08-28T06:08:31","guid":{"rendered":"https:\/\/roveyayinevi.com.tr\/index.php\/urun\/deleuzeden-sonra-sinema\/"},"modified":"2026-04-16T03:13:27","modified_gmt":"2026-04-16T00:13:27","slug":"deleuzeden-sonra-sinema","status":"publish","type":"product","link":"https:\/\/roveyayinevi.com.tr\/index.php\/urun\/deleuzeden-sonra-sinema\/","title":{"rendered":"Deleuze\u2019den Sonra Sinema"},"content":{"rendered":"<p>Filmler daha ziyade kendi felsefeleriyle gelir, onlar kendinde felsefidir. Bana g\u00f6re bu, yani filmlerin kendilerini incelemek, Deleuze\u2019\u00fcn Sinema kitaplar\u0131n\u0131n temel ama\u00e7lar\u0131ndand\u0131r ve ku\u015fkusuz bu kitab\u0131n da ba\u015fl\u0131ca amac\u0131d\u0131r. Dolay\u0131s\u0131yla \u015funu do\u011fru anlayal\u0131m: Deleuze, sayesinde sinemay\u0131 izah edece\u011fimiz bir felsefe icat etmez. Aksine sinema bize kendi felsefelerini sunar, Deleuze de Sinema kitaplar\u0131nda bizzat bunu izah etmeye \u00e7al\u0131\u015f\u0131r. Deleuze\u2019den Sonra Sinema, Deleuze\u2019\u00fcn sinemaya dair yazd\u0131klar\u0131na a\u00e7\u0131k ve anla\u015f\u0131l\u0131r bir giri\u015f sunuyor. Deleuze\u2019\u00fcn \u00e7\u0131\u011f\u0131r a\u00e7\u0131c\u0131 iki sinema kitab\u0131nda kar\u015f\u0131m\u0131za \u00e7\u0131kan \u00e7ok say\u0131da kategoriyi ve s\u0131n\u0131fland\u0131rmay\u0131 a\u00e7\u0131klayan eser, John Ford, Sergey Ayzen\u015ftayn, Alfred Hitchcock, Michelangelo Antonioni, Alain Resnais gibi y\u00f6netmenlerin filmleri de d\u00e2hil olmak \u00fczere pek \u00e7ok yap\u0131m\u0131 de\u011ferlendirmeye tabi tutuyor. Steven Spielberg, Lars von Trier, Martin Scorsese ve Wong Kar-wai gibi \u00e7a\u011fda\u015f y\u00f6netmenleri de Deleuze\u2019\u00fcn teorileri \u0131\u015f\u0131\u011f\u0131nda ele alarak onun sinema \u00fczerine yazd\u0131klar\u0131na g\u00fcncel bir bak\u0131\u015f kazand\u0131r\u0131yor. Deleuze\u2019den Sonra Sinema, Deleuze\u2019\u00fcn neden bug\u00fcn hakl\u0131 olarak sineman\u0131n en b\u00fcy\u00fck filozoflar\u0131ndan biri kabul edildi\u011fini g\u00f6steriyor bize. Felsefe ve film \u00e7al\u0131\u015fmalar\u0131 merakl\u0131lar\u0131 i\u00e7in temel bir okuma&#8230; <\/p>\n","protected":false},"excerpt":{"rendered":"<p>Filmler daha ziyade kendi felsefeleriyle gelir, onlar kendinde felsefidir. Bana g\u00f6re bu, yani filmlerin kendilerini incelemek, Deleuze\u2019\u00fcn Sinema kitaplar\u0131n\u0131n temel ama\u00e7lar\u0131ndand\u0131r ve ku\u015fkusuz bu kitab\u0131n da<span class=\"excerpt-hellip\"> [\u2026]<\/span><\/p>\n","protected":false},"featured_media":0,"template":"","meta":{"_monsterinsights_skip_tracking":false,"_monsterinsights_sitenote_active":false,"_monsterinsights_sitenote_note":"","_monsterinsights_sitenote_category":0},"product_brand":[],"product_cat":[12408],"product_tag":[],"class_list":{"0":"post-760526","1":"product","2":"type-product","3":"status-publish","5":"product_cat-sanat","6":"pa_cilt-ciltsiz","7":"pa_tur-kitap","8":"pa_yayinevi-vakifbank-kultur-yayinlari","9":"pa_yazar-richard-rushton","11":"first","12":"instock","13":"sale","14":"shipping-taxable","15":"purchasable","16":"product-type-simple"},"_links":{"self":[{"href":"https:\/\/roveyayinevi.com.tr\/index.php\/wp-json\/wp\/v2\/product\/760526","targetHints":{"allow":["GET"]}}],"collection":[{"href":"https:\/\/roveyayinevi.com.tr\/index.php\/wp-json\/wp\/v2\/product"}],"about":[{"href":"https:\/\/roveyayinevi.com.tr\/index.php\/wp-json\/wp\/v2\/types\/product"}],"wp:attachment":[{"href":"https:\/\/roveyayinevi.com.tr\/index.php\/wp-json\/wp\/v2\/media?parent=760526"}],"wp:term":[{"taxonomy":"product_brand","embeddable":true,"href":"https:\/\/roveyayinevi.com.tr\/index.php\/wp-json\/wp\/v2\/product_brand?post=760526"},{"taxonomy":"product_cat","embeddable":true,"href":"https:\/\/roveyayinevi.com.tr\/index.php\/wp-json\/wp\/v2\/product_cat?post=760526"},{"taxonomy":"product_tag","embeddable":true,"href":"https:\/\/roveyayinevi.com.tr\/index.php\/wp-json\/wp\/v2\/product_tag?post=760526"}],"curies":[{"name":"wp","href":"https:\/\/api.w.org\/{rel}","templated":true}]}}