{"id":760523,"date":"2025-08-28T09:08:26","date_gmt":"2025-08-28T06:08:26","guid":{"rendered":"https:\/\/roveyayinevi.com.tr\/index.php\/urun\/islam-ulkelerinde-kadin-ve-cocuk\/"},"modified":"2026-04-16T03:13:27","modified_gmt":"2026-04-16T00:13:27","slug":"islam-ulkelerinde-kadin-ve-cocuk","status":"publish","type":"product","link":"https:\/\/roveyayinevi.com.tr\/index.php\/urun\/islam-ulkelerinde-kadin-ve-cocuk\/","title":{"rendered":"\u0130slam \u00dclkelerinde Kad\u0131n ve \u00c7ocuk"},"content":{"rendered":"<p>Kad\u0131nlar\u0131 bir k\u00f6le olarak g\u00f6ren bir\u00e7ok \u0130slam \u00fclkesinde, makam\u0131na mevkiine, g\u00fcc\u00fcne dayal\u0131 olarak kad\u0131nlara ve \u00e7ocuklara hayat hakk\u0131 tan\u0131mayan,  Devleti y\u00f6netenlere seslenen ayd\u0131n insanlar \u015f\u00f6yle diyor: Kafda\u011f\u0131 kadar y\u00fcksek olsan da kefene s\u0131\u011facak kadar k\u00fc\u00e7\u00fcleceksin. Unutma, her \u015feyin bir hesab\u0131 vard\u0131r. \u00dczd\u00fc\u011f\u00fcn kadar \u00fcz\u00fcleceksin. Zevkli bir kad\u0131n zevkinizi, Bilgili bir kad\u0131n bilginizi, zeki bir kad\u0131n zek\u00e2n\u0131z\u0131 geli\u015ftirir. Hayat kad\u0131n ve \u00e7ocuklarla birlikte g\u00fczeldir. Allah kimseleri, yanl\u0131\u015f\u0131 savunacak cahil, do\u011fruyu ink\u00e2r edecek kadar nank\u00f6r yapmas\u0131n. \u00dclkelerin gelece\u011fi kad\u0131nlara ve \u00e7ocuklara verilen de\u011ferle \u00f6l\u00e7\u00fcl\u00fcr.   Alihan \u0130ren Milli E\u011fitim Bakanl\u0131\u011f\u0131 Emekli Ba\u015fm\u00fcfetti\u015f, Yazar <\/p>\n","protected":false},"excerpt":{"rendered":"<p>Kad\u0131nlar\u0131 bir k\u00f6le olarak g\u00f6ren bir\u00e7ok \u0130slam \u00fclkesinde, makam\u0131na mevkiine, g\u00fcc\u00fcne dayal\u0131 olarak kad\u0131nlara ve \u00e7ocuklara hayat hakk\u0131 tan\u0131mayan, Devleti y\u00f6netenlere seslenen ayd\u0131n insanlar \u015f\u00f6yle diyor:<span class=\"excerpt-hellip\"> [\u2026]<\/span><\/p>\n","protected":false},"featured_media":0,"template":"","meta":{"_monsterinsights_skip_tracking":false,"_monsterinsights_sitenote_active":false,"_monsterinsights_sitenote_note":"","_monsterinsights_sitenote_category":0},"product_brand":[],"product_cat":[13488],"product_tag":[],"class_list":{"0":"post-760523","1":"product","2":"type-product","3":"status-publish","5":"product_cat-toplum-ve-insan","6":"pa_cilt-ciltsiz","7":"pa_tur-kitap","8":"pa_yayinevi-gulnar-yayinlari","9":"pa_yazar-alihan-iren","11":"first","12":"instock","13":"sale","14":"shipping-taxable","15":"purchasable","16":"product-type-simple"},"_links":{"self":[{"href":"https:\/\/roveyayinevi.com.tr\/index.php\/wp-json\/wp\/v2\/product\/760523","targetHints":{"allow":["GET"]}}],"collection":[{"href":"https:\/\/roveyayinevi.com.tr\/index.php\/wp-json\/wp\/v2\/product"}],"about":[{"href":"https:\/\/roveyayinevi.com.tr\/index.php\/wp-json\/wp\/v2\/types\/product"}],"wp:attachment":[{"href":"https:\/\/roveyayinevi.com.tr\/index.php\/wp-json\/wp\/v2\/media?parent=760523"}],"wp:term":[{"taxonomy":"product_brand","embeddable":true,"href":"https:\/\/roveyayinevi.com.tr\/index.php\/wp-json\/wp\/v2\/product_brand?post=760523"},{"taxonomy":"product_cat","embeddable":true,"href":"https:\/\/roveyayinevi.com.tr\/index.php\/wp-json\/wp\/v2\/product_cat?post=760523"},{"taxonomy":"product_tag","embeddable":true,"href":"https:\/\/roveyayinevi.com.tr\/index.php\/wp-json\/wp\/v2\/product_tag?post=760523"}],"curies":[{"name":"wp","href":"https:\/\/api.w.org\/{rel}","templated":true}]}}