{"id":760522,"date":"2025-08-28T09:08:24","date_gmt":"2025-08-28T06:08:24","guid":{"rendered":"https:\/\/roveyayinevi.com.tr\/index.php\/urun\/kiymetlim-ve-degerlim\/"},"modified":"2026-04-16T03:13:27","modified_gmt":"2026-04-16T00:13:27","slug":"kiymetlim-ve-degerlim","status":"publish","type":"product","link":"https:\/\/roveyayinevi.com.tr\/index.php\/urun\/kiymetlim-ve-degerlim\/","title":{"rendered":"K\u0131ymetlim ve De\u011ferlim"},"content":{"rendered":"<p>Anne\u2026 Bu roman, o d\u00f6rt harfi yazd\u0131ktan sonra ne s\u00f6yleyece\u011fini bilemeyen herkes i\u00e7indir. Hi\u00e7bir s\u00f6zc\u00fc\u011f\u00fcn annelerimize kar\u015f\u0131 hissettiklerimizin derinli\u011fini ve b\u00fcy\u00fckl\u00fc\u011f\u00fcn\u00fc tarif edemeyece\u011fini sezdi\u011fimizde, san\u0131r\u0131m bu roman tam da aran\u0131lan cevab\u0131 sunuyor. Annelerimiz akl\u0131m\u0131za geldi\u011finde, kalbimizde kendili\u011finden ortaya \u00e7\u0131kan sevgi ve nefret, minnettarl\u0131k ve kalp k\u0131r\u0131kl\u0131\u011f\u0131, \u00f6zlem ve \u015fefkat gibi birbirine z\u0131t olan duygularla ba\u015f etmeye \u00e7al\u0131\u015f\u0131rken, bu roman annelerimize s\u00f6ylememiz gereken, s\u00f6ylemezsek pi\u015fman olaca\u011f\u0131m\u0131z o tek kelimeyi ortaya \u00e7\u0131karmaya \u00e7al\u0131\u015f\u0131yor. B\u00f6ylece Baik Sou Linne, \u201cSeni seviyorum\u201d itiraf\u0131yla tam olarak aktaramayaca\u011f\u0131 duygular\u0131n\u0131 \u201ck\u0131ymetlim, de\u011ferlim\u201d s\u00f6zc\u00fckleriyle ifade etmeye karar veriyor ve bu roman\u0131 okuduktan sonra, bu s\u00f6zc\u00fcklerin annelerimize verilmek i\u00e7in \u00f6zel olarak tasarlanm\u0131\u015f e\u015fsiz s\u00f6zc\u00fckler oldu\u011funa emin oluyoruz. Shin Saet Byeol   K\u0131ymetlim ve De\u011ferlim, \u00fc\u00e7 ku\u015fak boyunca bir anne ve k\u0131z\u0131n hik\u00e2yesi ama ben bu hik\u00e2yenin sadece bu \u015fekilde okunmas\u0131n\u0131 istemiyorum. Bu k\u0131sa \u00f6yk\u00fcn\u00fcn kad\u0131nlara dair bir \u00f6yk\u00fc olarak okunmas\u0131n\u0131 fakat ayn\u0131 zamanda bir ya\u015fam ve \u00f6l\u00fcm, ac\u0131 ve ba\u011f\u0131\u015flama ve nihayetinde tatl\u0131, savunmas\u0131z insanlar\u0131 hayatta tutan sevginin \u00f6yk\u00fcs\u00fc olarak da okunmas\u0131n\u0131 istiyorum. Baik Sou Linne <\/p>\n","protected":false},"excerpt":{"rendered":"<p>Anne\u2026 Bu roman, o d\u00f6rt harfi yazd\u0131ktan sonra ne s\u00f6yleyece\u011fini bilemeyen herkes i\u00e7indir. Hi\u00e7bir s\u00f6zc\u00fc\u011f\u00fcn annelerimize kar\u015f\u0131 hissettiklerimizin derinli\u011fini ve b\u00fcy\u00fckl\u00fc\u011f\u00fcn\u00fc tarif edemeyece\u011fini sezdi\u011fimizde, san\u0131r\u0131m bu<span class=\"excerpt-hellip\"> [\u2026]<\/span><\/p>\n","protected":false},"featured_media":0,"template":"","meta":{"_monsterinsights_skip_tracking":false,"_monsterinsights_sitenote_active":false,"_monsterinsights_sitenote_note":"","_monsterinsights_sitenote_category":0},"product_brand":[],"product_cat":[12291,12711],"product_tag":[],"class_list":{"0":"post-760522","1":"product","2":"type-product","3":"status-publish","5":"product_cat-edebiyat","6":"product_cat-roman-oyku","7":"pa_cilt-ciltsiz","8":"pa_tur-kitap","9":"pa_yayinevi-sms-yayinlari","10":"pa_yazar-baik-sou-linne","12":"first","13":"instock","14":"sale","15":"shipping-taxable","16":"purchasable","17":"product-type-simple"},"_links":{"self":[{"href":"https:\/\/roveyayinevi.com.tr\/index.php\/wp-json\/wp\/v2\/product\/760522","targetHints":{"allow":["GET"]}}],"collection":[{"href":"https:\/\/roveyayinevi.com.tr\/index.php\/wp-json\/wp\/v2\/product"}],"about":[{"href":"https:\/\/roveyayinevi.com.tr\/index.php\/wp-json\/wp\/v2\/types\/product"}],"wp:attachment":[{"href":"https:\/\/roveyayinevi.com.tr\/index.php\/wp-json\/wp\/v2\/media?parent=760522"}],"wp:term":[{"taxonomy":"product_brand","embeddable":true,"href":"https:\/\/roveyayinevi.com.tr\/index.php\/wp-json\/wp\/v2\/product_brand?post=760522"},{"taxonomy":"product_cat","embeddable":true,"href":"https:\/\/roveyayinevi.com.tr\/index.php\/wp-json\/wp\/v2\/product_cat?post=760522"},{"taxonomy":"product_tag","embeddable":true,"href":"https:\/\/roveyayinevi.com.tr\/index.php\/wp-json\/wp\/v2\/product_tag?post=760522"}],"curies":[{"name":"wp","href":"https:\/\/api.w.org\/{rel}","templated":true}]}}