{"id":760521,"date":"2025-08-28T09:08:22","date_gmt":"2025-08-28T06:08:22","guid":{"rendered":"https:\/\/roveyayinevi.com.tr\/index.php\/urun\/kalp-kadrajim\/"},"modified":"2026-04-16T03:13:27","modified_gmt":"2026-04-16T00:13:27","slug":"kalp-kadrajim","status":"publish","type":"product","link":"https:\/\/roveyayinevi.com.tr\/index.php\/urun\/kalp-kadrajim\/","title":{"rendered":"Kalp Kadraj\u0131m"},"content":{"rendered":"<p>Adana\u2019da d\u00fcnyaya gelmi\u015f olan \u015eair yazar gazeteci tv programc\u0131s\u0131 ve sunucusu Serap Ok\u00e7u bug\u00fcne kadar yazd\u0131\u011f\u0131 \u015fiirlerle ve g\u00fcftelerle birlikte iki kitap \u00e7\u0131karm\u0131\u015ft\u0131r. Bir\u00e7ok projede yer alarak ad\u0131ndan s\u00f6z ettirmi\u015ftir yap\u0131mc\u0131l\u0131\u011f\u0131n\u0131 ve sunuculu\u011funu \u00fcstlendi\u011fi tv programlar\u0131 yapm\u0131\u015f. Adana\u2019da tan\u0131nm\u0131\u015f bir ailenin ve memur bir baban\u0131n alt\u0131 \u00e7ocu\u011fundan biridir. Ayn\u0131 zamanda baba taraf\u0131ndan Orhan Kemal ile akrabal\u0131\u011f\u0131 vard\u0131r yazd\u0131\u011f\u0131 BABAM \u015fiiri ile g\u00fcndemde ad\u0131ndan s\u00f6z ettirmi\u015ftir bir \u00e7ok yerel gazetelerde k\u00f6\u015fe yazarl\u0131\u011f\u0131 yapm\u0131\u015f olup on parma\u011f\u0131nda on marifet olan ilkokul s\u0131ralar\u0131nda sahne ortam\u0131 ile tan\u0131\u015farak sunuculu\u011fa ba\u015flam\u0131\u015ft\u0131r okul y\u0131llar\u0131nda da sahne tozu ile i\u00e7 i\u00e7e olup bu y\u0131llara kadar devam etmi\u015ftir yazarl\u0131k y\u0131llar\u0131 da okul s\u0131ralar\u0131nda k\u00fc\u00e7\u00fck hikayelerle olmu\u015ftur daha sonra \u015fiir ile kitab\u0131na imza atm\u0131\u015ft\u0131r. \u0130ki \u00e7ocuk annesi olan yazar\u0131m\u0131z k\u00fc\u00e7\u00fck ya\u015fta yapt\u0131\u011f\u0131 ve k\u00f6t\u00fc ge\u00e7en evlili\u011finin ard\u0131ndan kendini tamamen sanata adam\u0131\u015f olup hayat\u0131n b\u00fct\u00fcn zorluklar\u0131na ra\u011fmen ayakta kal\u0131p \u015fimdi de kendi hayat hikayesini romanda birle\u015ftirmeye karar vermi\u015ftir ac\u0131 ve s\u0131k\u0131nt\u0131larla dolu bir hayat hikayesi b\u00fct\u00fcn kad\u0131nlar\u0131n sesi olacakt\u0131r. Bundan eminiz kitab\u0131n\u0131n b\u00fcy\u00fck bir kitleye ula\u015faca\u011f\u0131n\u0131 \u00fcmit ederek ger\u00e7ek bir ya\u015fam hikayesinde okuyan herkesin kendini bulaca\u011f\u0131n\u0131 s\u00f6ylemektedir. Uzun bir hayat hikayesinde verdi\u011fi m\u00fccadelelerle nas\u0131l ba\u015fetti\u011fini roman\u0131 bitince okuyup birebir ya\u015fayacaks\u0131n\u0131z.   \u00c7\u0131kard\u0131\u011f\u0131 kitaplar A\u015eKIN G\u00d6ZYA\u015eI SESS\u0130Z \u00c7I\u011eLIKLARIM ve KALB\u0130M\u0130N SES\u0130 bunun yan\u0131nda EVREN\u0130N \u015e\u0130\u0130R BAH\u00c7ES\u0130 antolojisi de ona aittir bas\u0131ma haz\u0131r bir \u015fekilde \u00fc\u00e7 kitapl\u0131k \u015fiirleri de beklemektedir.   Kendi do\u011frular\u0131 ile y\u0131k\u0131lmad\u0131m ayaktay\u0131m diyen ve m\u00fccadeleyi b\u0131rakmay\u0131p hayata yenik d\u00fc\u015fmeyen g\u00fc\u00e7l\u00fc ve \u00f6zverili bir Adanal\u0131. <\/p>\n","protected":false},"excerpt":{"rendered":"<p>Adana\u2019da d\u00fcnyaya gelmi\u015f olan \u015eair yazar gazeteci tv programc\u0131s\u0131 ve sunucusu Serap Ok\u00e7u bug\u00fcne kadar yazd\u0131\u011f\u0131 \u015fiirlerle ve g\u00fcftelerle birlikte iki kitap \u00e7\u0131karm\u0131\u015ft\u0131r. Bir\u00e7ok projede yer<span class=\"excerpt-hellip\"> [\u2026]<\/span><\/p>\n","protected":false},"featured_media":0,"template":"","meta":{"_monsterinsights_skip_tracking":false,"_monsterinsights_sitenote_active":false,"_monsterinsights_sitenote_note":"","_monsterinsights_sitenote_category":0},"product_brand":[],"product_cat":[12291,12509],"product_tag":[],"class_list":{"0":"post-760521","1":"product","2":"type-product","3":"status-publish","5":"product_cat-edebiyat","6":"product_cat-siir","7":"pa_cilt-ciltsiz","8":"pa_tur-kitap","9":"pa_yayinevi-defne-yayinevi","10":"pa_yazar-serap-okcu","12":"first","13":"instock","14":"sale","15":"shipping-taxable","16":"purchasable","17":"product-type-simple"},"_links":{"self":[{"href":"https:\/\/roveyayinevi.com.tr\/index.php\/wp-json\/wp\/v2\/product\/760521","targetHints":{"allow":["GET"]}}],"collection":[{"href":"https:\/\/roveyayinevi.com.tr\/index.php\/wp-json\/wp\/v2\/product"}],"about":[{"href":"https:\/\/roveyayinevi.com.tr\/index.php\/wp-json\/wp\/v2\/types\/product"}],"wp:attachment":[{"href":"https:\/\/roveyayinevi.com.tr\/index.php\/wp-json\/wp\/v2\/media?parent=760521"}],"wp:term":[{"taxonomy":"product_brand","embeddable":true,"href":"https:\/\/roveyayinevi.com.tr\/index.php\/wp-json\/wp\/v2\/product_brand?post=760521"},{"taxonomy":"product_cat","embeddable":true,"href":"https:\/\/roveyayinevi.com.tr\/index.php\/wp-json\/wp\/v2\/product_cat?post=760521"},{"taxonomy":"product_tag","embeddable":true,"href":"https:\/\/roveyayinevi.com.tr\/index.php\/wp-json\/wp\/v2\/product_tag?post=760521"}],"curies":[{"name":"wp","href":"https:\/\/api.w.org\/{rel}","templated":true}]}}