{"id":760519,"date":"2025-08-28T09:08:18","date_gmt":"2025-08-28T06:08:18","guid":{"rendered":"https:\/\/roveyayinevi.com.tr\/index.php\/urun\/kolay-yapay-zeka-ciltli\/"},"modified":"2026-04-16T03:13:27","modified_gmt":"2026-04-16T00:13:27","slug":"kolay-yapay-zeka-ciltli","status":"publish","type":"product","link":"https:\/\/roveyayinevi.com.tr\/index.php\/urun\/kolay-yapay-zeka-ciltli\/","title":{"rendered":"Kolay Yapay Zeka (Ciltli)"},"content":{"rendered":"<p>Bazen daha az\u0131 asl\u0131nda daha fazlad\u0131r. K\u00fc\u00e7\u00fckl\u00fc\u011f\u00fcyle ters orant\u0131l\u0131 olarak zek\u00e2 dolu bu kitap, ilk bilgisayar programlar\u0131ndan nesnelerin internetine, yapay zek\u00e2n\u0131n i\u00e7sel i\u015fleyi\u015fini kristal berrakl\u0131\u011f\u0131nda g\u00f6steriyor. <\/p>\n","protected":false},"excerpt":{"rendered":"<p>Bazen daha az\u0131 asl\u0131nda daha fazlad\u0131r. K\u00fc\u00e7\u00fckl\u00fc\u011f\u00fcyle ters orant\u0131l\u0131 olarak zek\u00e2 dolu bu kitap, ilk bilgisayar programlar\u0131ndan nesnelerin internetine, yapay zek\u00e2n\u0131n i\u00e7sel i\u015fleyi\u015fini kristal berrakl\u0131\u011f\u0131nda g\u00f6steriyor.<\/p>\n","protected":false},"featured_media":0,"template":"","meta":{"_monsterinsights_skip_tracking":false,"_monsterinsights_sitenote_active":false,"_monsterinsights_sitenote_note":"","_monsterinsights_sitenote_category":0},"product_brand":[],"product_cat":[13005],"product_tag":[],"class_list":{"0":"post-760519","1":"product","2":"type-product","3":"status-publish","5":"product_cat-bilim-muhendislik","6":"pa_cilt-ciltli","7":"pa_tur-kitap","8":"pa_yayinevi-alfa-yayinlari","9":"pa_yazar-kolektif","11":"first","12":"instock","13":"sale","14":"shipping-taxable","15":"purchasable","16":"product-type-simple"},"_links":{"self":[{"href":"https:\/\/roveyayinevi.com.tr\/index.php\/wp-json\/wp\/v2\/product\/760519","targetHints":{"allow":["GET"]}}],"collection":[{"href":"https:\/\/roveyayinevi.com.tr\/index.php\/wp-json\/wp\/v2\/product"}],"about":[{"href":"https:\/\/roveyayinevi.com.tr\/index.php\/wp-json\/wp\/v2\/types\/product"}],"wp:attachment":[{"href":"https:\/\/roveyayinevi.com.tr\/index.php\/wp-json\/wp\/v2\/media?parent=760519"}],"wp:term":[{"taxonomy":"product_brand","embeddable":true,"href":"https:\/\/roveyayinevi.com.tr\/index.php\/wp-json\/wp\/v2\/product_brand?post=760519"},{"taxonomy":"product_cat","embeddable":true,"href":"https:\/\/roveyayinevi.com.tr\/index.php\/wp-json\/wp\/v2\/product_cat?post=760519"},{"taxonomy":"product_tag","embeddable":true,"href":"https:\/\/roveyayinevi.com.tr\/index.php\/wp-json\/wp\/v2\/product_tag?post=760519"}],"curies":[{"name":"wp","href":"https:\/\/api.w.org\/{rel}","templated":true}]}}