{"id":760518,"date":"2025-08-28T09:08:17","date_gmt":"2025-08-28T06:08:17","guid":{"rendered":"https:\/\/roveyayinevi.com.tr\/index.php\/urun\/buyuk-uzay-yarisi\/"},"modified":"2026-04-16T03:13:27","modified_gmt":"2026-04-16T00:13:27","slug":"buyuk-uzay-yarisi","status":"publish","type":"product","link":"https:\/\/roveyayinevi.com.tr\/index.php\/urun\/buyuk-uzay-yarisi\/","title":{"rendered":"B\u00fcy\u00fck Uzay Yar\u0131\u015f\u0131"},"content":{"rendered":"<p>Ger\u00e7ek hayattan, tarihe kaz\u0131nan 15 uzay g\u00f6revini ke\u015ffe \u00e7\u0131kmaya haz\u0131r m\u0131s\u0131n? Uzaya \u00e7\u0131kan ilk insan kimdi? Ay\u2019a ilk kim ayak bast\u0131? Ya\u015fayabilece\u011fimiz ba\u015fka bir gezegen var m\u0131? Uzay ara\u00e7lar\u0131, ilham veren astronotlar ve uzaya dair bir\u00e7ok konu bu kitapta! Belki de gelece\u011fin astronotu sensindir. <\/p>\n","protected":false},"excerpt":{"rendered":"<p>Ger\u00e7ek hayattan, tarihe kaz\u0131nan 15 uzay g\u00f6revini ke\u015ffe \u00e7\u0131kmaya haz\u0131r m\u0131s\u0131n? Uzaya \u00e7\u0131kan ilk insan kimdi? Ay\u2019a ilk kim ayak bast\u0131? Ya\u015fayabilece\u011fimiz ba\u015fka bir gezegen var<span class=\"excerpt-hellip\"> [\u2026]<\/span><\/p>\n","protected":false},"featured_media":0,"template":"","meta":{"_monsterinsights_skip_tracking":false,"_monsterinsights_sitenote_active":false,"_monsterinsights_sitenote_note":"","_monsterinsights_sitenote_category":0},"product_brand":[],"product_cat":[13829,12274],"product_tag":[],"class_list":{"0":"post-760518","1":"product","2":"type-product","3":"status-publish","5":"product_cat-bilimsel-kitaplar","6":"product_cat-cocuk-ve-genclik-kitaplari","7":"pa_cilt-ciltsiz","8":"pa_tur-kitap","9":"pa_yayinevi-abm-yayinevi","10":"pa_yazar-timothy-knapman","12":"first","13":"instock","14":"sale","15":"shipping-taxable","16":"purchasable","17":"product-type-simple"},"_links":{"self":[{"href":"https:\/\/roveyayinevi.com.tr\/index.php\/wp-json\/wp\/v2\/product\/760518","targetHints":{"allow":["GET"]}}],"collection":[{"href":"https:\/\/roveyayinevi.com.tr\/index.php\/wp-json\/wp\/v2\/product"}],"about":[{"href":"https:\/\/roveyayinevi.com.tr\/index.php\/wp-json\/wp\/v2\/types\/product"}],"wp:attachment":[{"href":"https:\/\/roveyayinevi.com.tr\/index.php\/wp-json\/wp\/v2\/media?parent=760518"}],"wp:term":[{"taxonomy":"product_brand","embeddable":true,"href":"https:\/\/roveyayinevi.com.tr\/index.php\/wp-json\/wp\/v2\/product_brand?post=760518"},{"taxonomy":"product_cat","embeddable":true,"href":"https:\/\/roveyayinevi.com.tr\/index.php\/wp-json\/wp\/v2\/product_cat?post=760518"},{"taxonomy":"product_tag","embeddable":true,"href":"https:\/\/roveyayinevi.com.tr\/index.php\/wp-json\/wp\/v2\/product_tag?post=760518"}],"curies":[{"name":"wp","href":"https:\/\/api.w.org\/{rel}","templated":true}]}}