{"id":760516,"date":"2025-08-28T09:08:13","date_gmt":"2025-08-28T06:08:13","guid":{"rendered":"https:\/\/roveyayinevi.com.tr\/index.php\/urun\/anadolu-efsaneleri-tas-mercimek-tarlasi\/"},"modified":"2026-04-16T03:13:27","modified_gmt":"2026-04-16T00:13:27","slug":"anadolu-efsaneleri-tas-mercimek-tarlasi","status":"publish","type":"product","link":"https:\/\/roveyayinevi.com.tr\/index.php\/urun\/anadolu-efsaneleri-tas-mercimek-tarlasi\/","title":{"rendered":"Anadolu Efsaneleri Ta\u015f Mercimek Tarlas\u0131"},"content":{"rendered":"<p>Milletlere kimliklerini kazand\u0131ran, onlar\u0131n \u00f6z benli\u011fini olu\u015fturan, madd\u00ee ve manev\u00ee de\u011ferlerin b\u00fct\u00fcn\u00fc olan olgu, halk k\u00fclt\u00fcr\u00fcd\u00fcr.   Halk k\u00fclt\u00fcr\u00fcn\u00fcn \u00f6nemli unsurlar\u0131ndan biri de efsanelerdir ve k\u00fclt\u00fcr\u00fcm\u00fczde \u00f6nemli yeri olan bu efsaneleri yurdumuzun her y\u00f6resinde bulmak m\u00fcmk\u00fcnd\u00fcr.   Manev\u00ee inan\u00e7la dolu, tarih\u00ee ve mill\u00ee unsurlarla hayli y\u00fckl\u00fc olan efsanelerimizin b\u00fcy\u00fck bir b\u00f6l\u00fcm\u00fcn\u00fcn yaz\u0131ya ge\u00e7irilmedi\u011fi de bilinen bir ger\u00e7ektir.   Yaz\u0131ya ge\u00e7irilenlerin \u00f6nemli bir b\u00f6l\u00fcm\u00fc ise dergi sayfalar\u0131nda kal\u0131p kitap b\u00fct\u00fcnl\u00fc\u011f\u00fcnde okuyucunun hizmetine sunulmam\u0131\u015ft\u0131r.   Bu ger\u00e7ekten hareketle ar\u015fivimizdeki s\u00f6zl\u00fc kaynaktan derlenmi\u015f ve yaz\u0131ya ge\u00e7irilmemi\u015f bir k\u0131s\u0131m efsaneyi yay\u0131n alan\u0131na sokmak, dergi sayfalar\u0131nda kalan kimi efsaneleri de bir kitap \u00e7at\u0131s\u0131 alt\u0131nda toplamak istedik. Bunun yan\u0131nda yay\u0131mlanm\u0131\u015f baz\u0131 kitaplarda yer alan efsanelerden se\u00e7tiklerimizle sunmak istedi\u011fimiz efsaneler demetini biraz daha zenginle\u015ftirdik. <\/p>\n","protected":false},"excerpt":{"rendered":"<p>Milletlere kimliklerini kazand\u0131ran, onlar\u0131n \u00f6z benli\u011fini olu\u015fturan, madd\u00ee ve manev\u00ee de\u011ferlerin b\u00fct\u00fcn\u00fc olan olgu, halk k\u00fclt\u00fcr\u00fcd\u00fcr. Halk k\u00fclt\u00fcr\u00fcn\u00fcn \u00f6nemli unsurlar\u0131ndan biri de efsanelerdir ve k\u00fclt\u00fcr\u00fcm\u00fczde \u00f6nemli<span class=\"excerpt-hellip\"> [\u2026]<\/span><\/p>\n","protected":false},"featured_media":0,"template":"","meta":{"_monsterinsights_skip_tracking":false,"_monsterinsights_sitenote_active":false,"_monsterinsights_sitenote_note":"","_monsterinsights_sitenote_category":0},"product_brand":[],"product_cat":[12718,12858],"product_tag":[],"class_list":{"0":"post-760516","1":"product","2":"type-product","3":"status-publish","5":"product_cat-din","6":"product_cat-mitolojiler","7":"pa_cilt-ciltsiz","8":"pa_tur-kitap","9":"pa_yayinevi-telve-kitap","10":"pa_yazar-hasan-kavruk-mehmet-yardimci","12":"first","13":"instock","14":"sale","15":"shipping-taxable","16":"purchasable","17":"product-type-simple"},"_links":{"self":[{"href":"https:\/\/roveyayinevi.com.tr\/index.php\/wp-json\/wp\/v2\/product\/760516","targetHints":{"allow":["GET"]}}],"collection":[{"href":"https:\/\/roveyayinevi.com.tr\/index.php\/wp-json\/wp\/v2\/product"}],"about":[{"href":"https:\/\/roveyayinevi.com.tr\/index.php\/wp-json\/wp\/v2\/types\/product"}],"wp:attachment":[{"href":"https:\/\/roveyayinevi.com.tr\/index.php\/wp-json\/wp\/v2\/media?parent=760516"}],"wp:term":[{"taxonomy":"product_brand","embeddable":true,"href":"https:\/\/roveyayinevi.com.tr\/index.php\/wp-json\/wp\/v2\/product_brand?post=760516"},{"taxonomy":"product_cat","embeddable":true,"href":"https:\/\/roveyayinevi.com.tr\/index.php\/wp-json\/wp\/v2\/product_cat?post=760516"},{"taxonomy":"product_tag","embeddable":true,"href":"https:\/\/roveyayinevi.com.tr\/index.php\/wp-json\/wp\/v2\/product_tag?post=760516"}],"curies":[{"name":"wp","href":"https:\/\/api.w.org\/{rel}","templated":true}]}}