{"id":760515,"date":"2025-08-28T09:08:11","date_gmt":"2025-08-28T06:08:11","guid":{"rendered":"https:\/\/roveyayinevi.com.tr\/index.php\/urun\/kirk-vezir-hikayelerinde-egitici-degerler-ve-soz-varligi\/"},"modified":"2026-04-16T03:13:27","modified_gmt":"2026-04-16T00:13:27","slug":"kirk-vezir-hikayelerinde-egitici-degerler-ve-soz-varligi","status":"publish","type":"product","link":"https:\/\/roveyayinevi.com.tr\/index.php\/urun\/kirk-vezir-hikayelerinde-egitici-degerler-ve-soz-varligi\/","title":{"rendered":"K\u0131rk Vezir Hikayeleri\u2019nde E\u011fitici De\u011ferler ve S\u00f6z Varl\u0131\u011f\u0131"},"content":{"rendered":"<p>Mensur hik\u00e2yecilik edebiyat\u0131m\u0131z\u0131n en eski d\u00f6nemlerine kadar uzanan bir tarih\u00ee ge\u00e7mi\u015fe sahiptir. Bu ara\u015ft\u0131rman\u0131n amac\u0131 15. y\u00fczy\u0131lda Osmanl\u0131 Devleti sahas\u0131nda mensur hik\u00e2ye tarz\u0131nda ve \u015eeyh-z\u00e2de Ahmet M\u0131sr\u00ee taraf\u0131ndan kaleme al\u0131nan K\u0131rk Vezir Hik\u00e2yeleri\u2019ndeki e\u011fitici de\u011ferleri ve bu de\u011ferlerin nas\u0131l aktar\u0131ld\u0131\u011f\u0131n\u0131 tespit etmektir. Ayr\u0131ca eserin i\u00e7erdi\u011fi s\u00f6z varl\u0131\u011f\u0131n\u0131 belirleyerek T\u00fcrk\u00e7e \u00f6\u011fretimine katk\u0131lar\u0131n\u0131, se\u00e7ilen bir hik\u00e2yede kullan\u0131lan isim ve fiileri \u00e7\u0131kararak eserin b\u00fct\u00fcn\u00fcnde T\u00fcrk\u00e7enin nas\u0131l kullan\u0131ld\u0131\u011f\u0131n\u0131 ortaya koymakt\u0131r. Nitel\/betimsel ara\u015ft\u0131rma modeline g\u00f6re haz\u0131rlanan \u00e7al\u0131\u015fmada ilk olarak K\u0131rk Vezir Hik\u00e2yeleri\u2019nde yer alan \u00f6yk\u00fcler \u00f6zetlenmi\u015f, daha sonra epizotlar\u0131na ayr\u0131lm\u0131\u015f ve metinlerde aktar\u0131lmak istenen iletiler belirlenmi\u015ftir. Belirlenen iletiler s\u0131n\u0131fland\u0131r\u0131larak genel ba\u015fl\u0131klar alt\u0131nda irdelenmi\u015ftir. Bulgular, metne ba\u011fl\u0131 kal\u0131nmak suretiyle yorumlanm\u0131\u015f, de\u011ferlerin uygulanmas\u0131 veya uygulanmamas\u0131n\u0131n \u00e7arp\u0131c\u0131 sonu\u00e7lar\u0131 g\u00f6zler \u00f6n\u00fcne serilerek betimsel bir analiz tekni\u011fi kullan\u0131lm\u0131\u015ft\u0131r. <\/p>\n","protected":false},"excerpt":{"rendered":"<p>Mensur hik\u00e2yecilik edebiyat\u0131m\u0131z\u0131n en eski d\u00f6nemlerine kadar uzanan bir tarih\u00ee ge\u00e7mi\u015fe sahiptir. Bu ara\u015ft\u0131rman\u0131n amac\u0131 15. y\u00fczy\u0131lda Osmanl\u0131 Devleti sahas\u0131nda mensur hik\u00e2ye tarz\u0131nda ve \u015eeyh-z\u00e2de Ahmet<span class=\"excerpt-hellip\"> [\u2026]<\/span><\/p>\n","protected":false},"featured_media":0,"template":"","meta":{"_monsterinsights_skip_tracking":false,"_monsterinsights_sitenote_active":false,"_monsterinsights_sitenote_note":"","_monsterinsights_sitenote_category":0},"product_brand":[],"product_cat":[13072,12291],"product_tag":[],"class_list":{"0":"post-760515","1":"product","2":"type-product","3":"status-publish","5":"product_cat-arastirma-inceleme-referans","6":"product_cat-edebiyat","7":"pa_cilt-ciltsiz","8":"pa_tur-kitap","9":"pa_yayinevi-ihlamur-akademi","10":"pa_yazar-hasan-kavruk-aysenur-ozdal","12":"first","13":"instock","14":"sale","15":"shipping-taxable","16":"purchasable","17":"product-type-simple"},"_links":{"self":[{"href":"https:\/\/roveyayinevi.com.tr\/index.php\/wp-json\/wp\/v2\/product\/760515","targetHints":{"allow":["GET"]}}],"collection":[{"href":"https:\/\/roveyayinevi.com.tr\/index.php\/wp-json\/wp\/v2\/product"}],"about":[{"href":"https:\/\/roveyayinevi.com.tr\/index.php\/wp-json\/wp\/v2\/types\/product"}],"wp:attachment":[{"href":"https:\/\/roveyayinevi.com.tr\/index.php\/wp-json\/wp\/v2\/media?parent=760515"}],"wp:term":[{"taxonomy":"product_brand","embeddable":true,"href":"https:\/\/roveyayinevi.com.tr\/index.php\/wp-json\/wp\/v2\/product_brand?post=760515"},{"taxonomy":"product_cat","embeddable":true,"href":"https:\/\/roveyayinevi.com.tr\/index.php\/wp-json\/wp\/v2\/product_cat?post=760515"},{"taxonomy":"product_tag","embeddable":true,"href":"https:\/\/roveyayinevi.com.tr\/index.php\/wp-json\/wp\/v2\/product_tag?post=760515"}],"curies":[{"name":"wp","href":"https:\/\/api.w.org\/{rel}","templated":true}]}}