{"id":760514,"date":"2025-08-28T09:08:10","date_gmt":"2025-08-28T06:08:10","guid":{"rendered":"https:\/\/roveyayinevi.com.tr\/index.php\/urun\/asiklik-geleneginde-kurumsallasma\/"},"modified":"2026-04-16T03:13:27","modified_gmt":"2026-04-16T00:13:27","slug":"asiklik-geleneginde-kurumsallasma","status":"publish","type":"product","link":"https:\/\/roveyayinevi.com.tr\/index.php\/urun\/asiklik-geleneginde-kurumsallasma\/","title":{"rendered":"A\u015f\u0131kl\u0131k Gelene\u011finde Kurumsalla\u015fma"},"content":{"rendered":"<p>\u00c2\u015f\u0131kl\u0131k gelene\u011fi k\u00f6klendi\u011fi, ortaya \u00e7\u0131kt\u0131\u011f\u0131 ve geli\u015fti\u011fi s\u00fcre\u00e7 boyunca sistem ve yap\u0131lanmalar taraf\u0131ndan korunmu\u015ftur. Han, hakan ve beylerin yan\u0131 s\u0131ra \u00e7e\u015fitli kurumlar taraf\u0131ndan g\u00f6r\u00fclen destek, gelene\u011fin \u015fekillenmesine ve ya\u015famas\u0131na katk\u0131 sunmu\u015ftur. 19. y\u00fczy\u0131l\u0131n sonlar\u0131 itibar\u0131yla anayasal d\u00fczenlemelerle g\u00fcvence alt\u0131na al\u0131nmaya ba\u015flanan ve 1961 anayasas\u0131n\u0131n sundu\u011fu \u00f6zg\u00fcrl\u00fck\u00e7\u00fc ortam\u0131n etkisiyle say\u0131lar\u0131 art\u0131\u015f g\u00f6steren dernekler toplumun ihtiya\u00e7 ve hedeflerine yan\u0131t vermek amac\u0131yla kurulmu\u015ftur. Bu ba\u011flamda, \u00e2\u015f\u0131kl\u0131k gelene\u011finin korunmas\u0131 ve s\u00fcrd\u00fcr\u00fclmesi s\u00fcrecinde patronlar, tekkeler, kahvehaneler ve \u00e7e\u015fitli cemiyetlerin ard\u0131ndan, 20. y\u00fczy\u0131l\u0131n ikinci yar\u0131s\u0131ndan itibaren \u00e2\u015f\u0131k dernekleri, gelene\u011fin ya\u015fat\u0131lmas\u0131nda \u00f6nemli bir rol \u00fcstlenmi\u015ftir   Bu kitapta, \u00e2\u015f\u0131kl\u0131k gelene\u011finin kurumsal destek\u00e7isi yap\u0131lanmalarla beraber, g\u00fcn\u00fcm\u00fczde faaliyette olan \u00e2\u015f\u0131k\/ozan dernekleri ele al\u0131narak bu kurumlar\u0131n gelene\u011fin korunmas\u0131 ve gelecek nesillere aktar\u0131lmas\u0131ndaki etkisi de\u011ferlendirilmi\u015ftir. Ayr\u0131ca \u00e2\u015f\u0131kl\u0131k gelene\u011finin dernekler arac\u0131l\u0131\u011f\u0131yla \u00f6rg\u00fctlenme s\u00fcrecine \u00f6rnek te\u015fkil eden ve yerel d\u00fczeyde dernek etkinliklerinde rol alan Halk \u015eairi Giryan\u00ee, sanat\u0131 ve \u015fiirleri \u00fczerinden incelenmi\u015ftir. <\/p>\n","protected":false},"excerpt":{"rendered":"<p>\u00c2\u015f\u0131kl\u0131k gelene\u011fi k\u00f6klendi\u011fi, ortaya \u00e7\u0131kt\u0131\u011f\u0131 ve geli\u015fti\u011fi s\u00fcre\u00e7 boyunca sistem ve yap\u0131lanmalar taraf\u0131ndan korunmu\u015ftur. Han, hakan ve beylerin yan\u0131 s\u0131ra \u00e7e\u015fitli kurumlar taraf\u0131ndan g\u00f6r\u00fclen destek, gelene\u011fin<span class=\"excerpt-hellip\"> [\u2026]<\/span><\/p>\n","protected":false},"featured_media":0,"template":"","meta":{"_monsterinsights_skip_tracking":false,"_monsterinsights_sitenote_active":false,"_monsterinsights_sitenote_note":"","_monsterinsights_sitenote_category":0},"product_brand":[],"product_cat":[13072,12291],"product_tag":[],"class_list":{"0":"post-760514","1":"product","2":"type-product","3":"status-publish","5":"product_cat-arastirma-inceleme-referans","6":"product_cat-edebiyat","7":"pa_cilt-ciltsiz","8":"pa_tur-kitap","9":"pa_yayinevi-ihlamur-akademi","10":"pa_yazar-aysenur-ozdal","12":"first","13":"instock","14":"sale","15":"shipping-taxable","16":"purchasable","17":"product-type-simple"},"_links":{"self":[{"href":"https:\/\/roveyayinevi.com.tr\/index.php\/wp-json\/wp\/v2\/product\/760514","targetHints":{"allow":["GET"]}}],"collection":[{"href":"https:\/\/roveyayinevi.com.tr\/index.php\/wp-json\/wp\/v2\/product"}],"about":[{"href":"https:\/\/roveyayinevi.com.tr\/index.php\/wp-json\/wp\/v2\/types\/product"}],"wp:attachment":[{"href":"https:\/\/roveyayinevi.com.tr\/index.php\/wp-json\/wp\/v2\/media?parent=760514"}],"wp:term":[{"taxonomy":"product_brand","embeddable":true,"href":"https:\/\/roveyayinevi.com.tr\/index.php\/wp-json\/wp\/v2\/product_brand?post=760514"},{"taxonomy":"product_cat","embeddable":true,"href":"https:\/\/roveyayinevi.com.tr\/index.php\/wp-json\/wp\/v2\/product_cat?post=760514"},{"taxonomy":"product_tag","embeddable":true,"href":"https:\/\/roveyayinevi.com.tr\/index.php\/wp-json\/wp\/v2\/product_tag?post=760514"}],"curies":[{"name":"wp","href":"https:\/\/api.w.org\/{rel}","templated":true}]}}