{"id":760513,"date":"2025-08-28T09:08:08","date_gmt":"2025-08-28T06:08:08","guid":{"rendered":"https:\/\/roveyayinevi.com.tr\/index.php\/urun\/turk-edebiyatinin-kardeleni-halide-edip-adivarin-hikayeciligi\/"},"modified":"2026-04-16T03:13:27","modified_gmt":"2026-04-16T00:13:27","slug":"turk-edebiyatinin-kardeleni-halide-edip-adivarin-hikayeciligi","status":"publish","type":"product","link":"https:\/\/roveyayinevi.com.tr\/index.php\/urun\/turk-edebiyatinin-kardeleni-halide-edip-adivarin-hikayeciligi\/","title":{"rendered":"T\u00fcrk Edebiyat\u0131n\u0131n Kardeleni &#8211; Halide Edip Ad\u0131var&#8217;\u0131n Hikayecili\u011fi"},"content":{"rendered":"<p>\u0130mparatorluktan Cumhuriyet\u2019e ge\u00e7i\u015f y\u0131llar\u0131nda ya\u015fayan bir kad\u0131nla birlikte bir d\u00f6nemi, bir ya\u015fam\u0131, bir\u00e7ok zorlu\u011fuyla birlikte toplumdaki kad\u0131n sorunlar\u0131n\u0131 g\u00f6rmek. Bir kad\u0131n\u0131n ya\u015fad\u0131klar\u0131n\u0131 yazd\u0131klar\u0131ndan okumak, bir toplumun sava\u015flarla ge\u00e7en o en zor y\u0131llar\u0131n\u0131 hik\u00e2yelerde bulmak, k\u0131sac\u0131k tan\u0131\u015f\u0131kl\u0131klarla irkilmek, \u00fcz\u00fclmek\u2026 Yine kad\u0131nlar \u00fczerinden ac\u0131y\u0131, yoklu\u011fu, \u00e7aresizli\u011fi, namusu, anal\u0131\u011f\u0131, vatan ve bayrak sevgisini okumak, kimsesizli\u011fin i\u00e7inden \u00e7\u0131kan yeni bireyi ve yeni toplumu bulmak\u2026    Yaln\u0131zl\u0131\u011f\u0131n, \u00e7aresizli\u011fin, evinin i\u00e7inde kadere boyun e\u011fip \u00f6l\u00fcm\u00fc bekleyen, hastal\u0131kl\u0131 kad\u0131nlardan; a\u011fas\u0131, atas\u0131, \u00e7ocu\u011fu \u00e7olu\u011fu \u00f6ld\u00fcr\u00fclen, a\u00e7 kalan, a\u00e7\u0131kta kalan, \u0131rz\u0131na namusuna el uzat\u0131lan, yanan yak\u0131lan yok edilen evlerinde yeninden ye\u015feren, ye\u015ferten, \u00fcreten, var eden, sava\u015fan, y\u0131lmayan g\u00fc\u00e7l\u00fc T\u00fcrk kad\u0131nlar\u0131n\u0131n hik\u00e2yesine. Mill\u00ee edebiyat\u0131m\u0131z\u0131n \u00fcnl\u00fc kad\u0131n yazarlar\u0131ndan Halide Edip Ad\u0131var\u2019\u0131n romantik bir anlay\u0131\u015ftan realist bir \u00e7izgiye evrilen hik\u00e2yeleri ve hik\u00e2yecili\u011fi vas\u0131tas\u0131 ile hayat\u0131 herkes i\u00e7in me\u015fhur bir hik\u00e2ye olan yazar\u0131, kendi yazd\u0131\u011f\u0131 hik\u00e2yelerden okumak\u2026    T\u00fcrk Edebiyat\u0131n\u0131n Kardeleni Halide Edip Ad\u0131var\u2019\u0131n Hik\u00e2yecili\u011fi adl\u0131 bu \u00e7al\u0131\u015fmada, hayat\u0131n zorluklar\u0131na kar\u015f\u0131 pes etmeyen ruhu ile ya\u015fad\u0131\u011f\u0131 1882-1964 y\u0131llar\u0131 aras\u0131na pek \u00e7ok roman, d\u00f6rt hik\u00e2ye kitab\u0131, iki tiyatro eseri, pek \u00e7ok yaz\u0131, an\u0131, inceleme, \u00e7eviri s\u0131\u011fd\u0131ran; bu y\u00f6n\u00fc ile Me\u015frutiyet ile Cumhuriyet D\u00f6nemi T\u00fcrk edebiyat\u0131n\u0131n \u00f6nemli isimlerinden biri olan Halide Edip Ad\u0131var\u2019\u0131n Harap Mabetler, Da\u011fa \u00c7\u0131kan Kurt, \u0130zmir\u2019den Bursa\u2019ya ve Kubbede Kalan Ho\u015f Sada adl\u0131 hik\u00e2ye kitaplar\u0131nda yer alan hik\u00e2yeleri yap\u0131, tema, dil ve \u00fcsl\u00fbp bak\u0131m\u0131ndan de\u011ferlendirilmeye \u00e7al\u0131\u015f\u0131ld\u0131. \u015eu ana kadar bir b\u00fct\u00fcn olarak \u00fczerinde herhangi bir \u00e7al\u0131\u015fma yap\u0131lmam\u0131\u015f olan hik\u00e2ye kitaplar\u0131 incelendi. <\/p>\n","protected":false},"excerpt":{"rendered":"<p>\u0130mparatorluktan Cumhuriyet\u2019e ge\u00e7i\u015f y\u0131llar\u0131nda ya\u015fayan bir kad\u0131nla birlikte bir d\u00f6nemi, bir ya\u015fam\u0131, bir\u00e7ok zorlu\u011fuyla birlikte toplumdaki kad\u0131n sorunlar\u0131n\u0131 g\u00f6rmek. Bir kad\u0131n\u0131n ya\u015fad\u0131klar\u0131n\u0131 yazd\u0131klar\u0131ndan okumak, bir toplumun<span class=\"excerpt-hellip\"> [\u2026]<\/span><\/p>\n","protected":false},"featured_media":0,"template":"","meta":{"_monsterinsights_skip_tracking":false,"_monsterinsights_sitenote_active":false,"_monsterinsights_sitenote_note":"","_monsterinsights_sitenote_category":0},"product_brand":[],"product_cat":[13072,12291],"product_tag":[],"class_list":{"0":"post-760513","1":"product","2":"type-product","3":"status-publish","5":"product_cat-arastirma-inceleme-referans","6":"product_cat-edebiyat","7":"pa_cilt-ciltsiz","8":"pa_tur-kitap","9":"pa_yayinevi-ihlamur-akademi","10":"pa_yazar-gulderen-ozturker-ozdemir","12":"first","13":"instock","14":"sale","15":"shipping-taxable","16":"purchasable","17":"product-type-simple"},"_links":{"self":[{"href":"https:\/\/roveyayinevi.com.tr\/index.php\/wp-json\/wp\/v2\/product\/760513","targetHints":{"allow":["GET"]}}],"collection":[{"href":"https:\/\/roveyayinevi.com.tr\/index.php\/wp-json\/wp\/v2\/product"}],"about":[{"href":"https:\/\/roveyayinevi.com.tr\/index.php\/wp-json\/wp\/v2\/types\/product"}],"wp:attachment":[{"href":"https:\/\/roveyayinevi.com.tr\/index.php\/wp-json\/wp\/v2\/media?parent=760513"}],"wp:term":[{"taxonomy":"product_brand","embeddable":true,"href":"https:\/\/roveyayinevi.com.tr\/index.php\/wp-json\/wp\/v2\/product_brand?post=760513"},{"taxonomy":"product_cat","embeddable":true,"href":"https:\/\/roveyayinevi.com.tr\/index.php\/wp-json\/wp\/v2\/product_cat?post=760513"},{"taxonomy":"product_tag","embeddable":true,"href":"https:\/\/roveyayinevi.com.tr\/index.php\/wp-json\/wp\/v2\/product_tag?post=760513"}],"curies":[{"name":"wp","href":"https:\/\/api.w.org\/{rel}","templated":true}]}}